{"id":1771,"date":"2025-10-03T15:02:25","date_gmt":"2025-10-03T13:02:25","guid":{"rendered":"https:\/\/me-remo.com\/setor-publico\/"},"modified":"2025-11-24T15:09:18","modified_gmt":"2025-11-24T14:09:18","slug":"setor-publico","status":"publish","type":"page","link":"https:\/\/me-remo.com\/pt-pt\/setor-publico\/","title":{"rendered":"Setor P\u00fablico"},"content":{"rendered":"<section\n  id=\"block_d74e4c3ac41f030fab6764493aab3b69\"\n  class=\"alignwider c-page-header js-page-header wp-block-un-blocks-page-header\">\n  <div class=\"c-page-header__inner\">\n    <video class=\"c-page-header__video\" autoplay muted loop playsinline>\n      <source media=\"(min-width: 1024px)\" src=\"https:\/\/me-remo.com\/wp-content\/uploads\/2025\/10\/industries-public-hero.mp4\" type=\"video\/mp4\">\n      <source src=\"https:\/\/me-remo.com\/wp-content\/uploads\/2025\/10\/industries-public-hero.mp4\" type=\"video\/mp4\">\n    <\/video>\n    <div class=\"c-page-header__content\">\n              <p class=\"c-page-header__pretitle\">Setor P\u00fablico<\/p>\n            <h1 class=\"c-page-header__title\">Prepare a sua cidade para todas as viagens.<\/h1>\n              <a target=\"\" href=\"https:\/\/me-remo.com\/contact\/\" class=\"c-button\">\n          Contacte-nos        <\/a>\n          <\/div>\n  <\/div>\n<\/section>\n<section\n  id=\"block_a60c47250bf9feccc87b6d7e9bf4f89a\"\n  class=\"c-section-header alignwide js-section-header align-default wp-block-un-blocks-section-header\">\n  <header class=\"c-section-header__header\">\n    \n          <h2 class=\"c-section-header__title c-title-1\" data-reveal>A sua comunidade est\u00e1 a transitar para a mobilidade el\u00e9trica.<br>Podem carregar em qualquer lugar?<\/h2>\n    \n          <div class=\"c-section-header__text\" data-reveal><p>Bairros, espa\u00e7os p\u00fablicos e servi\u00e7os locais prosperam com acessibilidade, sustentabilidade e experi\u00eancia comunit\u00e1ria. Com o aumento da ado\u00e7\u00e3o de ve\u00edculos el\u00e9tricos, residentes e visitantes esperam poder carregar enquanto trabalham, realizam as suas tarefas di\u00e1rias ou simplesmente desfrutam da cidade. No entanto, muitos cidad\u00e3os ainda enfrentam dificuldades em encontrar pontos de carregamento p\u00fablico fi\u00e1veis.  <\/p>\n<\/div>\n      <\/header>\n\n  <\/section>\n<section\n  id=\"block_0d66968f1b1c086603a6302c84afb0d1\"\n  class=\"alignwide c-icons js-icons wp-block-un-blocks-icons\">\n      <div class=\"c-icons__item c-icons__item--default\" data-reveal data-reveal-delay=\"0.1s\">\n              <img loading=\"lazy\" decoding=\"async\" width=\"1024\" height=\"1024\" src=\"https:\/\/me-remo.com\/wp-content\/uploads\/2025\/09\/icon-filled-and-outlined-charging-point-2-1024x1024.png\" class=\"c-icons__item-image\" alt=\"\" srcset=\"https:\/\/me-remo.com\/wp-content\/uploads\/2025\/09\/icon-filled-and-outlined-charging-point-2-1024x1024.png 1024w, https:\/\/me-remo.com\/wp-content\/uploads\/2025\/09\/icon-filled-and-outlined-charging-point-2-300x300.png 300w, https:\/\/me-remo.com\/wp-content\/uploads\/2025\/09\/icon-filled-and-outlined-charging-point-2-150x150.png 150w, https:\/\/me-remo.com\/wp-content\/uploads\/2025\/09\/icon-filled-and-outlined-charging-point-2-768x768.png 768w, https:\/\/me-remo.com\/wp-content\/uploads\/2025\/09\/icon-filled-and-outlined-charging-point-2.png 1201w\" sizes=\"auto, (max-width: 1024px) 100vw, 1024px\" \/>                    <h3 class=\"c-icons__item-title\">\n                    Os cidad\u00e3os valorizam as entidades p\u00fablicas que facilitam a ado\u00e7\u00e3o de ve\u00edculos el\u00e9tricos.        <\/h3>\n                <\/div>\n      <div class=\"c-icons__item c-icons__item--default\" data-reveal data-reveal-delay=\"0.2s\">\n              <img loading=\"lazy\" decoding=\"async\" width=\"1024\" height=\"1024\" src=\"https:\/\/me-remo.com\/wp-content\/uploads\/2025\/09\/icon-filled-and-outlined-charger-installations-1024x1024.png\" class=\"c-icons__item-image\" alt=\"\" srcset=\"https:\/\/me-remo.com\/wp-content\/uploads\/2025\/09\/icon-filled-and-outlined-charger-installations-1024x1024.png 1024w, https:\/\/me-remo.com\/wp-content\/uploads\/2025\/09\/icon-filled-and-outlined-charger-installations-300x300.png 300w, https:\/\/me-remo.com\/wp-content\/uploads\/2025\/09\/icon-filled-and-outlined-charger-installations-150x150.png 150w, https:\/\/me-remo.com\/wp-content\/uploads\/2025\/09\/icon-filled-and-outlined-charger-installations-768x768.png 768w, https:\/\/me-remo.com\/wp-content\/uploads\/2025\/09\/icon-filled-and-outlined-charger-installations.png 1201w\" sizes=\"auto, (max-width: 1024px) 100vw, 1024px\" \/>                    <h3 class=\"c-icons__item-title\">\n                    A maioria das fam\u00edlias depende do carregamento p\u00fablico, e n\u00e3o do dom\u00e9stico.        <\/h3>\n                <\/div>\n      <div class=\"c-icons__item c-icons__item--default\" data-reveal data-reveal-delay=\"0.3s\">\n              <img loading=\"lazy\" decoding=\"async\" width=\"1024\" height=\"1024\" src=\"https:\/\/me-remo.com\/wp-content\/uploads\/2025\/09\/icon-filled-and-outlined-sustainability-1024x1024.png\" class=\"c-icons__item-image\" alt=\"\" srcset=\"https:\/\/me-remo.com\/wp-content\/uploads\/2025\/09\/icon-filled-and-outlined-sustainability-1024x1024.png 1024w, https:\/\/me-remo.com\/wp-content\/uploads\/2025\/09\/icon-filled-and-outlined-sustainability-300x300.png 300w, https:\/\/me-remo.com\/wp-content\/uploads\/2025\/09\/icon-filled-and-outlined-sustainability-150x150.png 150w, https:\/\/me-remo.com\/wp-content\/uploads\/2025\/09\/icon-filled-and-outlined-sustainability-768x768.png 768w, https:\/\/me-remo.com\/wp-content\/uploads\/2025\/09\/icon-filled-and-outlined-sustainability.png 1201w\" sizes=\"auto, (max-width: 1024px) 100vw, 1024px\" \/>                    <h3 class=\"c-icons__item-title\">\n                    O carregamento p\u00fablico acelera a redu\u00e7\u00e3o de emiss\u00f5es de carbono e apoia as economias locais.        <\/h3>\n                <\/div>\n  <\/section>\n<section\n  id=\"block_0878d59ebf654d3483e022f3672284b9\"\n  class=\"alignwide c-lines js-lines wp-block-un-blocks-lines\">\n  <div class=\"c-lines__wrapper\">\n    <section class=\"c-section-header js-section-header\">\n      <header class=\"c-section-header__header\">\n        \n                  <h2 class=\"c-section-header__title c-title-1\" data-reveal>A nossa solu\u00e7\u00e3o personalizada<\/h2>\n        \n              <\/header>\n\n          <\/section>\n\n    <div class=\"c-lines__container\">\n              <div class=\"c-lines__item js-lines-item\">\n          <h3 class=\"c-lines__item-title\">\n            Especialistas em Mobilidade          <\/h3>\n          <div class=\"c-lines__item-text\">\n            Orienta\u00e7\u00e3o especializada para integrar solu\u00e7\u00f5es de carregamento nos planos de mobilidade urbana e nos objetivos de sustentabilidade.          <\/div>\n        <\/div>\n              <div class=\"c-lines__item js-lines-item\">\n          <h3 class=\"c-lines__item-title\">\n            Pensado para as pessoas           <\/h3>\n          <div class=\"c-lines__item-text\">\n            Carregadores cuidadosamente integrados em espa\u00e7os p\u00fablicos e vias urbanas, garantindo acessibilidade, seguran\u00e7a e uma coexist\u00eancia com o ambiente urbano.          <\/div>\n        <\/div>\n              <div class=\"c-lines__item js-lines-item\">\n          <h3 class=\"c-lines__item-title\">\n            Carregamento r\u00e1pido, fi\u00e1vel e intuitivo          <\/h3>\n          <div class=\"c-lines__item-text\">\n            Esta\u00e7\u00f5es de carregamento f\u00e1ceis de usar, concebidas para o uso di\u00e1rio de cidad\u00e3os e visitantes.          <\/div>\n        <\/div>\n              <div class=\"c-lines__item js-lines-item\">\n          <h3 class=\"c-lines__item-title\">\n            Totalmente gerido pela REMO          <\/h3>\n          <div class=\"c-lines__item-text\">\n            Sem preocupa\u00e7\u00f5es t\u00e9cnicas. Tratamos de tudo: licen\u00e7as, melhorias energ\u00e9ticas, apoio ao cliente e manuten\u00e7\u00e3o preventiva.           <\/div>\n        <\/div>\n          <\/div>\n  <\/div>\n<\/section>\n<section\n  id=\"block_171f21c00a3410f1b9e7ce47b59e2b87\"\n  class=\"c-section-header alignwide js-section-header align-default wp-block-un-blocks-section-header\">\n  <header class=\"c-section-header__header\">\n    \n          <h2 class=\"c-section-header__title c-title-1\" data-reveal>Transforme o carregamento num impulsionador de comunidades sustent\u00e1veis<\/h2>\n    \n      <\/header>\n\n  <\/section>\n<section\n  id=\"block_2651eb89e0833b3ac3c4b2ef9721a566\"\n  class=\"alignwide c-icons-grid js-icons-grid wp-block-un-blocks-icons-grid\">\n      <div class=\"c-icons-grid__item\" data-reveal data-reveal-delay=\"0.1s\">\n      <svg xmlns=\"http:\/\/www.w3.org\/2000\/svg\" width=\"32\" height=\"32\" viewBox=\"0 0 32 32\" fill=\"none\" class=\"c-icons-grid__item-icon\">\n<circle cx=\"16.6667\" cy=\"16.6667\" r=\"8.66667\" fill=\"#023139\"\/>\n<path d=\"M14.1333 22.1332L23.5333 12.7332L21.6666 10.8665L14.1333 18.3998L10.3333 14.5998L8.46663 16.4665L14.1333 22.1332ZM16 29.3332C14.1555 29.3332 12.4222 28.9832 10.8 28.2832C9.17774 27.5832 7.76663 26.6332 6.56663 25.4332C5.36663 24.2332 4.41663 22.8221 3.71663 21.1998C3.01663 19.5776 2.66663 17.8443 2.66663 15.9998C2.66663 14.1554 3.01663 12.4221 3.71663 10.7998C4.41663 9.17761 5.36663 7.7665 6.56663 6.5665C7.76663 5.3665 9.17774 4.4165 10.8 3.7165C12.4222 3.0165 14.1555 2.6665 16 2.6665C17.8444 2.6665 19.5777 3.0165 21.2 3.7165C22.8222 4.4165 24.2333 5.3665 25.4333 6.5665C26.6333 7.7665 27.5833 9.17761 28.2833 10.7998C28.9833 12.4221 29.3333 14.1554 29.3333 15.9998C29.3333 17.8443 28.9833 19.5776 28.2833 21.1998C27.5833 22.8221 26.6333 24.2332 25.4333 25.4332C24.2333 26.6332 22.8222 27.5832 21.2 28.2832C19.5777 28.9832 17.8444 29.3332 16 29.3332Z\" fill=\"#ECFD5D\"\/>\n<\/svg>              <h3 class=\"c-icons-grid__item-title\">\n          Apoie cidad\u00e3os e visitantes        <\/h3>\n                    <p class=\"c-icons-grid__item-text\">Disponibilize carregamento acess\u00edvel onde as pessoas vivem, trabalham e visitam, reduzindo a ansiedade de autonomia e refor\u00e7ando a confian\u00e7a nos servi\u00e7os p\u00fablicos.<\/p>\n          <\/div>\n      <div class=\"c-icons-grid__item\" data-reveal data-reveal-delay=\"0.2s\">\n      <svg xmlns=\"http:\/\/www.w3.org\/2000\/svg\" width=\"32\" height=\"32\" viewBox=\"0 0 32 32\" fill=\"none\" class=\"c-icons-grid__item-icon\">\n<circle cx=\"16.6667\" cy=\"16.6667\" r=\"8.66667\" fill=\"#023139\"\/>\n<path d=\"M14.1333 22.1332L23.5333 12.7332L21.6666 10.8665L14.1333 18.3998L10.3333 14.5998L8.46663 16.4665L14.1333 22.1332ZM16 29.3332C14.1555 29.3332 12.4222 28.9832 10.8 28.2832C9.17774 27.5832 7.76663 26.6332 6.56663 25.4332C5.36663 24.2332 4.41663 22.8221 3.71663 21.1998C3.01663 19.5776 2.66663 17.8443 2.66663 15.9998C2.66663 14.1554 3.01663 12.4221 3.71663 10.7998C4.41663 9.17761 5.36663 7.7665 6.56663 6.5665C7.76663 5.3665 9.17774 4.4165 10.8 3.7165C12.4222 3.0165 14.1555 2.6665 16 2.6665C17.8444 2.6665 19.5777 3.0165 21.2 3.7165C22.8222 4.4165 24.2333 5.3665 25.4333 6.5665C26.6333 7.7665 27.5833 9.17761 28.2833 10.7998C28.9833 12.4221 29.3333 14.1554 29.3333 15.9998C29.3333 17.8443 28.9833 19.5776 28.2833 21.1998C27.5833 22.8221 26.6333 24.2332 25.4333 25.4332C24.2333 26.6332 22.8222 27.5832 21.2 28.2832C19.5777 28.9832 17.8444 29.3332 16 29.3332Z\" fill=\"#ECFD5D\"\/>\n<\/svg>              <h3 class=\"c-icons-grid__item-title\">\n          Acelere os objetivos de sustentabilidade        <\/h3>\n                    <p class=\"c-icons-grid__item-text\">As redes de carregamento p\u00fablico s\u00e3o essenciais para atingir as metas clim\u00e1ticas municipais e os compromissos nacionais de redu\u00e7\u00e3o de carbono.<\/p>\n          <\/div>\n      <div class=\"c-icons-grid__item\" data-reveal data-reveal-delay=\"0.3s\">\n      <svg xmlns=\"http:\/\/www.w3.org\/2000\/svg\" width=\"32\" height=\"32\" viewBox=\"0 0 32 32\" fill=\"none\" class=\"c-icons-grid__item-icon\">\n<circle cx=\"16.6667\" cy=\"16.6667\" r=\"8.66667\" fill=\"#023139\"\/>\n<path d=\"M14.1333 22.1332L23.5333 12.7332L21.6666 10.8665L14.1333 18.3998L10.3333 14.5998L8.46663 16.4665L14.1333 22.1332ZM16 29.3332C14.1555 29.3332 12.4222 28.9832 10.8 28.2832C9.17774 27.5832 7.76663 26.6332 6.56663 25.4332C5.36663 24.2332 4.41663 22.8221 3.71663 21.1998C3.01663 19.5776 2.66663 17.8443 2.66663 15.9998C2.66663 14.1554 3.01663 12.4221 3.71663 10.7998C4.41663 9.17761 5.36663 7.7665 6.56663 6.5665C7.76663 5.3665 9.17774 4.4165 10.8 3.7165C12.4222 3.0165 14.1555 2.6665 16 2.6665C17.8444 2.6665 19.5777 3.0165 21.2 3.7165C22.8222 4.4165 24.2333 5.3665 25.4333 6.5665C26.6333 7.7665 27.5833 9.17761 28.2833 10.7998C28.9833 12.4221 29.3333 14.1554 29.3333 15.9998C29.3333 17.8443 28.9833 19.5776 28.2833 21.1998C27.5833 22.8221 26.6333 24.2332 25.4333 25.4332C24.2333 26.6332 22.8222 27.5832 21.2 28.2832C19.5777 28.9832 17.8444 29.3332 16 29.3332Z\" fill=\"#ECFD5D\"\/>\n<\/svg>              <h3 class=\"c-icons-grid__item-title\">\n          Fortale\u00e7a as economias locais        <\/h3>\n                    <p class=\"c-icons-grid__item-text\">Os postos de carregamento atraem visitantes, aumentam o tempo de perman\u00eancia e criam novas oportunidades para o crescimento dos neg\u00f3cios locais.<\/p>\n          <\/div>\n      <div class=\"c-icons-grid__item\" data-reveal data-reveal-delay=\"0.4s\">\n      <svg xmlns=\"http:\/\/www.w3.org\/2000\/svg\" width=\"32\" height=\"32\" viewBox=\"0 0 32 32\" fill=\"none\" class=\"c-icons-grid__item-icon\">\n<circle cx=\"16.6667\" cy=\"16.6667\" r=\"8.66667\" fill=\"#023139\"\/>\n<path d=\"M14.1333 22.1332L23.5333 12.7332L21.6666 10.8665L14.1333 18.3998L10.3333 14.5998L8.46663 16.4665L14.1333 22.1332ZM16 29.3332C14.1555 29.3332 12.4222 28.9832 10.8 28.2832C9.17774 27.5832 7.76663 26.6332 6.56663 25.4332C5.36663 24.2332 4.41663 22.8221 3.71663 21.1998C3.01663 19.5776 2.66663 17.8443 2.66663 15.9998C2.66663 14.1554 3.01663 12.4221 3.71663 10.7998C4.41663 9.17761 5.36663 7.7665 6.56663 6.5665C7.76663 5.3665 9.17774 4.4165 10.8 3.7165C12.4222 3.0165 14.1555 2.6665 16 2.6665C17.8444 2.6665 19.5777 3.0165 21.2 3.7165C22.8222 4.4165 24.2333 5.3665 25.4333 6.5665C26.6333 7.7665 27.5833 9.17761 28.2833 10.7998C28.9833 12.4221 29.3333 14.1554 29.3333 15.9998C29.3333 17.8443 28.9833 19.5776 28.2833 21.1998C27.5833 22.8221 26.6333 24.2332 25.4333 25.4332C24.2333 26.6332 22.8222 27.5832 21.2 28.2832C19.5777 28.9832 17.8444 29.3332 16 29.3332Z\" fill=\"#ECFD5D\"\/>\n<\/svg>              <h3 class=\"c-icons-grid__item-title\">\n          Posicione a sua cidade como refer\u00eancia        <\/h3>\n                    <p class=\"c-icons-grid__item-text\">Posicione a sua cidade como inovadora e preparada para o futuro, que considera as necessidades de todas as gera\u00e7\u00f5es.<\/p>\n          <\/div>\n  <\/section>\n<section\n  id=\"block_45232c1a75e1311c4cb90be7b853edc8\"\n  class=\"c-section-header alignwide js-section-header align-default wp-block-un-blocks-section-header\">\n  <header class=\"c-section-header__header\">\n    \n          <h2 class=\"c-section-header__title c-title-1\" data-reveal>Casos reais<\/h2>\n    \n      <\/header>\n\n  <\/section>\n\n<div class=\"wp-block-columns is-layout-flex wp-container-core-columns-is-layout-9d6595d7 wp-block-columns-is-layout-flex\">\n<div class=\"wp-block-column is-layout-flow wp-block-column-is-layout-flow\" style=\"flex-basis:100%\"><\/div>\n<\/div>\n<section\n  id=\"block_f62fa4dbb94c6170a5c5be93945c75b5\"\n  class=\"alignfull c-carousel js-carousel wp-block-un-blocks-carousel\">\n  <div class=\"swiper-wrapper\">\n          <div class=\"swiper-slide c-carousel__slide\">\n        <img loading=\"lazy\" decoding=\"async\" width=\"768\" height=\"482\" src=\"https:\/\/me-remo.com\/wp-content\/uploads\/2025\/10\/industries-public-hospital-ribera-768x482.webp\" class=\"c-carousel__slide-image\" alt=\"\" srcset=\"https:\/\/me-remo.com\/wp-content\/uploads\/2025\/10\/industries-public-hospital-ribera-768x482.webp 768w, https:\/\/me-remo.com\/wp-content\/uploads\/2025\/10\/industries-public-hospital-ribera-300x188.webp 300w, https:\/\/me-remo.com\/wp-content\/uploads\/2025\/10\/industries-public-hospital-ribera-1024x642.webp 1024w, https:\/\/me-remo.com\/wp-content\/uploads\/2025\/10\/industries-public-hospital-ribera-1536x963.webp 1536w, https:\/\/me-remo.com\/wp-content\/uploads\/2025\/10\/industries-public-hospital-ribera.webp 1660w\" sizes=\"auto, (max-width: 768px) 100vw, 768px\" \/>                  <h2 class=\"c-carousel__slide-title\">Hospital Ribera Covadonga<\/h2>\n                      <\/div>\n          <div class=\"swiper-slide c-carousel__slide\">\n        <img loading=\"lazy\" decoding=\"async\" width=\"768\" height=\"482\" src=\"https:\/\/me-remo.com\/wp-content\/uploads\/2025\/10\/industries-public-melgaco-2-4-768x482.webp\" class=\"c-carousel__slide-image\" alt=\"\" srcset=\"https:\/\/me-remo.com\/wp-content\/uploads\/2025\/10\/industries-public-melgaco-2-4-768x482.webp 768w, https:\/\/me-remo.com\/wp-content\/uploads\/2025\/10\/industries-public-melgaco-2-4-300x188.webp 300w, https:\/\/me-remo.com\/wp-content\/uploads\/2025\/10\/industries-public-melgaco-2-4-1024x642.webp 1024w, https:\/\/me-remo.com\/wp-content\/uploads\/2025\/10\/industries-public-melgaco-2-4-1536x963.webp 1536w, https:\/\/me-remo.com\/wp-content\/uploads\/2025\/10\/industries-public-melgaco-2-4.webp 1660w\" sizes=\"auto, (max-width: 768px) 100vw, 768px\" \/>                  <h2 class=\"c-carousel__slide-title\">Mun\u00edcipio de Melga\u00e7o<\/h2>\n                      <\/div>\n      <\/div>\n  <button class=\"swiper-button-prev c-carousel__button c-carousel__button--prev\"><svg xmlns=\"http:\/\/www.w3.org\/2000\/svg\" width=\"31\" height=\"54\" viewBox=\"0 0 31 54\" fill=\"none\" class=\"\">\n  <path d=\"M27.8463 2.89638L4.23931 26.5027L28.8406 51.104\" stroke=\"#023139\" stroke-width=\"6\"\/>\n<\/svg><\/button>\n  <button class=\"swiper-button-next c-carousel__button c-carousel__button--next\"><svg xmlns=\"http:\/\/www.w3.org\/2000\/svg\" width=\"31\" height=\"54\" viewBox=\"0 0 31 54\" fill=\"none\" class=\"\">\n  <path d=\"M3.15324 51.1036L26.7602 27.4973L2.15887 2.896\" stroke=\"#023139\" stroke-width=\"6\"\/>\n<\/svg><\/button>\n<\/section>\n\n<p><\/p>\n","protected":false},"excerpt":{"rendered":"","protected":false},"author":2,"featured_media":0,"parent":0,"menu_order":0,"comment_status":"closed","ping_status":"closed","template":"","meta":{"_acf_changed":false,"footnotes":""},"class_list":["post-1771","page","type-page","status-publish","hentry"],"acf":[],"yoast_head":"<!-- This site is optimized with the Yoast SEO plugin v25.4 - https:\/\/yoast.com\/wordpress\/plugins\/seo\/ -->\n<title>Setor P\u00fablico - REMO Mobility<\/title>\n<meta name=\"robots\" content=\"index, follow, max-snippet:-1, max-image-preview:large, max-video-preview:-1\" \/>\n<link rel=\"canonical\" href=\"https:\/\/me-remo.com\/pt-pt\/setor-publico\/\" \/>\n<meta property=\"og:locale\" content=\"pt_PT\" \/>\n<meta property=\"og:type\" content=\"article\" \/>\n<meta property=\"og:title\" content=\"Setor P\u00fablico - REMO Mobility\" \/>\n<meta property=\"og:url\" content=\"https:\/\/me-remo.com\/pt-pt\/setor-publico\/\" \/>\n<meta property=\"og:site_name\" content=\"REMO Mobility\" \/>\n<meta property=\"article:modified_time\" content=\"2025-11-24T14:09:18+00:00\" \/>\n<meta name=\"twitter:card\" content=\"summary_large_image\" \/>\n<script type=\"application\/ld+json\" class=\"yoast-schema-graph\">{\"@context\":\"https:\/\/schema.org\",\"@graph\":[{\"@type\":\"WebPage\",\"@id\":\"https:\/\/me-remo.com\/pt-pt\/setor-publico\/\",\"url\":\"https:\/\/me-remo.com\/pt-pt\/setor-publico\/\",\"name\":\"Setor P\u00fablico - REMO Mobility\",\"isPartOf\":{\"@id\":\"https:\/\/me-remo.com\/pt-pt\/#website\"},\"datePublished\":\"2025-10-03T13:02:25+00:00\",\"dateModified\":\"2025-11-24T14:09:18+00:00\",\"breadcrumb\":{\"@id\":\"https:\/\/me-remo.com\/pt-pt\/setor-publico\/#breadcrumb\"},\"inLanguage\":\"pt-PT\",\"potentialAction\":[{\"@type\":\"ReadAction\",\"target\":[\"https:\/\/me-remo.com\/pt-pt\/setor-publico\/\"]}]},{\"@type\":\"BreadcrumbList\",\"@id\":\"https:\/\/me-remo.com\/pt-pt\/setor-publico\/#breadcrumb\",\"itemListElement\":[{\"@type\":\"ListItem\",\"position\":1,\"name\":\"Home\",\"item\":\"https:\/\/me-remo.com\/pt-pt\/\"},{\"@type\":\"ListItem\",\"position\":2,\"name\":\"Setor P\u00fablico\"}]},{\"@type\":\"WebSite\",\"@id\":\"https:\/\/me-remo.com\/pt-pt\/#website\",\"url\":\"https:\/\/me-remo.com\/pt-pt\/\",\"name\":\"REMO Mobility\",\"description\":\"Charging solutions for electric vehicles\",\"publisher\":{\"@id\":\"https:\/\/me-remo.com\/pt-pt\/#organization\"},\"potentialAction\":[{\"@type\":\"SearchAction\",\"target\":{\"@type\":\"EntryPoint\",\"urlTemplate\":\"https:\/\/me-remo.com\/pt-pt\/?s={search_term_string}\"},\"query-input\":{\"@type\":\"PropertyValueSpecification\",\"valueRequired\":true,\"valueName\":\"search_term_string\"}}],\"inLanguage\":\"pt-PT\"},{\"@type\":\"Organization\",\"@id\":\"https:\/\/me-remo.com\/pt-pt\/#organization\",\"name\":\"REMO Mobility\",\"url\":\"https:\/\/me-remo.com\/pt-pt\/\",\"logo\":{\"@type\":\"ImageObject\",\"inLanguage\":\"pt-PT\",\"@id\":\"https:\/\/me-remo.com\/pt-pt\/#\/schema\/logo\/image\/\",\"url\":\"http:\/\/me-remo.com\/wp-content\/uploads\/2025\/07\/REMO-Logo-Endorse-Smaller-Sizes-RGB-Yellow-scaled.png\",\"contentUrl\":\"http:\/\/me-remo.com\/wp-content\/uploads\/2025\/07\/REMO-Logo-Endorse-Smaller-Sizes-RGB-Yellow-scaled.png\",\"width\":2560,\"height\":912,\"caption\":\"REMO Mobility\"},\"image\":{\"@id\":\"https:\/\/me-remo.com\/pt-pt\/#\/schema\/logo\/image\/\"}}]}<\/script>\n<!-- \/ Yoast SEO plugin. -->","yoast_head_json":{"title":"Setor P\u00fablico - REMO Mobility","robots":{"index":"index","follow":"follow","max-snippet":"max-snippet:-1","max-image-preview":"max-image-preview:large","max-video-preview":"max-video-preview:-1"},"canonical":"https:\/\/me-remo.com\/pt-pt\/setor-publico\/","og_locale":"pt_PT","og_type":"article","og_title":"Setor P\u00fablico - REMO Mobility","og_url":"https:\/\/me-remo.com\/pt-pt\/setor-publico\/","og_site_name":"REMO Mobility","article_modified_time":"2025-11-24T14:09:18+00:00","twitter_card":"summary_large_image","schema":{"@context":"https:\/\/schema.org","@graph":[{"@type":"WebPage","@id":"https:\/\/me-remo.com\/pt-pt\/setor-publico\/","url":"https:\/\/me-remo.com\/pt-pt\/setor-publico\/","name":"Setor P\u00fablico - REMO Mobility","isPartOf":{"@id":"https:\/\/me-remo.com\/pt-pt\/#website"},"datePublished":"2025-10-03T13:02:25+00:00","dateModified":"2025-11-24T14:09:18+00:00","breadcrumb":{"@id":"https:\/\/me-remo.com\/pt-pt\/setor-publico\/#breadcrumb"},"inLanguage":"pt-PT","potentialAction":[{"@type":"ReadAction","target":["https:\/\/me-remo.com\/pt-pt\/setor-publico\/"]}]},{"@type":"BreadcrumbList","@id":"https:\/\/me-remo.com\/pt-pt\/setor-publico\/#breadcrumb","itemListElement":[{"@type":"ListItem","position":1,"name":"Home","item":"https:\/\/me-remo.com\/pt-pt\/"},{"@type":"ListItem","position":2,"name":"Setor P\u00fablico"}]},{"@type":"WebSite","@id":"https:\/\/me-remo.com\/pt-pt\/#website","url":"https:\/\/me-remo.com\/pt-pt\/","name":"REMO Mobility","description":"Charging solutions for electric vehicles","publisher":{"@id":"https:\/\/me-remo.com\/pt-pt\/#organization"},"potentialAction":[{"@type":"SearchAction","target":{"@type":"EntryPoint","urlTemplate":"https:\/\/me-remo.com\/pt-pt\/?s={search_term_string}"},"query-input":{"@type":"PropertyValueSpecification","valueRequired":true,"valueName":"search_term_string"}}],"inLanguage":"pt-PT"},{"@type":"Organization","@id":"https:\/\/me-remo.com\/pt-pt\/#organization","name":"REMO Mobility","url":"https:\/\/me-remo.com\/pt-pt\/","logo":{"@type":"ImageObject","inLanguage":"pt-PT","@id":"https:\/\/me-remo.com\/pt-pt\/#\/schema\/logo\/image\/","url":"http:\/\/me-remo.com\/wp-content\/uploads\/2025\/07\/REMO-Logo-Endorse-Smaller-Sizes-RGB-Yellow-scaled.png","contentUrl":"http:\/\/me-remo.com\/wp-content\/uploads\/2025\/07\/REMO-Logo-Endorse-Smaller-Sizes-RGB-Yellow-scaled.png","width":2560,"height":912,"caption":"REMO Mobility"},"image":{"@id":"https:\/\/me-remo.com\/pt-pt\/#\/schema\/logo\/image\/"}}]}},"_links":{"self":[{"href":"https:\/\/me-remo.com\/pt-pt\/wp-json\/wp\/v2\/pages\/1771","targetHints":{"allow":["GET"]}}],"collection":[{"href":"https:\/\/me-remo.com\/pt-pt\/wp-json\/wp\/v2\/pages"}],"about":[{"href":"https:\/\/me-remo.com\/pt-pt\/wp-json\/wp\/v2\/types\/page"}],"author":[{"embeddable":true,"href":"https:\/\/me-remo.com\/pt-pt\/wp-json\/wp\/v2\/users\/2"}],"replies":[{"embeddable":true,"href":"https:\/\/me-remo.com\/pt-pt\/wp-json\/wp\/v2\/comments?post=1771"}],"version-history":[{"count":1,"href":"https:\/\/me-remo.com\/pt-pt\/wp-json\/wp\/v2\/pages\/1771\/revisions"}],"predecessor-version":[{"id":1772,"href":"https:\/\/me-remo.com\/pt-pt\/wp-json\/wp\/v2\/pages\/1771\/revisions\/1772"}],"wp:attachment":[{"href":"https:\/\/me-remo.com\/pt-pt\/wp-json\/wp\/v2\/media?parent=1771"}],"curies":[{"name":"wp","href":"https:\/\/api.w.org\/{rel}","templated":true}]}}