{"id":1769,"date":"2025-10-03T15:01:53","date_gmt":"2025-10-03T13:01:53","guid":{"rendered":"https:\/\/me-remo.com\/hubs\/"},"modified":"2025-11-24T13:32:48","modified_gmt":"2025-11-24T12:32:48","slug":"hubs","status":"publish","type":"page","link":"https:\/\/me-remo.com\/pt-pt\/hubs\/","title":{"rendered":"Hubs"},"content":{"rendered":"<section\n  id=\"block_a036e5ad5e667e91b07944d1918d4aaf\"\n  class=\"alignwider c-page-header js-page-header wp-block-un-blocks-page-header\">\n  <div class=\"c-page-header__inner\">\n    <video class=\"c-page-header__video\" autoplay muted loop playsinline>\n      <source media=\"(min-width: 1024px)\" src=\"https:\/\/me-remo.com\/wp-content\/uploads\/2025\/10\/industries-hubs-hero.mp4\" type=\"video\/mp4\">\n      <source src=\"https:\/\/me-remo.com\/wp-content\/uploads\/2025\/10\/industries-hubs-hero.mp4\" type=\"video\/mp4\">\n    <\/video>\n    <div class=\"c-page-header__content\">\n              <p class=\"c-page-header__pretitle\">HUBS<\/p>\n            <h1 class=\"c-page-header__title\">De espa\u00e7o vazio a rendimento extra<\/h1>\n              <a target=\"\" href=\"https:\/\/me-remo.com\/contact\/\" class=\"c-button\">\n          Contacte-nos        <\/a>\n          <\/div>\n  <\/div>\n<\/section>\n<section\n  id=\"block_713d8fa5342d0656d1db58748179adcc\"\n  class=\"c-section-header alignwide js-section-header align-default wp-block-un-blocks-section-header\">\n  <header class=\"c-section-header__header\">\n    \n          <h2 class=\"c-section-header__title c-title-1\" data-reveal>Terreno vazio pode impulsionar o futuro da mobilidade.<br>O seu espa\u00e7o est\u00e1 pronto para a transi\u00e7\u00e3o?<\/h2>\n    \n          <div class=\"c-section-header__text\" data-reveal><p>Terrenos vazios e parques de estacionamento pouco usados podem tornar-se hubs de carregamento r\u00e1pido de ve\u00edculos el\u00e9tricos, servindo quem se desloca diariamente, ligando cidades e permitindo viagens de longa dist\u00e2ncia. Os condutores procuram carregamento ultrarr\u00e1pido, fi\u00e1vel e sempre dispon\u00edvel mas muitas regi\u00f5es ainda n\u00e3o satisfazem estas necessidades. <\/p>\n<\/div>\n      <\/header>\n\n  <\/section>\n<section\n  id=\"block_ea01d137d33b78b6e82af83838199833\"\n  class=\"alignwide c-icons js-icons wp-block-un-blocks-icons\">\n      <div class=\"c-icons__item c-icons__item--default\" data-reveal data-reveal-delay=\"0.1s\">\n              <img loading=\"lazy\" decoding=\"async\" width=\"1024\" height=\"1024\" src=\"https:\/\/me-remo.com\/wp-content\/uploads\/2025\/09\/icon-filled-and-outlined-built-1024x1024.png\" class=\"c-icons__item-image\" alt=\"\" srcset=\"https:\/\/me-remo.com\/wp-content\/uploads\/2025\/09\/icon-filled-and-outlined-built-1024x1024.png 1024w, https:\/\/me-remo.com\/wp-content\/uploads\/2025\/09\/icon-filled-and-outlined-built-300x300.png 300w, https:\/\/me-remo.com\/wp-content\/uploads\/2025\/09\/icon-filled-and-outlined-built-150x150.png 150w, https:\/\/me-remo.com\/wp-content\/uploads\/2025\/09\/icon-filled-and-outlined-built-768x768.png 768w, https:\/\/me-remo.com\/wp-content\/uploads\/2025\/09\/icon-filled-and-outlined-built.png 1201w\" sizes=\"auto, (max-width: 1024px) 100vw, 1024px\" \/>                    <h3 class=\"c-icons__item-title\">\n                    Transforme terreno inutilizado em lucro.<br><br><br>        <\/h3>\n                    <p class=\"c-icons__item-text\">Hubs de carregamento de ve\u00edculos el\u00e9tricos desbloqueiam novas fontes de receita e valor financeiro a longo prazo.<\/p>\n          <\/div>\n      <div class=\"c-icons__item c-icons__item--default\" data-reveal data-reveal-delay=\"0.2s\">\n              <img loading=\"lazy\" decoding=\"async\" width=\"1024\" height=\"1024\" src=\"https:\/\/me-remo.com\/wp-content\/uploads\/2025\/09\/icon-filled-and-outlined-tailored--1024x1024.png\" class=\"c-icons__item-image\" alt=\"\" srcset=\"https:\/\/me-remo.com\/wp-content\/uploads\/2025\/09\/icon-filled-and-outlined-tailored--1024x1024.png 1024w, https:\/\/me-remo.com\/wp-content\/uploads\/2025\/09\/icon-filled-and-outlined-tailored--300x300.png 300w, https:\/\/me-remo.com\/wp-content\/uploads\/2025\/09\/icon-filled-and-outlined-tailored--150x150.png 150w, https:\/\/me-remo.com\/wp-content\/uploads\/2025\/09\/icon-filled-and-outlined-tailored--768x768.png 768w, https:\/\/me-remo.com\/wp-content\/uploads\/2025\/09\/icon-filled-and-outlined-tailored-.png 1201w\" sizes=\"auto, (max-width: 1024px) 100vw, 1024px\" \/>                    <h3 class=\"c-icons__item-title\">\n                    Satisfazer as necessidades dos condutores de ve\u00edculos el\u00e9tricos.         <\/h3>\n                    <p class=\"c-icons__item-text\">Os utilizadores de ve\u00edculos el\u00e9tricos procuram locais acess\u00edveis, com v\u00e1rios carregadores r\u00e1pidos ou ultrarr\u00e1pidos, que reduzam os tempos de espera, facilitem a log\u00edstica di\u00e1ria e proporcionem a melhor experi\u00eancia de utiliza\u00e7\u00e3o.<\/p>\n          <\/div>\n      <div class=\"c-icons__item c-icons__item--default\" data-reveal data-reveal-delay=\"0.3s\">\n              <img loading=\"lazy\" decoding=\"async\" width=\"1024\" height=\"1024\" src=\"https:\/\/me-remo.com\/wp-content\/uploads\/2025\/09\/icon-filled-and-outlined-stress-free-1024x1024.png\" class=\"c-icons__item-image\" alt=\"\" srcset=\"https:\/\/me-remo.com\/wp-content\/uploads\/2025\/09\/icon-filled-and-outlined-stress-free-1024x1024.png 1024w, https:\/\/me-remo.com\/wp-content\/uploads\/2025\/09\/icon-filled-and-outlined-stress-free-300x300.png 300w, https:\/\/me-remo.com\/wp-content\/uploads\/2025\/09\/icon-filled-and-outlined-stress-free-150x150.png 150w, https:\/\/me-remo.com\/wp-content\/uploads\/2025\/09\/icon-filled-and-outlined-stress-free-768x768.png 768w, https:\/\/me-remo.com\/wp-content\/uploads\/2025\/09\/icon-filled-and-outlined-stress-free.png 1201w\" sizes=\"auto, (max-width: 1024px) 100vw, 1024px\" \/>                    <h3 class=\"c-icons__item-title\">\n                    Prepare o seu terreno para o futuro.        <\/h3>\n                    <p class=\"c-icons__item-text\">Com a mobilidade a passar para solu\u00e7\u00f5es el\u00e9tricas, instalar um hub hoje garante que o seu im\u00f3vel se mant\u00e9m valioso nos pr\u00f3ximos anos.<\/p>\n          <\/div>\n  <\/section>\n<section\n  id=\"block_ef03ebba9170d712a1caaafd2f119359\"\n  class=\"alignwide c-lines js-lines wp-block-un-blocks-lines\">\n  <div class=\"c-lines__wrapper\">\n    <section class=\"c-section-header js-section-header\">\n      <header class=\"c-section-header__header\">\n        \n                  <h2 class=\"c-section-header__title c-title-1\" data-reveal>Desenvolvimento de hubs de A a Z pela REMO<\/h2>\n        \n              <\/header>\n\n          <\/section>\n\n    <div class=\"c-lines__container\">\n              <div class=\"c-lines__item js-lines-item\">\n          <h3 class=\"c-lines__item-title\">\n            Custo inicial zero          <\/h3>\n          <div class=\"c-lines__item-text\">\n            Hospedar um hub garante receita recorrente:<br>Investimos na instala\u00e7\u00e3o, novas liga\u00e7\u00f5es \u00e0 rede, melhorias energ\u00e9ticas e opera\u00e7\u00e3o.<br>Fornece o terreno n\u00f3s tratamos de todo o resto.           <\/div>\n        <\/div>\n              <div class=\"c-lines__item js-lines-item\">\n          <h3 class=\"c-lines__item-title\">\n            Aumente o valor do seu im\u00f3vel.          <\/h3>\n          <div class=\"c-lines__item-text\">\n            Desde pequenos parques de estacionamento a grandes terrenos \u00e0 beira da estrada, adaptamos os hubs para maximizar o potencial do seu terreno sem causar transtornos.          <\/div>\n        <\/div>\n              <div class=\"c-lines__item js-lines-item\">\n          <h3 class=\"c-lines__item-title\">\n            Carregamento r\u00e1pido de alta capacidade e novas oportunidades          <\/h3>\n          <div class=\"c-lines__item-text\">\n            V\u00e1rios carregadores ultrarr\u00e1pidos atraem mais condutores, garantindo maior utiliza\u00e7\u00e3o e retornos mais elevados.          <\/div>\n        <\/div>\n          <\/div>\n  <\/div>\n<\/section>\n<section\n  id=\"block_d6fdd14f246f4474ce8d79960eaaec08\"\n  class=\"c-section-header alignwide js-section-header align-default wp-block-un-blocks-section-header\">\n  <header class=\"c-section-header__header\">\n    \n          <h2 class=\"c-section-header__title c-title-1\" data-reveal>Porque os hubs de carregamento criam valor duradouro.<\/h2>\n    \n      <\/header>\n\n  <\/section>\n<section\n  id=\"block_7d9bf1264452bfb4c7fc475b9790f0b1\"\n  class=\"alignwide c-icons-grid js-icons-grid wp-block-un-blocks-icons-grid\">\n      <div class=\"c-icons-grid__item\" data-reveal data-reveal-delay=\"0.1s\">\n      <svg xmlns=\"http:\/\/www.w3.org\/2000\/svg\" width=\"32\" height=\"32\" viewBox=\"0 0 32 32\" fill=\"none\" class=\"c-icons-grid__item-icon\">\n<circle cx=\"16.6667\" cy=\"16.6667\" r=\"8.66667\" fill=\"#023139\"\/>\n<path d=\"M14.1333 22.1332L23.5333 12.7332L21.6666 10.8665L14.1333 18.3998L10.3333 14.5998L8.46663 16.4665L14.1333 22.1332ZM16 29.3332C14.1555 29.3332 12.4222 28.9832 10.8 28.2832C9.17774 27.5832 7.76663 26.6332 6.56663 25.4332C5.36663 24.2332 4.41663 22.8221 3.71663 21.1998C3.01663 19.5776 2.66663 17.8443 2.66663 15.9998C2.66663 14.1554 3.01663 12.4221 3.71663 10.7998C4.41663 9.17761 5.36663 7.7665 6.56663 6.5665C7.76663 5.3665 9.17774 4.4165 10.8 3.7165C12.4222 3.0165 14.1555 2.6665 16 2.6665C17.8444 2.6665 19.5777 3.0165 21.2 3.7165C22.8222 4.4165 24.2333 5.3665 25.4333 6.5665C26.6333 7.7665 27.5833 9.17761 28.2833 10.7998C28.9833 12.4221 29.3333 14.1554 29.3333 15.9998C29.3333 17.8443 28.9833 19.5776 28.2833 21.1998C27.5833 22.8221 26.6333 24.2332 25.4333 25.4332C24.2333 26.6332 22.8222 27.5832 21.2 28.2832C19.5777 28.9832 17.8444 29.3332 16 29.3332Z\" fill=\"#ECFD5D\"\/>\n<\/svg>              <h3 class=\"c-icons-grid__item-title\">\n          Garanta rendimento a longo prazo com potencial de crescimento.         <\/h3>\n                    <p class=\"c-icons-grid__item-text\">Hospedar um hub transforma o seu im\u00f3vel numa fonte de receita consistente e segura.<\/p>\n          <\/div>\n      <div class=\"c-icons-grid__item\" data-reveal data-reveal-delay=\"0.2s\">\n      <svg xmlns=\"http:\/\/www.w3.org\/2000\/svg\" width=\"32\" height=\"32\" viewBox=\"0 0 32 32\" fill=\"none\" class=\"c-icons-grid__item-icon\">\n<circle cx=\"16.6667\" cy=\"16.6667\" r=\"8.66667\" fill=\"#023139\"\/>\n<path d=\"M14.1333 22.1332L23.5333 12.7332L21.6666 10.8665L14.1333 18.3998L10.3333 14.5998L8.46663 16.4665L14.1333 22.1332ZM16 29.3332C14.1555 29.3332 12.4222 28.9832 10.8 28.2832C9.17774 27.5832 7.76663 26.6332 6.56663 25.4332C5.36663 24.2332 4.41663 22.8221 3.71663 21.1998C3.01663 19.5776 2.66663 17.8443 2.66663 15.9998C2.66663 14.1554 3.01663 12.4221 3.71663 10.7998C4.41663 9.17761 5.36663 7.7665 6.56663 6.5665C7.76663 5.3665 9.17774 4.4165 10.8 3.7165C12.4222 3.0165 14.1555 2.6665 16 2.6665C17.8444 2.6665 19.5777 3.0165 21.2 3.7165C22.8222 4.4165 24.2333 5.3665 25.4333 6.5665C26.6333 7.7665 27.5833 9.17761 28.2833 10.7998C28.9833 12.4221 29.3333 14.1554 29.3333 15.9998C29.3333 17.8443 28.9833 19.5776 28.2833 21.1998C27.5833 22.8221 26.6333 24.2332 25.4333 25.4332C24.2333 26.6332 22.8222 27.5832 21.2 28.2832C19.5777 28.9832 17.8444 29.3332 16 29.3332Z\" fill=\"#ECFD5D\"\/>\n<\/svg>              <h3 class=\"c-icons-grid__item-title\">\n          Aumente o valor do seu im\u00f3vel.        <\/h3>\n                    <p class=\"c-icons-grid__item-text\">Um hub de carregamento aumenta a atratividade do seu im\u00f3vel para desenvolvimento futuro ou venda.<\/p>\n          <\/div>\n      <div class=\"c-icons-grid__item\" data-reveal data-reveal-delay=\"0.3s\">\n      <svg xmlns=\"http:\/\/www.w3.org\/2000\/svg\" width=\"32\" height=\"32\" viewBox=\"0 0 32 32\" fill=\"none\" class=\"c-icons-grid__item-icon\">\n<circle cx=\"16.6667\" cy=\"16.6667\" r=\"8.66667\" fill=\"#023139\"\/>\n<path d=\"M14.1333 22.1332L23.5333 12.7332L21.6666 10.8665L14.1333 18.3998L10.3333 14.5998L8.46663 16.4665L14.1333 22.1332ZM16 29.3332C14.1555 29.3332 12.4222 28.9832 10.8 28.2832C9.17774 27.5832 7.76663 26.6332 6.56663 25.4332C5.36663 24.2332 4.41663 22.8221 3.71663 21.1998C3.01663 19.5776 2.66663 17.8443 2.66663 15.9998C2.66663 14.1554 3.01663 12.4221 3.71663 10.7998C4.41663 9.17761 5.36663 7.7665 6.56663 6.5665C7.76663 5.3665 9.17774 4.4165 10.8 3.7165C12.4222 3.0165 14.1555 2.6665 16 2.6665C17.8444 2.6665 19.5777 3.0165 21.2 3.7165C22.8222 4.4165 24.2333 5.3665 25.4333 6.5665C26.6333 7.7665 27.5833 9.17761 28.2833 10.7998C28.9833 12.4221 29.3333 14.1554 29.3333 15.9998C29.3333 17.8443 28.9833 19.5776 28.2833 21.1998C27.5833 22.8221 26.6333 24.2332 25.4333 25.4332C24.2333 26.6332 22.8222 27.5832 21.2 28.2832C19.5777 28.9832 17.8444 29.3332 16 29.3332Z\" fill=\"#ECFD5D\"\/>\n<\/svg>              <h3 class=\"c-icons-grid__item-title\">\n          Fa\u00e7a parte da transi\u00e7\u00e3o para a mobilidade el\u00e9trica.        <\/h3>\n                    <p class=\"c-icons-grid__item-text\">Ao apostar em infraestrutura sustent\u00e1vel, posiciona-se como um propriet\u00e1rio vision\u00e1rio, que contribui ativamente para a mobilidade limpa e para um mundo melhor.<\/p>\n          <\/div>\n      <div class=\"c-icons-grid__item\" data-reveal data-reveal-delay=\"0.4s\">\n      <svg xmlns=\"http:\/\/www.w3.org\/2000\/svg\" width=\"32\" height=\"32\" viewBox=\"0 0 32 32\" fill=\"none\" class=\"c-icons-grid__item-icon\">\n<circle cx=\"16.6667\" cy=\"16.6667\" r=\"8.66667\" fill=\"#023139\"\/>\n<path d=\"M14.1333 22.1332L23.5333 12.7332L21.6666 10.8665L14.1333 18.3998L10.3333 14.5998L8.46663 16.4665L14.1333 22.1332ZM16 29.3332C14.1555 29.3332 12.4222 28.9832 10.8 28.2832C9.17774 27.5832 7.76663 26.6332 6.56663 25.4332C5.36663 24.2332 4.41663 22.8221 3.71663 21.1998C3.01663 19.5776 2.66663 17.8443 2.66663 15.9998C2.66663 14.1554 3.01663 12.4221 3.71663 10.7998C4.41663 9.17761 5.36663 7.7665 6.56663 6.5665C7.76663 5.3665 9.17774 4.4165 10.8 3.7165C12.4222 3.0165 14.1555 2.6665 16 2.6665C17.8444 2.6665 19.5777 3.0165 21.2 3.7165C22.8222 4.4165 24.2333 5.3665 25.4333 6.5665C26.6333 7.7665 27.5833 9.17761 28.2833 10.7998C28.9833 12.4221 29.3333 14.1554 29.3333 15.9998C29.3333 17.8443 28.9833 19.5776 28.2833 21.1998C27.5833 22.8221 26.6333 24.2332 25.4333 25.4332C24.2333 26.6332 22.8222 27.5832 21.2 28.2832C19.5777 28.9832 17.8444 29.3332 16 29.3332Z\" fill=\"#ECFD5D\"\/>\n<\/svg>              <h3 class=\"c-icons-grid__item-title\">\n          Potencial para vendas adicionais        <\/h3>\n                    <p class=\"c-icons-grid__item-text\">Maior aflu\u00eancia gera procura por novos servi\u00e7os, desde retalho e restaura\u00e7\u00e3o at\u00e9 log\u00edstica, potenciando o valor do seu im\u00f3vel.<\/p>\n          <\/div>\n  <\/section>\n<section\n  id=\"block_e263c6bb04560a2d9e7e06aaf5ad034c\"\n  class=\"c-section-header alignwide js-section-header align-default wp-block-un-blocks-section-header\">\n  <header class=\"c-section-header__header\">\n    \n          <h2 class=\"c-section-header__title c-title-1\" data-reveal>Casos reais<\/h2>\n    \n      <\/header>\n\n  <\/section>\n<section\n  id=\"block_cc80839cc60bce259c07a76a7f3bef20\"\n  class=\"alignfull c-carousel js-carousel wp-block-un-blocks-carousel\">\n  <div class=\"swiper-wrapper\">\n          <div class=\"swiper-slide c-carousel__slide\">\n        <img loading=\"lazy\" decoding=\"async\" width=\"768\" height=\"482\" src=\"https:\/\/me-remo.com\/wp-content\/uploads\/2025\/10\/industries-hubs-we-are-building-2-768x482.webp\" class=\"c-carousel__slide-image\" alt=\"\" srcset=\"https:\/\/me-remo.com\/wp-content\/uploads\/2025\/10\/industries-hubs-we-are-building-2-768x482.webp 768w, https:\/\/me-remo.com\/wp-content\/uploads\/2025\/10\/industries-hubs-we-are-building-2-300x188.webp 300w, https:\/\/me-remo.com\/wp-content\/uploads\/2025\/10\/industries-hubs-we-are-building-2-1024x642.webp 1024w, https:\/\/me-remo.com\/wp-content\/uploads\/2025\/10\/industries-hubs-we-are-building-2-1536x963.webp 1536w, https:\/\/me-remo.com\/wp-content\/uploads\/2025\/10\/industries-hubs-we-are-building-2.webp 1660w\" sizes=\"auto, (max-width: 768px) 100vw, 768px\" \/>                  <h2 class=\"c-carousel__slide-title\">Estamos a construir o nosso primeiro hub<\/h2>\n                      <\/div>\n      <\/div>\n  <button class=\"swiper-button-prev c-carousel__button c-carousel__button--prev\"><svg xmlns=\"http:\/\/www.w3.org\/2000\/svg\" width=\"31\" height=\"54\" viewBox=\"0 0 31 54\" fill=\"none\" class=\"\">\n  <path d=\"M27.8463 2.89638L4.23931 26.5027L28.8406 51.104\" stroke=\"#023139\" stroke-width=\"6\"\/>\n<\/svg><\/button>\n  <button class=\"swiper-button-next c-carousel__button c-carousel__button--next\"><svg xmlns=\"http:\/\/www.w3.org\/2000\/svg\" width=\"31\" height=\"54\" viewBox=\"0 0 31 54\" fill=\"none\" class=\"\">\n  <path d=\"M3.15324 51.1036L26.7602 27.4973L2.15887 2.896\" stroke=\"#023139\" stroke-width=\"6\"\/>\n<\/svg><\/button>\n<\/section>\n\n<p><\/p>\n","protected":false},"excerpt":{"rendered":"","protected":false},"author":2,"featured_media":0,"parent":0,"menu_order":0,"comment_status":"closed","ping_status":"closed","template":"","meta":{"_acf_changed":false,"footnotes":""},"class_list":["post-1769","page","type-page","status-publish","hentry"],"acf":[],"yoast_head":"<!-- This site is optimized with the Yoast SEO plugin v25.4 - https:\/\/yoast.com\/wordpress\/plugins\/seo\/ -->\n<title>Hubs - REMO Mobility<\/title>\n<meta name=\"robots\" content=\"index, follow, max-snippet:-1, max-image-preview:large, max-video-preview:-1\" \/>\n<link rel=\"canonical\" href=\"https:\/\/me-remo.com\/pt-pt\/hubs\/\" \/>\n<meta property=\"og:locale\" content=\"pt_PT\" \/>\n<meta property=\"og:type\" content=\"article\" \/>\n<meta property=\"og:title\" content=\"Hubs - REMO Mobility\" \/>\n<meta property=\"og:url\" content=\"https:\/\/me-remo.com\/pt-pt\/hubs\/\" \/>\n<meta property=\"og:site_name\" content=\"REMO Mobility\" \/>\n<meta property=\"article:modified_time\" content=\"2025-11-24T12:32:48+00:00\" \/>\n<meta name=\"twitter:card\" content=\"summary_large_image\" \/>\n<script type=\"application\/ld+json\" class=\"yoast-schema-graph\">{\"@context\":\"https:\/\/schema.org\",\"@graph\":[{\"@type\":\"WebPage\",\"@id\":\"https:\/\/me-remo.com\/pt-pt\/hubs\/\",\"url\":\"https:\/\/me-remo.com\/pt-pt\/hubs\/\",\"name\":\"Hubs - REMO Mobility\",\"isPartOf\":{\"@id\":\"https:\/\/me-remo.com\/pt-pt\/#website\"},\"datePublished\":\"2025-10-03T13:01:53+00:00\",\"dateModified\":\"2025-11-24T12:32:48+00:00\",\"breadcrumb\":{\"@id\":\"https:\/\/me-remo.com\/pt-pt\/hubs\/#breadcrumb\"},\"inLanguage\":\"pt-PT\",\"potentialAction\":[{\"@type\":\"ReadAction\",\"target\":[\"https:\/\/me-remo.com\/pt-pt\/hubs\/\"]}]},{\"@type\":\"BreadcrumbList\",\"@id\":\"https:\/\/me-remo.com\/pt-pt\/hubs\/#breadcrumb\",\"itemListElement\":[{\"@type\":\"ListItem\",\"position\":1,\"name\":\"Home\",\"item\":\"https:\/\/me-remo.com\/pt-pt\/\"},{\"@type\":\"ListItem\",\"position\":2,\"name\":\"Hubs\"}]},{\"@type\":\"WebSite\",\"@id\":\"https:\/\/me-remo.com\/pt-pt\/#website\",\"url\":\"https:\/\/me-remo.com\/pt-pt\/\",\"name\":\"REMO Mobility\",\"description\":\"Charging solutions for electric vehicles\",\"publisher\":{\"@id\":\"https:\/\/me-remo.com\/pt-pt\/#organization\"},\"potentialAction\":[{\"@type\":\"SearchAction\",\"target\":{\"@type\":\"EntryPoint\",\"urlTemplate\":\"https:\/\/me-remo.com\/pt-pt\/?s={search_term_string}\"},\"query-input\":{\"@type\":\"PropertyValueSpecification\",\"valueRequired\":true,\"valueName\":\"search_term_string\"}}],\"inLanguage\":\"pt-PT\"},{\"@type\":\"Organization\",\"@id\":\"https:\/\/me-remo.com\/pt-pt\/#organization\",\"name\":\"REMO Mobility\",\"url\":\"https:\/\/me-remo.com\/pt-pt\/\",\"logo\":{\"@type\":\"ImageObject\",\"inLanguage\":\"pt-PT\",\"@id\":\"https:\/\/me-remo.com\/pt-pt\/#\/schema\/logo\/image\/\",\"url\":\"http:\/\/me-remo.com\/wp-content\/uploads\/2025\/07\/REMO-Logo-Endorse-Smaller-Sizes-RGB-Yellow-scaled.png\",\"contentUrl\":\"http:\/\/me-remo.com\/wp-content\/uploads\/2025\/07\/REMO-Logo-Endorse-Smaller-Sizes-RGB-Yellow-scaled.png\",\"width\":2560,\"height\":912,\"caption\":\"REMO Mobility\"},\"image\":{\"@id\":\"https:\/\/me-remo.com\/pt-pt\/#\/schema\/logo\/image\/\"}}]}<\/script>\n<!-- \/ Yoast SEO plugin. -->","yoast_head_json":{"title":"Hubs - REMO Mobility","robots":{"index":"index","follow":"follow","max-snippet":"max-snippet:-1","max-image-preview":"max-image-preview:large","max-video-preview":"max-video-preview:-1"},"canonical":"https:\/\/me-remo.com\/pt-pt\/hubs\/","og_locale":"pt_PT","og_type":"article","og_title":"Hubs - REMO Mobility","og_url":"https:\/\/me-remo.com\/pt-pt\/hubs\/","og_site_name":"REMO Mobility","article_modified_time":"2025-11-24T12:32:48+00:00","twitter_card":"summary_large_image","schema":{"@context":"https:\/\/schema.org","@graph":[{"@type":"WebPage","@id":"https:\/\/me-remo.com\/pt-pt\/hubs\/","url":"https:\/\/me-remo.com\/pt-pt\/hubs\/","name":"Hubs - REMO Mobility","isPartOf":{"@id":"https:\/\/me-remo.com\/pt-pt\/#website"},"datePublished":"2025-10-03T13:01:53+00:00","dateModified":"2025-11-24T12:32:48+00:00","breadcrumb":{"@id":"https:\/\/me-remo.com\/pt-pt\/hubs\/#breadcrumb"},"inLanguage":"pt-PT","potentialAction":[{"@type":"ReadAction","target":["https:\/\/me-remo.com\/pt-pt\/hubs\/"]}]},{"@type":"BreadcrumbList","@id":"https:\/\/me-remo.com\/pt-pt\/hubs\/#breadcrumb","itemListElement":[{"@type":"ListItem","position":1,"name":"Home","item":"https:\/\/me-remo.com\/pt-pt\/"},{"@type":"ListItem","position":2,"name":"Hubs"}]},{"@type":"WebSite","@id":"https:\/\/me-remo.com\/pt-pt\/#website","url":"https:\/\/me-remo.com\/pt-pt\/","name":"REMO Mobility","description":"Charging solutions for electric vehicles","publisher":{"@id":"https:\/\/me-remo.com\/pt-pt\/#organization"},"potentialAction":[{"@type":"SearchAction","target":{"@type":"EntryPoint","urlTemplate":"https:\/\/me-remo.com\/pt-pt\/?s={search_term_string}"},"query-input":{"@type":"PropertyValueSpecification","valueRequired":true,"valueName":"search_term_string"}}],"inLanguage":"pt-PT"},{"@type":"Organization","@id":"https:\/\/me-remo.com\/pt-pt\/#organization","name":"REMO Mobility","url":"https:\/\/me-remo.com\/pt-pt\/","logo":{"@type":"ImageObject","inLanguage":"pt-PT","@id":"https:\/\/me-remo.com\/pt-pt\/#\/schema\/logo\/image\/","url":"http:\/\/me-remo.com\/wp-content\/uploads\/2025\/07\/REMO-Logo-Endorse-Smaller-Sizes-RGB-Yellow-scaled.png","contentUrl":"http:\/\/me-remo.com\/wp-content\/uploads\/2025\/07\/REMO-Logo-Endorse-Smaller-Sizes-RGB-Yellow-scaled.png","width":2560,"height":912,"caption":"REMO Mobility"},"image":{"@id":"https:\/\/me-remo.com\/pt-pt\/#\/schema\/logo\/image\/"}}]}},"_links":{"self":[{"href":"https:\/\/me-remo.com\/pt-pt\/wp-json\/wp\/v2\/pages\/1769","targetHints":{"allow":["GET"]}}],"collection":[{"href":"https:\/\/me-remo.com\/pt-pt\/wp-json\/wp\/v2\/pages"}],"about":[{"href":"https:\/\/me-remo.com\/pt-pt\/wp-json\/wp\/v2\/types\/page"}],"author":[{"embeddable":true,"href":"https:\/\/me-remo.com\/pt-pt\/wp-json\/wp\/v2\/users\/2"}],"replies":[{"embeddable":true,"href":"https:\/\/me-remo.com\/pt-pt\/wp-json\/wp\/v2\/comments?post=1769"}],"version-history":[{"count":1,"href":"https:\/\/me-remo.com\/pt-pt\/wp-json\/wp\/v2\/pages\/1769\/revisions"}],"predecessor-version":[{"id":1770,"href":"https:\/\/me-remo.com\/pt-pt\/wp-json\/wp\/v2\/pages\/1769\/revisions\/1770"}],"wp:attachment":[{"href":"https:\/\/me-remo.com\/pt-pt\/wp-json\/wp\/v2\/media?parent=1769"}],"curies":[{"name":"wp","href":"https:\/\/api.w.org\/{rel}","templated":true}]}}