{"id":1763,"date":"2025-10-03T14:59:20","date_gmt":"2025-10-03T12:59:20","guid":{"rendered":"https:\/\/me-remo.com\/convenience\/"},"modified":"2025-11-24T15:46:32","modified_gmt":"2025-11-24T14:46:32","slug":"convenience","status":"publish","type":"page","link":"https:\/\/me-remo.com\/pt-pt\/convenience\/","title":{"rendered":"Convenience"},"content":{"rendered":"<section\n  id=\"block_9e606be5925eed588cd9b5305abfefce\"\n  class=\"alignwider c-page-header js-page-header wp-block-un-blocks-page-header\">\n  <div class=\"c-page-header__inner\">\n    <video class=\"c-page-header__video\" autoplay muted loop playsinline>\n      <source media=\"(min-width: 1024px)\" src=\"https:\/\/me-remo.com\/wp-content\/uploads\/2025\/10\/industries-convenience-hero.mp4\" type=\"video\/mp4\">\n      <source src=\"https:\/\/me-remo.com\/wp-content\/uploads\/2025\/10\/industries-convenience-hero.mp4\" type=\"video\/mp4\">\n    <\/video>\n    <div class=\"c-page-header__content\">\n              <p class=\"c-page-header__pretitle\">COMODIDADE<\/p>\n            <h1 class=\"c-page-header__title\">Carregamento para os seus h\u00f3spedes. Receita para o seu neg\u00f3cio. <\/h1>\n              <a target=\"\" href=\"https:\/\/me-remo.com\/contact\/\" class=\"c-button\">\n          Contacte-nos        <\/a>\n          <\/div>\n  <\/div>\n<\/section>\n<section\n  id=\"block_720861392e0b85d119a0df939ca9254b\"\n  class=\"c-section-header alignwide js-section-header align-default wp-block-un-blocks-section-header\">\n  <header class=\"c-section-header__header\">\n    \n          <h2 class=\"c-section-header__title c-title-1\" data-reveal>Os seus clientes conduzem ve\u00edculos el\u00e9tricos. Podem carregar na sua rede? <\/h2>\n    \n          <div class=\"c-section-header__text\" data-reveal><p>O carregamento de ve\u00edculos el\u00e9tricos para com\u00e9rcio, restaurantes e hot\u00e9is deixou de ser opcional, \u00e9 essencial.<br \/>Os clientes esperam poder carregar enquanto fazem compras, jantam ou ficam hospedados.<br \/>No entanto, muitas empresas hesitam devido a limita\u00e7\u00f5es de estacionamento, elevados custos iniciais e falta de experi\u00eancia.  <\/p>\n<\/div>\n      <\/header>\n\n  <\/section>\n<section\n  id=\"block_1c3b0bb60a7e5e7a18a88566fbd2a1ec\"\n  class=\"alignwide c-icons js-icons wp-block-un-blocks-icons\">\n      <div class=\"c-icons__item c-icons__item--default\" data-reveal data-reveal-delay=\"0.1s\">\n              <img loading=\"lazy\" decoding=\"async\" width=\"260\" height=\"260\" src=\"https:\/\/me-remo.com\/wp-content\/uploads\/2025\/10\/icon-filled-and-outlined-wait-1.webp\" class=\"c-icons__item-image\" alt=\"\" srcset=\"https:\/\/me-remo.com\/wp-content\/uploads\/2025\/10\/icon-filled-and-outlined-wait-1.webp 260w, https:\/\/me-remo.com\/wp-content\/uploads\/2025\/10\/icon-filled-and-outlined-wait-1-150x150.webp 150w\" sizes=\"auto, (max-width: 260px) 100vw, 260px\" \/>                    <h3 class=\"c-icons__item-title\">\n                    Os clientes que utilizam ve\u00edculos el\u00e9tricos tendem a permanecer mais tempo no local e a gastar mais.        <\/h3>\n                <\/div>\n      <div class=\"c-icons__item c-icons__item--default\" data-reveal data-reveal-delay=\"0.2s\">\n              <img loading=\"lazy\" decoding=\"async\" width=\"260\" height=\"260\" src=\"https:\/\/me-remo.com\/wp-content\/uploads\/2025\/10\/icon-filled-and-outlined-plug-1-1.webp\" class=\"c-icons__item-image\" alt=\"\" srcset=\"https:\/\/me-remo.com\/wp-content\/uploads\/2025\/10\/icon-filled-and-outlined-plug-1-1.webp 260w, https:\/\/me-remo.com\/wp-content\/uploads\/2025\/10\/icon-filled-and-outlined-plug-1-1-150x150.webp 150w\" sizes=\"auto, (max-width: 260px) 100vw, 260px\" \/>                    <h3 class=\"c-icons__item-title\">\n                    A maioria dos restaurantes, hot\u00e9is e estabelecimentos comerciais n\u00e3o disp\u00f5em de solu\u00e7\u00f5es de carregamento.        <\/h3>\n                <\/div>\n      <div class=\"c-icons__item c-icons__item--default\" data-reveal data-reveal-delay=\"0.3s\">\n              <img loading=\"lazy\" decoding=\"async\" width=\"260\" height=\"260\" src=\"https:\/\/me-remo.com\/wp-content\/uploads\/2025\/10\/icon-filled-and-outlined-billing-1.webp\" class=\"c-icons__item-image\" alt=\"\" srcset=\"https:\/\/me-remo.com\/wp-content\/uploads\/2025\/10\/icon-filled-and-outlined-billing-1.webp 260w, https:\/\/me-remo.com\/wp-content\/uploads\/2025\/10\/icon-filled-and-outlined-billing-1-150x150.webp 150w\" sizes=\"auto, (max-width: 260px) 100vw, 260px\" \/>                    <h3 class=\"c-icons__item-title\">\n                    Muitas empresas hesitam devido aos elevados custos de investimento e manuten\u00e7\u00e3o, \u00e0s regulamenta\u00e7\u00f5es de mobilidade e \u00e0 complexidade operacional.        <\/h3>\n                <\/div>\n  <\/section>\n<section\n  id=\"block_8e391a4bb9ea1525c73739a6f2f29fa2\"\n  class=\"alignwide c-lines js-lines wp-block-un-blocks-lines\">\n  <div class=\"c-lines__wrapper\">\n    <section class=\"c-section-header js-section-header\">\n      <header class=\"c-section-header__header\">\n        \n                  <h2 class=\"c-section-header__title c-title-1\" data-reveal>As nossas solu\u00e7\u00f5es de carregamento tudo-em-um, adaptadas ao seu neg\u00f3cio.<\/h2>\n        \n              <\/header>\n\n          <\/section>\n\n    <div class=\"c-lines__container\">\n              <div class=\"c-lines__item js-lines-item\">\n          <h3 class=\"c-lines__item-title\">\n            Zero investimento, zero complica\u00e7\u00f5es.          <\/h3>\n          <div class=\"c-lines__item-text\">\n            Instala\u00e7\u00e3o, opera\u00e7\u00e3o e manuten\u00e7\u00e3o sem qualquer custo, comece a gerar receita.          <\/div>\n        <\/div>\n              <div class=\"c-lines__item js-lines-item\">\n          <h3 class=\"c-lines__item-title\">\n            Concebido para espa\u00e7os limitados.          <\/h3>\n          <div class=\"c-lines__item-text\">\n            Carregadores que se adaptam ao seu parque de estacionamento, mantendo a fluidez e a harmonia do espa\u00e7o.          <\/div>\n        <\/div>\n              <div class=\"c-lines__item js-lines-item\">\n          <h3 class=\"c-lines__item-title\">\n            Carregamento r\u00e1pido e orientado para o cliente.          <\/h3>\n          <div class=\"c-lines__item-text\">\n            Carregadores r\u00e1pidos, ajustados \u00e0 infraestrutura do seu espa\u00e7o, para oferecer aos seus clientes a melhor experi\u00eancia de carregamento.          <\/div>\n        <\/div>\n              <div class=\"c-lines__item js-lines-item\">\n          <h3 class=\"c-lines__item-title\">\n            Totalmente gerido pela REMO.          <\/h3>\n          <div class=\"c-lines__item-text\">\n            Sem preocupa\u00e7\u00f5es t\u00e9cnicas. N\u00f3s gerimos tudo: licen\u00e7as, upgrades de energia, atendimento ao cliente e manuten\u00e7\u00e3o preventiva.           <\/div>\n        <\/div>\n          <\/div>\n  <\/div>\n<\/section>\n<section\n  id=\"block_816df2bfcda7c0fe570f01ae3c3852a4\"\n  class=\"c-section-header alignwide js-section-header align-default wp-block-un-blocks-section-header\">\n  <header class=\"c-section-header__header\">\n    \n          <h2 class=\"c-section-header__title c-title-1\" data-reveal>Fa\u00e7a do carregamento uma vantagem para o seu neg\u00f3cio.<\/h2>\n    \n          <div class=\"c-section-header__text\" data-reveal><p>Ao disponibilizar pontos de carregamento, o seu neg\u00f3cio vai al\u00e9m da sustentabilidade e gera impacto real na comunidade.<\/p>\n<\/div>\n      <\/header>\n\n  <\/section>\n<section\n  id=\"block_a7a0e96314ebdbe8efdef5def1e6ad4b\"\n  class=\"alignwide c-icons-grid js-icons-grid wp-block-un-blocks-icons-grid\">\n      <div class=\"c-icons-grid__item\" data-reveal data-reveal-delay=\"0.1s\">\n      <svg xmlns=\"http:\/\/www.w3.org\/2000\/svg\" width=\"32\" height=\"32\" viewBox=\"0 0 32 32\" fill=\"none\" class=\"c-icons-grid__item-icon\">\n<circle cx=\"16.6667\" cy=\"16.6667\" r=\"8.66667\" fill=\"#023139\"\/>\n<path d=\"M14.1333 22.1332L23.5333 12.7332L21.6666 10.8665L14.1333 18.3998L10.3333 14.5998L8.46663 16.4665L14.1333 22.1332ZM16 29.3332C14.1555 29.3332 12.4222 28.9832 10.8 28.2832C9.17774 27.5832 7.76663 26.6332 6.56663 25.4332C5.36663 24.2332 4.41663 22.8221 3.71663 21.1998C3.01663 19.5776 2.66663 17.8443 2.66663 15.9998C2.66663 14.1554 3.01663 12.4221 3.71663 10.7998C4.41663 9.17761 5.36663 7.7665 6.56663 6.5665C7.76663 5.3665 9.17774 4.4165 10.8 3.7165C12.4222 3.0165 14.1555 2.6665 16 2.6665C17.8444 2.6665 19.5777 3.0165 21.2 3.7165C22.8222 4.4165 24.2333 5.3665 25.4333 6.5665C26.6333 7.7665 27.5833 9.17761 28.2833 10.7998C28.9833 12.4221 29.3333 14.1554 29.3333 15.9998C29.3333 17.8443 28.9833 19.5776 28.2833 21.1998C27.5833 22.8221 26.6333 24.2332 25.4333 25.4332C24.2333 26.6332 22.8222 27.5832 21.2 28.2832C19.5777 28.9832 17.8444 29.3332 16 29.3332Z\" fill=\"#ECFD5D\"\/>\n<\/svg>              <h3 class=\"c-icons-grid__item-title\">\n          Atraia novos clientes.        <\/h3>\n                    <p class=\"c-icons-grid__item-text\">Os utilizadores de ve\u00edculos el\u00e9tricos procuram postos de carregamento, transformando o seu estabelecimento numa paragem estrat\u00e9gica.<\/p>\n          <\/div>\n      <div class=\"c-icons-grid__item\" data-reveal data-reveal-delay=\"0.2s\">\n      <svg xmlns=\"http:\/\/www.w3.org\/2000\/svg\" width=\"32\" height=\"32\" viewBox=\"0 0 32 32\" fill=\"none\" class=\"c-icons-grid__item-icon\">\n<circle cx=\"16.6667\" cy=\"16.6667\" r=\"8.66667\" fill=\"#023139\"\/>\n<path d=\"M14.1333 22.1332L23.5333 12.7332L21.6666 10.8665L14.1333 18.3998L10.3333 14.5998L8.46663 16.4665L14.1333 22.1332ZM16 29.3332C14.1555 29.3332 12.4222 28.9832 10.8 28.2832C9.17774 27.5832 7.76663 26.6332 6.56663 25.4332C5.36663 24.2332 4.41663 22.8221 3.71663 21.1998C3.01663 19.5776 2.66663 17.8443 2.66663 15.9998C2.66663 14.1554 3.01663 12.4221 3.71663 10.7998C4.41663 9.17761 5.36663 7.7665 6.56663 6.5665C7.76663 5.3665 9.17774 4.4165 10.8 3.7165C12.4222 3.0165 14.1555 2.6665 16 2.6665C17.8444 2.6665 19.5777 3.0165 21.2 3.7165C22.8222 4.4165 24.2333 5.3665 25.4333 6.5665C26.6333 7.7665 27.5833 9.17761 28.2833 10.7998C28.9833 12.4221 29.3333 14.1554 29.3333 15.9998C29.3333 17.8443 28.9833 19.5776 28.2833 21.1998C27.5833 22.8221 26.6333 24.2332 25.4333 25.4332C24.2333 26.6332 22.8222 27.5832 21.2 28.2832C19.5777 28.9832 17.8444 29.3332 16 29.3332Z\" fill=\"#ECFD5D\"\/>\n<\/svg>              <h3 class=\"c-icons-grid__item-title\">\n          Diferencia\u00e7\u00e3o competitiva.        <\/h3>\n                    <p class=\"c-icons-grid__item-text\">Ter pontos de carregamento dispon\u00edveis influencia onde os clientes escolhem comprar, comer e ficar.<\/p>\n          <\/div>\n      <div class=\"c-icons-grid__item\" data-reveal data-reveal-delay=\"0.3s\">\n      <svg xmlns=\"http:\/\/www.w3.org\/2000\/svg\" width=\"32\" height=\"32\" viewBox=\"0 0 32 32\" fill=\"none\" class=\"c-icons-grid__item-icon\">\n<circle cx=\"16.6667\" cy=\"16.6667\" r=\"8.66667\" fill=\"#023139\"\/>\n<path d=\"M14.1333 22.1332L23.5333 12.7332L21.6666 10.8665L14.1333 18.3998L10.3333 14.5998L8.46663 16.4665L14.1333 22.1332ZM16 29.3332C14.1555 29.3332 12.4222 28.9832 10.8 28.2832C9.17774 27.5832 7.76663 26.6332 6.56663 25.4332C5.36663 24.2332 4.41663 22.8221 3.71663 21.1998C3.01663 19.5776 2.66663 17.8443 2.66663 15.9998C2.66663 14.1554 3.01663 12.4221 3.71663 10.7998C4.41663 9.17761 5.36663 7.7665 6.56663 6.5665C7.76663 5.3665 9.17774 4.4165 10.8 3.7165C12.4222 3.0165 14.1555 2.6665 16 2.6665C17.8444 2.6665 19.5777 3.0165 21.2 3.7165C22.8222 4.4165 24.2333 5.3665 25.4333 6.5665C26.6333 7.7665 27.5833 9.17761 28.2833 10.7998C28.9833 12.4221 29.3333 14.1554 29.3333 15.9998C29.3333 17.8443 28.9833 19.5776 28.2833 21.1998C27.5833 22.8221 26.6333 24.2332 25.4333 25.4332C24.2333 26.6332 22.8222 27.5832 21.2 28.2832C19.5777 28.9832 17.8444 29.3332 16 29.3332Z\" fill=\"#ECFD5D\"\/>\n<\/svg>              <h3 class=\"c-icons-grid__item-title\">\n          Mais tempo no seu espa\u00e7o, mais consumo.        <\/h3>\n                    <p class=\"c-icons-grid__item-text\">O carregamento prolonga a estadia dos clientes, incentivando maior consumo e gerando mais receita.<\/p>\n          <\/div>\n      <div class=\"c-icons-grid__item\" data-reveal data-reveal-delay=\"0.4s\">\n      <svg xmlns=\"http:\/\/www.w3.org\/2000\/svg\" width=\"32\" height=\"32\" viewBox=\"0 0 32 32\" fill=\"none\" class=\"c-icons-grid__item-icon\">\n<circle cx=\"16.6667\" cy=\"16.6667\" r=\"8.66667\" fill=\"#023139\"\/>\n<path d=\"M14.1333 22.1332L23.5333 12.7332L21.6666 10.8665L14.1333 18.3998L10.3333 14.5998L8.46663 16.4665L14.1333 22.1332ZM16 29.3332C14.1555 29.3332 12.4222 28.9832 10.8 28.2832C9.17774 27.5832 7.76663 26.6332 6.56663 25.4332C5.36663 24.2332 4.41663 22.8221 3.71663 21.1998C3.01663 19.5776 2.66663 17.8443 2.66663 15.9998C2.66663 14.1554 3.01663 12.4221 3.71663 10.7998C4.41663 9.17761 5.36663 7.7665 6.56663 6.5665C7.76663 5.3665 9.17774 4.4165 10.8 3.7165C12.4222 3.0165 14.1555 2.6665 16 2.6665C17.8444 2.6665 19.5777 3.0165 21.2 3.7165C22.8222 4.4165 24.2333 5.3665 25.4333 6.5665C26.6333 7.7665 27.5833 9.17761 28.2833 10.7998C28.9833 12.4221 29.3333 14.1554 29.3333 15.9998C29.3333 17.8443 28.9833 19.5776 28.2833 21.1998C27.5833 22.8221 26.6333 24.2332 25.4333 25.4332C24.2333 26.6332 22.8222 27.5832 21.2 28.2832C19.5777 28.9832 17.8444 29.3332 16 29.3332Z\" fill=\"#ECFD5D\"\/>\n<\/svg>              <h3 class=\"c-icons-grid__item-title\">\n          Imagem inovadora e sustent\u00e1vel.        <\/h3>\n                    <p class=\"c-icons-grid__item-text\">Potencie a imagem da sua marca, mostrando que o seu neg\u00f3cio \u00e9 amigo do ambiente e preparado para o futuro.<\/p>\n          <\/div>\n  <\/section>\n<section\n  id=\"block_f073b327174d40693f66b3e431e3c46e\"\n  class=\"c-section-header alignwide js-section-header align-default wp-block-un-blocks-section-header\">\n  <header class=\"c-section-header__header\">\n    \n          <h2 class=\"c-section-header__title c-title-1\" data-reveal>Casos reais<\/h2>\n    \n      <\/header>\n\n  <\/section>\n<section\n  id=\"block_7d7cec9a40d9a80a53ac8bb100cba1b3\"\n  class=\"alignfull c-carousel js-carousel wp-block-un-blocks-carousel\">\n  <div class=\"swiper-wrapper\">\n          <div class=\"swiper-slide c-carousel__slide\">\n        <img loading=\"lazy\" decoding=\"async\" width=\"768\" height=\"481\" src=\"https:\/\/me-remo.com\/wp-content\/uploads\/2025\/10\/industries-convenience-aquashow-1-768x481.webp\" class=\"c-carousel__slide-image\" alt=\"\" srcset=\"https:\/\/me-remo.com\/wp-content\/uploads\/2025\/10\/industries-convenience-aquashow-1-768x481.webp 768w, https:\/\/me-remo.com\/wp-content\/uploads\/2025\/10\/industries-convenience-aquashow-1-300x188.webp 300w, https:\/\/me-remo.com\/wp-content\/uploads\/2025\/10\/industries-convenience-aquashow-1-1024x642.webp 1024w, https:\/\/me-remo.com\/wp-content\/uploads\/2025\/10\/industries-convenience-aquashow-1-1536x963.webp 1536w, https:\/\/me-remo.com\/wp-content\/uploads\/2025\/10\/industries-convenience-aquashow-1.webp 1600w\" sizes=\"auto, (max-width: 768px) 100vw, 768px\" \/>                  <h2 class=\"c-carousel__slide-title\">Aquashow Portim\u00e3o<\/h2>\n                      <\/div>\n          <div class=\"swiper-slide c-carousel__slide\">\n        <img loading=\"lazy\" decoding=\"async\" width=\"768\" height=\"481\" src=\"https:\/\/me-remo.com\/wp-content\/uploads\/2025\/10\/radio-popular-768x481.webp\" class=\"c-carousel__slide-image\" alt=\"\" srcset=\"https:\/\/me-remo.com\/wp-content\/uploads\/2025\/10\/radio-popular-768x481.webp 768w, https:\/\/me-remo.com\/wp-content\/uploads\/2025\/10\/radio-popular-300x188.webp 300w, https:\/\/me-remo.com\/wp-content\/uploads\/2025\/10\/radio-popular-1024x642.webp 1024w, https:\/\/me-remo.com\/wp-content\/uploads\/2025\/10\/radio-popular-1536x963.webp 1536w, https:\/\/me-remo.com\/wp-content\/uploads\/2025\/10\/radio-popular.webp 1600w\" sizes=\"auto, (max-width: 768px) 100vw, 768px\" \/>                  <h2 class=\"c-carousel__slide-title\">Radio Popular Guimar\u00e3es<\/h2>\n                      <\/div>\n      <\/div>\n  <button class=\"swiper-button-prev c-carousel__button c-carousel__button--prev\"><svg xmlns=\"http:\/\/www.w3.org\/2000\/svg\" width=\"31\" height=\"54\" viewBox=\"0 0 31 54\" fill=\"none\" class=\"\">\n  <path d=\"M27.8463 2.89638L4.23931 26.5027L28.8406 51.104\" stroke=\"#023139\" stroke-width=\"6\"\/>\n<\/svg><\/button>\n  <button class=\"swiper-button-next c-carousel__button c-carousel__button--next\"><svg xmlns=\"http:\/\/www.w3.org\/2000\/svg\" width=\"31\" height=\"54\" viewBox=\"0 0 31 54\" fill=\"none\" class=\"\">\n  <path d=\"M3.15324 51.1036L26.7602 27.4973L2.15887 2.896\" stroke=\"#023139\" stroke-width=\"6\"\/>\n<\/svg><\/button>\n<\/section>\n","protected":false},"excerpt":{"rendered":"","protected":false},"author":2,"featured_media":0,"parent":0,"menu_order":0,"comment_status":"closed","ping_status":"closed","template":"","meta":{"_acf_changed":false,"footnotes":""},"class_list":["post-1763","page","type-page","status-publish","hentry"],"acf":[],"yoast_head":"<!-- This site is optimized with the Yoast SEO plugin v25.4 - https:\/\/yoast.com\/wordpress\/plugins\/seo\/ -->\n<title>Convenience - REMO Mobility<\/title>\n<meta name=\"robots\" content=\"index, follow, max-snippet:-1, max-image-preview:large, max-video-preview:-1\" \/>\n<link rel=\"canonical\" href=\"https:\/\/me-remo.com\/pt-pt\/convenience\/\" \/>\n<meta property=\"og:locale\" content=\"pt_PT\" \/>\n<meta property=\"og:type\" content=\"article\" \/>\n<meta property=\"og:title\" content=\"Convenience - REMO Mobility\" \/>\n<meta property=\"og:url\" content=\"https:\/\/me-remo.com\/pt-pt\/convenience\/\" \/>\n<meta property=\"og:site_name\" content=\"REMO Mobility\" \/>\n<meta property=\"article:modified_time\" content=\"2025-11-24T14:46:32+00:00\" \/>\n<meta name=\"twitter:card\" content=\"summary_large_image\" \/>\n<script type=\"application\/ld+json\" class=\"yoast-schema-graph\">{\"@context\":\"https:\/\/schema.org\",\"@graph\":[{\"@type\":\"WebPage\",\"@id\":\"https:\/\/me-remo.com\/pt-pt\/convenience\/\",\"url\":\"https:\/\/me-remo.com\/pt-pt\/convenience\/\",\"name\":\"Convenience - REMO Mobility\",\"isPartOf\":{\"@id\":\"https:\/\/me-remo.com\/pt-pt\/#website\"},\"datePublished\":\"2025-10-03T12:59:20+00:00\",\"dateModified\":\"2025-11-24T14:46:32+00:00\",\"breadcrumb\":{\"@id\":\"https:\/\/me-remo.com\/pt-pt\/convenience\/#breadcrumb\"},\"inLanguage\":\"pt-PT\",\"potentialAction\":[{\"@type\":\"ReadAction\",\"target\":[\"https:\/\/me-remo.com\/pt-pt\/convenience\/\"]}]},{\"@type\":\"BreadcrumbList\",\"@id\":\"https:\/\/me-remo.com\/pt-pt\/convenience\/#breadcrumb\",\"itemListElement\":[{\"@type\":\"ListItem\",\"position\":1,\"name\":\"Home\",\"item\":\"https:\/\/me-remo.com\/pt-pt\/\"},{\"@type\":\"ListItem\",\"position\":2,\"name\":\"Convenience\"}]},{\"@type\":\"WebSite\",\"@id\":\"https:\/\/me-remo.com\/pt-pt\/#website\",\"url\":\"https:\/\/me-remo.com\/pt-pt\/\",\"name\":\"REMO Mobility\",\"description\":\"Charging solutions for electric vehicles\",\"publisher\":{\"@id\":\"https:\/\/me-remo.com\/pt-pt\/#organization\"},\"potentialAction\":[{\"@type\":\"SearchAction\",\"target\":{\"@type\":\"EntryPoint\",\"urlTemplate\":\"https:\/\/me-remo.com\/pt-pt\/?s={search_term_string}\"},\"query-input\":{\"@type\":\"PropertyValueSpecification\",\"valueRequired\":true,\"valueName\":\"search_term_string\"}}],\"inLanguage\":\"pt-PT\"},{\"@type\":\"Organization\",\"@id\":\"https:\/\/me-remo.com\/pt-pt\/#organization\",\"name\":\"REMO Mobility\",\"url\":\"https:\/\/me-remo.com\/pt-pt\/\",\"logo\":{\"@type\":\"ImageObject\",\"inLanguage\":\"pt-PT\",\"@id\":\"https:\/\/me-remo.com\/pt-pt\/#\/schema\/logo\/image\/\",\"url\":\"http:\/\/me-remo.com\/wp-content\/uploads\/2025\/07\/REMO-Logo-Endorse-Smaller-Sizes-RGB-Yellow-scaled.png\",\"contentUrl\":\"http:\/\/me-remo.com\/wp-content\/uploads\/2025\/07\/REMO-Logo-Endorse-Smaller-Sizes-RGB-Yellow-scaled.png\",\"width\":2560,\"height\":912,\"caption\":\"REMO Mobility\"},\"image\":{\"@id\":\"https:\/\/me-remo.com\/pt-pt\/#\/schema\/logo\/image\/\"}}]}<\/script>\n<!-- \/ Yoast SEO plugin. -->","yoast_head_json":{"title":"Convenience - REMO Mobility","robots":{"index":"index","follow":"follow","max-snippet":"max-snippet:-1","max-image-preview":"max-image-preview:large","max-video-preview":"max-video-preview:-1"},"canonical":"https:\/\/me-remo.com\/pt-pt\/convenience\/","og_locale":"pt_PT","og_type":"article","og_title":"Convenience - REMO Mobility","og_url":"https:\/\/me-remo.com\/pt-pt\/convenience\/","og_site_name":"REMO Mobility","article_modified_time":"2025-11-24T14:46:32+00:00","twitter_card":"summary_large_image","schema":{"@context":"https:\/\/schema.org","@graph":[{"@type":"WebPage","@id":"https:\/\/me-remo.com\/pt-pt\/convenience\/","url":"https:\/\/me-remo.com\/pt-pt\/convenience\/","name":"Convenience - REMO Mobility","isPartOf":{"@id":"https:\/\/me-remo.com\/pt-pt\/#website"},"datePublished":"2025-10-03T12:59:20+00:00","dateModified":"2025-11-24T14:46:32+00:00","breadcrumb":{"@id":"https:\/\/me-remo.com\/pt-pt\/convenience\/#breadcrumb"},"inLanguage":"pt-PT","potentialAction":[{"@type":"ReadAction","target":["https:\/\/me-remo.com\/pt-pt\/convenience\/"]}]},{"@type":"BreadcrumbList","@id":"https:\/\/me-remo.com\/pt-pt\/convenience\/#breadcrumb","itemListElement":[{"@type":"ListItem","position":1,"name":"Home","item":"https:\/\/me-remo.com\/pt-pt\/"},{"@type":"ListItem","position":2,"name":"Convenience"}]},{"@type":"WebSite","@id":"https:\/\/me-remo.com\/pt-pt\/#website","url":"https:\/\/me-remo.com\/pt-pt\/","name":"REMO Mobility","description":"Charging solutions for electric vehicles","publisher":{"@id":"https:\/\/me-remo.com\/pt-pt\/#organization"},"potentialAction":[{"@type":"SearchAction","target":{"@type":"EntryPoint","urlTemplate":"https:\/\/me-remo.com\/pt-pt\/?s={search_term_string}"},"query-input":{"@type":"PropertyValueSpecification","valueRequired":true,"valueName":"search_term_string"}}],"inLanguage":"pt-PT"},{"@type":"Organization","@id":"https:\/\/me-remo.com\/pt-pt\/#organization","name":"REMO Mobility","url":"https:\/\/me-remo.com\/pt-pt\/","logo":{"@type":"ImageObject","inLanguage":"pt-PT","@id":"https:\/\/me-remo.com\/pt-pt\/#\/schema\/logo\/image\/","url":"http:\/\/me-remo.com\/wp-content\/uploads\/2025\/07\/REMO-Logo-Endorse-Smaller-Sizes-RGB-Yellow-scaled.png","contentUrl":"http:\/\/me-remo.com\/wp-content\/uploads\/2025\/07\/REMO-Logo-Endorse-Smaller-Sizes-RGB-Yellow-scaled.png","width":2560,"height":912,"caption":"REMO Mobility"},"image":{"@id":"https:\/\/me-remo.com\/pt-pt\/#\/schema\/logo\/image\/"}}]}},"_links":{"self":[{"href":"https:\/\/me-remo.com\/pt-pt\/wp-json\/wp\/v2\/pages\/1763","targetHints":{"allow":["GET"]}}],"collection":[{"href":"https:\/\/me-remo.com\/pt-pt\/wp-json\/wp\/v2\/pages"}],"about":[{"href":"https:\/\/me-remo.com\/pt-pt\/wp-json\/wp\/v2\/types\/page"}],"author":[{"embeddable":true,"href":"https:\/\/me-remo.com\/pt-pt\/wp-json\/wp\/v2\/users\/2"}],"replies":[{"embeddable":true,"href":"https:\/\/me-remo.com\/pt-pt\/wp-json\/wp\/v2\/comments?post=1763"}],"version-history":[{"count":1,"href":"https:\/\/me-remo.com\/pt-pt\/wp-json\/wp\/v2\/pages\/1763\/revisions"}],"predecessor-version":[{"id":1764,"href":"https:\/\/me-remo.com\/pt-pt\/wp-json\/wp\/v2\/pages\/1763\/revisions\/1764"}],"wp:attachment":[{"href":"https:\/\/me-remo.com\/pt-pt\/wp-json\/wp\/v2\/media?parent=1763"}],"curies":[{"name":"wp","href":"https:\/\/api.w.org\/{rel}","templated":true}]}}