{"id":1179,"date":"2025-06-30T13:05:26","date_gmt":"2025-06-30T11:05:26","guid":{"rendered":"https:\/\/me-remo.com\/sobre\/"},"modified":"2025-09-09T16:55:08","modified_gmt":"2025-09-09T14:55:08","slug":"sobre","status":"publish","type":"page","link":"https:\/\/me-remo.com\/pt-pt\/sobre\/","title":{"rendered":"Sobre"},"content":{"rendered":"<section\n  id=\"block_540e2cc4280a599ed4251193a9aa8b42\"\n  class=\"alignwider c-page-header js-page-header wp-block-un-blocks-page-header\">\n  <div class=\"c-page-header__inner\">\n    <video class=\"c-page-header__video\" autoplay muted loop playsinline>\n      <source media=\"(min-width: 1024px)\" src=\"https:\/\/me-remo.com\/wp-content\/uploads\/2025\/06\/remo-about-hero.mp4\" type=\"video\/mp4\">\n      <source src=\"https:\/\/me-remo.com\/wp-content\/uploads\/2025\/06\/remo-about-hero.mp4\" type=\"video\/mp4\">\n    <\/video>\n    <div class=\"c-page-header__content\">\n              <p class=\"c-page-header__pretitle\">SOBRE<\/p>\n            <h1 class=\"c-page-header__title\">Eletrificar o futuro \u2014 concebido para m\u00e1xima fiabilidade e expans\u00e3o<\/h1>\n          <\/div>\n  <\/div>\n<\/section>\n<section\n  id=\"block_0936d29aee9b9066b296694041cdbaee\"\n  class=\"c-section-header alignwide js-section-header align-default wp-block-un-blocks-section-header\">\n  <header class=\"c-section-header__header\">\n    \n          <h2 class=\"c-section-header__title c-title-1\" data-reveal>Parceiros, n\u00e3o apenas fornecedores.<\/h2>\n    \n          <div class=\"c-section-header__text\" data-reveal><p>A mobilidade est\u00e1 em constante evolu\u00e7\u00e3o, e a REMO est\u00e1 aqui para liderar esta transforma\u00e7\u00e3o \u2014 indo al\u00e9m da simples instala\u00e7\u00e3o de carregadores, ao criar infraestruturas robustas, fomentar parcerias estrat\u00e9gicas e fortalecer a confian\u00e7a que impulsiona a mudan\u00e7a de ecossistemas inteiros rumo a um futuro mais sustent\u00e1vel e limpo. <\/p>\n<\/div>\n      <\/header>\n\n  <\/section>\n<section\n  id=\"block_ae146f560f683e23acf4e50acef18e44\"\n  class=\"alignwide c-icons js-icons wp-block-un-blocks-icons\">\n      <div class=\"c-icons__item c-icons__item--default\" data-reveal data-reveal-delay=\"0.1s\">\n              <img loading=\"lazy\" decoding=\"async\" width=\"601\" height=\"601\" src=\"https:\/\/me-remo.com\/wp-content\/uploads\/2025\/07\/remo-about-Tailored.webp\" class=\"c-icons__item-image\" alt=\"\" srcset=\"https:\/\/me-remo.com\/wp-content\/uploads\/2025\/07\/remo-about-Tailored.webp 601w, https:\/\/me-remo.com\/wp-content\/uploads\/2025\/07\/remo-about-Tailored-300x300.webp 300w, https:\/\/me-remo.com\/wp-content\/uploads\/2025\/07\/remo-about-Tailored-150x150.webp 150w\" sizes=\"auto, (max-width: 601px) 100vw, 601px\" \/>                    <h3 class=\"c-icons__item-title\">\n                    Adaptado ao seu contexto        <\/h3>\n                    <p class=\"c-icons__item-text\">Concebemos em fun\u00e7\u00e3o das suas opera\u00e7\u00f5es<\/p>\n          <\/div>\n      <div class=\"c-icons__item c-icons__item--default\" data-reveal data-reveal-delay=\"0.2s\">\n              <img loading=\"lazy\" decoding=\"async\" width=\"601\" height=\"601\" src=\"https:\/\/me-remo.com\/wp-content\/uploads\/2025\/07\/remo-about-Built.webp\" class=\"c-icons__item-image\" alt=\"\" srcset=\"https:\/\/me-remo.com\/wp-content\/uploads\/2025\/07\/remo-about-Built.webp 601w, https:\/\/me-remo.com\/wp-content\/uploads\/2025\/07\/remo-about-Built-300x300.webp 300w, https:\/\/me-remo.com\/wp-content\/uploads\/2025\/07\/remo-about-Built-150x150.webp 150w\" sizes=\"auto, (max-width: 601px) 100vw, 601px\" \/>                    <h3 class=\"c-icons__item-title\">\n                    Constru\u00eddo \u00e0 escala        <\/h3>\n                    <p class=\"c-icons__item-text\">Os nossos servi\u00e7os crescem com o seu neg\u00f3cio.<\/p>\n          <\/div>\n      <div class=\"c-icons__item c-icons__item--default\" data-reveal data-reveal-delay=\"0.3s\">\n              <img loading=\"lazy\" decoding=\"async\" width=\"601\" height=\"601\" src=\"https:\/\/me-remo.com\/wp-content\/uploads\/2025\/07\/remo-about-Reliable.webp\" class=\"c-icons__item-image\" alt=\"\" srcset=\"https:\/\/me-remo.com\/wp-content\/uploads\/2025\/07\/remo-about-Reliable.webp 601w, https:\/\/me-remo.com\/wp-content\/uploads\/2025\/07\/remo-about-Reliable-300x300.webp 300w, https:\/\/me-remo.com\/wp-content\/uploads\/2025\/07\/remo-about-Reliable-150x150.webp 150w\" sizes=\"auto, (max-width: 601px) 100vw, 601px\" \/>                    <h3 class=\"c-icons__item-title\">\n                    Confi\u00e1vel desde o primeiro dia.        <\/h3>\n                    <p class=\"c-icons__item-text\"> Desta forma, pode focar-se na gest\u00e3o das suas opera\u00e7\u00f5es.<\/p>\n          <\/div>\n  <\/section>\n<section\n  id=\"block_8ea3a556c42adf37eee7676d1a4fafc4\"\n  class=\"alignwide c-lines js-lines wp-block-un-blocks-lines\">\n  <div class=\"c-lines__wrapper\">\n    <section class=\"c-section-header js-section-header\">\n      <header class=\"c-section-header__header\">\n        \n                  <h2 class=\"c-section-header__title c-title-1\" data-reveal>O pr\u00f3ximo passo do seu neg\u00f3cio come\u00e7a aqui<\/h2>\n        \n              <\/header>\n\n          <\/section>\n\n    <div class=\"c-lines__container\">\n              <div class=\"c-lines__item js-lines-item\">\n          <h3 class=\"c-lines__item-title\">\n            Gestores de frotas          <\/h3>\n          <div class=\"c-lines__item-text\">\n            Que necessitam de uma eletrifica\u00e7\u00e3o eficiente e rent\u00e1vel          <\/div>\n        <\/div>\n              <div class=\"c-lines__item js-lines-item\">\n          <h3 class=\"c-lines__item-title\">\n            Propriet\u00e1rios de im\u00f3veis            <\/h3>\n          <div class=\"c-lines__item-text\">\n            Que querem rentabilizar o seu espa\u00e7o          <\/div>\n        <\/div>\n              <div class=\"c-lines__item js-lines-item\">\n          <h3 class=\"c-lines__item-title\">\n            Condutores de VE          <\/h3>\n          <div class=\"c-lines__item-text\">\n            Que procuram um carregamento r\u00e1pido, acess\u00edvel e fi\u00e1vel          <\/div>\n        <\/div>\n              <div class=\"c-lines__item js-lines-item\">\n          <h3 class=\"c-lines__item-title\">\n            Cidades          <\/h3>\n          <div class=\"c-lines__item-text\">\n            Que pretendem criar um ecossistema de mobilidade limpa e integrada que beneficie a comunidade          <\/div>\n        <\/div>\n          <\/div>\n  <\/div>\n<\/section>\n<section\n  id=\"about-motaengil\"\n  class=\"alignwide c-image-text js-image-text wp-block-un-blocks-image-text\">\n  <header class=\"c-image-text__header\">\n          <p class=\"c-image-text__pretitle\" data-reveal>Impulsionado pela Mota-Engil<\/p>\n    \n          <h2 class=\"c-image-text__title\" data-reveal>Apoiado pela for\u00e7a. Constru\u00eddo para a agilidade. <\/h2>\n    \n          <div class=\"c-image-text__text\" data-reveal><p>A REMO faz parte da Mota-Engil, um dos principais grupos de infraestruturas da Europa, com mais de 75 anos de excel\u00eancia em engenharia. Esta liga\u00e7\u00e3o d\u00e1-nos a credibilidade, a escala e o poder de execu\u00e7\u00e3o para operar a n\u00edvel nacional e internacional, com rapidez e inova\u00e7\u00e3o. <\/p>\n<p>Como empresa de tecnologia limpa integrada numa l\u00edder global, combinamos a fiabilidade da infraestrutura, a flexibilidade tecnol\u00f3gica e uma vis\u00e3o orientada para a sustentabilidade.<\/p>\n<p>Somos suficientemente grandes para cumprir, suficientemente \u00e1geis para nos adaptarmos e suficientemente ousados para liderar.<\/p>\n<\/div>\n    \n      <\/header>\n  <img loading=\"lazy\" decoding=\"async\" width=\"768\" height=\"768\" src=\"https:\/\/me-remo.com\/wp-content\/uploads\/2025\/06\/remo-about-motaengil-768x768.webp\" class=\"c-image-text__image\" alt=\"\" data-reveal=\"fade\" srcset=\"https:\/\/me-remo.com\/wp-content\/uploads\/2025\/06\/remo-about-motaengil-768x768.webp 768w, https:\/\/me-remo.com\/wp-content\/uploads\/2025\/06\/remo-about-motaengil-300x300.webp 300w, https:\/\/me-remo.com\/wp-content\/uploads\/2025\/06\/remo-about-motaengil-1024x1024.webp 1024w, https:\/\/me-remo.com\/wp-content\/uploads\/2025\/06\/remo-about-motaengil-150x150.webp 150w, https:\/\/me-remo.com\/wp-content\/uploads\/2025\/06\/remo-about-motaengil.webp 1200w\" sizes=\"auto, (max-width: 768px) 100vw, 768px\" \/><\/section>\n<section\n  id=\"block_68e33383cae69167fe1072b7eedb8909\"\n  class=\"alignwider c-banner js-banner wp-block-un-blocks-banner\">\n  <div class=\"c-banner__inner layout-limpa\">\n    <picture class=\"c-banner__image-wrapper\">\n      <source media=\"(min-width: 1024px)\" srcset=\"https:\/\/me-remo.com\/wp-content\/uploads\/2025\/07\/remo-about-banner.webp\">\n      <img loading=\"lazy\" decoding=\"async\" width=\"2000\" height=\"924\" src=\"https:\/\/me-remo.com\/wp-content\/uploads\/2025\/07\/remo-about-banner.webp\" class=\"c-banner__image\" alt=\"\" srcset=\"https:\/\/me-remo.com\/wp-content\/uploads\/2025\/07\/remo-about-banner.webp 2000w, https:\/\/me-remo.com\/wp-content\/uploads\/2025\/07\/remo-about-banner-300x139.webp 300w, https:\/\/me-remo.com\/wp-content\/uploads\/2025\/07\/remo-about-banner-1024x473.webp 1024w, https:\/\/me-remo.com\/wp-content\/uploads\/2025\/07\/remo-about-banner-768x355.webp 768w, https:\/\/me-remo.com\/wp-content\/uploads\/2025\/07\/remo-about-banner-1536x710.webp 1536w\" sizes=\"auto, (max-width: 2000px) 100vw, 2000px\" \/>    <\/picture>\n    <div class=\"c-banner__content js-banner-content\">\n              <h2 class=\"c-banner__title\">Tornamos a transi\u00e7\u00e3o para a mobilidade el\u00e9trica simples, confi\u00e1vel e duradoura para empresas, cidades e comunidades<\/h2>\n                            <\/div>\n  <\/div>\n<\/section>\n<section\n  id=\"block_39f3cf94351666b99487d6b87b164bd3\"\n  class=\"c-section-header alignwide js-section-header align-default wp-block-un-blocks-section-header\">\n  <header class=\"c-section-header__header\">\n          <p class=\"c-section-header__pretitle\" data-reveal>Sustentabilidade e impacto<\/p>\n    \n          <h1 class=\"c-section-header__title c-title-1\" data-reveal>Constru\u00eddo para o longo prazo &#8211; e pelas raz\u00f5es certas<\/h1>\n    \n      <\/header>\n\n  <\/section>\n<section\n  id=\"about-sustainability\"\n  class=\"alignwide c-icons-grid js-icons-grid wp-block-un-blocks-icons-grid\">\n      <div class=\"c-icons-grid__item\" data-reveal data-reveal-delay=\"0.1s\">\n      <svg xmlns=\"http:\/\/www.w3.org\/2000\/svg\" width=\"32\" height=\"32\" viewBox=\"0 0 32 32\" fill=\"none\" class=\"c-icons-grid__item-icon\">\n<circle cx=\"16.6667\" cy=\"16.6667\" r=\"8.66667\" fill=\"#023139\"\/>\n<path d=\"M14.1333 22.1332L23.5333 12.7332L21.6666 10.8665L14.1333 18.3998L10.3333 14.5998L8.46663 16.4665L14.1333 22.1332ZM16 29.3332C14.1555 29.3332 12.4222 28.9832 10.8 28.2832C9.17774 27.5832 7.76663 26.6332 6.56663 25.4332C5.36663 24.2332 4.41663 22.8221 3.71663 21.1998C3.01663 19.5776 2.66663 17.8443 2.66663 15.9998C2.66663 14.1554 3.01663 12.4221 3.71663 10.7998C4.41663 9.17761 5.36663 7.7665 6.56663 6.5665C7.76663 5.3665 9.17774 4.4165 10.8 3.7165C12.4222 3.0165 14.1555 2.6665 16 2.6665C17.8444 2.6665 19.5777 3.0165 21.2 3.7165C22.8222 4.4165 24.2333 5.3665 25.4333 6.5665C26.6333 7.7665 27.5833 9.17761 28.2833 10.7998C28.9833 12.4221 29.3333 14.1554 29.3333 15.9998C29.3333 17.8443 28.9833 19.5776 28.2833 21.1998C27.5833 22.8221 26.6333 24.2332 25.4333 25.4332C24.2333 26.6332 22.8222 27.5832 21.2 28.2832C19.5777 28.9832 17.8444 29.3332 16 29.3332Z\" fill=\"#ECFD5D\"\/>\n<\/svg>              <h3 class=\"c-icons-grid__item-title\">\n          Reduzir as emiss\u00f5es \u00e0 escala atrav\u00e9s da eletrifica\u00e7\u00e3o dos transportes        <\/h3>\n                <\/div>\n      <div class=\"c-icons-grid__item\" data-reveal data-reveal-delay=\"0.2s\">\n      <svg xmlns=\"http:\/\/www.w3.org\/2000\/svg\" width=\"32\" height=\"32\" viewBox=\"0 0 32 32\" fill=\"none\" class=\"c-icons-grid__item-icon\">\n<circle cx=\"16.6667\" cy=\"16.6667\" r=\"8.66667\" fill=\"#023139\"\/>\n<path d=\"M14.1333 22.1332L23.5333 12.7332L21.6666 10.8665L14.1333 18.3998L10.3333 14.5998L8.46663 16.4665L14.1333 22.1332ZM16 29.3332C14.1555 29.3332 12.4222 28.9832 10.8 28.2832C9.17774 27.5832 7.76663 26.6332 6.56663 25.4332C5.36663 24.2332 4.41663 22.8221 3.71663 21.1998C3.01663 19.5776 2.66663 17.8443 2.66663 15.9998C2.66663 14.1554 3.01663 12.4221 3.71663 10.7998C4.41663 9.17761 5.36663 7.7665 6.56663 6.5665C7.76663 5.3665 9.17774 4.4165 10.8 3.7165C12.4222 3.0165 14.1555 2.6665 16 2.6665C17.8444 2.6665 19.5777 3.0165 21.2 3.7165C22.8222 4.4165 24.2333 5.3665 25.4333 6.5665C26.6333 7.7665 27.5833 9.17761 28.2833 10.7998C28.9833 12.4221 29.3333 14.1554 29.3333 15.9998C29.3333 17.8443 28.9833 19.5776 28.2833 21.1998C27.5833 22.8221 26.6333 24.2332 25.4333 25.4332C24.2333 26.6332 22.8222 27.5832 21.2 28.2832C19.5777 28.9832 17.8444 29.3332 16 29.3332Z\" fill=\"#ECFD5D\"\/>\n<\/svg>              <h3 class=\"c-icons-grid__item-title\">\n          Desbloqueia novas fontes de valor para empresas e cidades        <\/h3>\n                <\/div>\n      <div class=\"c-icons-grid__item\" data-reveal data-reveal-delay=\"0.3s\">\n      <svg xmlns=\"http:\/\/www.w3.org\/2000\/svg\" width=\"32\" height=\"32\" viewBox=\"0 0 32 32\" fill=\"none\" class=\"c-icons-grid__item-icon\">\n<circle cx=\"16.6667\" cy=\"16.6667\" r=\"8.66667\" fill=\"#023139\"\/>\n<path d=\"M14.1333 22.1332L23.5333 12.7332L21.6666 10.8665L14.1333 18.3998L10.3333 14.5998L8.46663 16.4665L14.1333 22.1332ZM16 29.3332C14.1555 29.3332 12.4222 28.9832 10.8 28.2832C9.17774 27.5832 7.76663 26.6332 6.56663 25.4332C5.36663 24.2332 4.41663 22.8221 3.71663 21.1998C3.01663 19.5776 2.66663 17.8443 2.66663 15.9998C2.66663 14.1554 3.01663 12.4221 3.71663 10.7998C4.41663 9.17761 5.36663 7.7665 6.56663 6.5665C7.76663 5.3665 9.17774 4.4165 10.8 3.7165C12.4222 3.0165 14.1555 2.6665 16 2.6665C17.8444 2.6665 19.5777 3.0165 21.2 3.7165C22.8222 4.4165 24.2333 5.3665 25.4333 6.5665C26.6333 7.7665 27.5833 9.17761 28.2833 10.7998C28.9833 12.4221 29.3333 14.1554 29.3333 15.9998C29.3333 17.8443 28.9833 19.5776 28.2833 21.1998C27.5833 22.8221 26.6333 24.2332 25.4333 25.4332C24.2333 26.6332 22.8222 27.5832 21.2 28.2832C19.5777 28.9832 17.8444 29.3332 16 29.3332Z\" fill=\"#ECFD5D\"\/>\n<\/svg>              <h3 class=\"c-icons-grid__item-title\">\n          Tornar a mobilidade limpa acess\u00edvel, inclusiva e fi\u00e1vel        <\/h3>\n                <\/div>\n      <div class=\"c-icons-grid__item\" data-reveal data-reveal-delay=\"0.4s\">\n      <svg xmlns=\"http:\/\/www.w3.org\/2000\/svg\" width=\"32\" height=\"32\" viewBox=\"0 0 32 32\" fill=\"none\" class=\"c-icons-grid__item-icon\">\n<circle cx=\"16.6667\" cy=\"16.6667\" r=\"8.66667\" fill=\"#023139\"\/>\n<path d=\"M14.1333 22.1332L23.5333 12.7332L21.6666 10.8665L14.1333 18.3998L10.3333 14.5998L8.46663 16.4665L14.1333 22.1332ZM16 29.3332C14.1555 29.3332 12.4222 28.9832 10.8 28.2832C9.17774 27.5832 7.76663 26.6332 6.56663 25.4332C5.36663 24.2332 4.41663 22.8221 3.71663 21.1998C3.01663 19.5776 2.66663 17.8443 2.66663 15.9998C2.66663 14.1554 3.01663 12.4221 3.71663 10.7998C4.41663 9.17761 5.36663 7.7665 6.56663 6.5665C7.76663 5.3665 9.17774 4.4165 10.8 3.7165C12.4222 3.0165 14.1555 2.6665 16 2.6665C17.8444 2.6665 19.5777 3.0165 21.2 3.7165C22.8222 4.4165 24.2333 5.3665 25.4333 6.5665C26.6333 7.7665 27.5833 9.17761 28.2833 10.7998C28.9833 12.4221 29.3333 14.1554 29.3333 15.9998C29.3333 17.8443 28.9833 19.5776 28.2833 21.1998C27.5833 22.8221 26.6333 24.2332 25.4333 25.4332C24.2333 26.6332 22.8222 27.5832 21.2 28.2832C19.5777 28.9832 17.8444 29.3332 16 29.3332Z\" fill=\"#ECFD5D\"\/>\n<\/svg>              <h3 class=\"c-icons-grid__item-title\">\n          Contribui para os objetivos de descarboniza\u00e7\u00e3o a longo prazo em toda a Europa        <\/h3>\n                <\/div>\n  <\/section>\n<section\n  id=\"about-team\"\n  class=\"alignwider c-banner js-banner wp-block-un-blocks-banner\">\n  <div class=\"c-banner__inner layout-default\">\n    <picture class=\"c-banner__image-wrapper\">\n      <source media=\"(min-width: 1024px)\" srcset=\"https:\/\/me-remo.com\/wp-content\/uploads\/2025\/07\/remo-about-JoinTeam_2516887789-2700x1255.jpg\">\n      <img loading=\"lazy\" decoding=\"async\" width=\"393\" height=\"852\" src=\"https:\/\/me-remo.com\/wp-content\/uploads\/2025\/07\/remo-about-JoinTeam-Mobile-2.webp\" class=\"c-banner__image\" alt=\"\" srcset=\"https:\/\/me-remo.com\/wp-content\/uploads\/2025\/07\/remo-about-JoinTeam-Mobile-2.webp 393w, https:\/\/me-remo.com\/wp-content\/uploads\/2025\/07\/remo-about-JoinTeam-Mobile-2-138x300.webp 138w\" sizes=\"auto, (max-width: 393px) 100vw, 393px\" \/>    <\/picture>\n    <div class=\"c-banner__content js-banner-content\">\n              <h2 class=\"c-banner__title\">Junte-se a uma equipa que impulsiona a mudan\u00e7a.<\/h2>\n                    <div class=\"c-banner__text size-default\"><p>Estamos sempre \u00e0 procura de pessoas que queiram construir algo importante &#8211; engenheiros, gestores e mentes curiosas que acreditem no poder da mobilidade limpa para transformar ind\u00fastrias e cidades. Junte-se a n\u00f3s e construa projetos num ambiente de ritmo acelerado e orientado para os objetivos. <\/p>\n<\/div>\n                    <a target=\"\" href=\"https:\/\/me-remo.com\/contact\/\" class=\"c-button\">\n          Contacto <svg xmlns=\"http:\/\/www.w3.org\/2000\/svg\" width=\"19\" height=\"19\" viewBox=\"0 0 19 19\" fill=\"none\" class=\"\">\n<path d=\"M0.514719 9.50017H17.4853M17.4853 9.50017L9.53033 17.4551M17.4853 9.50017L9.53033 1.54522\" stroke=\"currentColor\" stroke-width=\"1.5975\"\/>\n<\/svg>        <\/a>\n                <\/div>\n  <\/div>\n<\/section>\n\n<p><\/p>\n","protected":false},"excerpt":{"rendered":"","protected":false},"author":2,"featured_media":0,"parent":0,"menu_order":0,"comment_status":"closed","ping_status":"closed","template":"","meta":{"_acf_changed":false,"footnotes":""},"class_list":["post-1179","page","type-page","status-publish","hentry"],"acf":[],"yoast_head":"<!-- This site is optimized with the Yoast SEO plugin v25.4 - https:\/\/yoast.com\/wordpress\/plugins\/seo\/ -->\n<title>Sobre - REMO Mobility<\/title>\n<meta name=\"robots\" content=\"index, follow, max-snippet:-1, max-image-preview:large, max-video-preview:-1\" \/>\n<link rel=\"canonical\" href=\"https:\/\/me-remo.com\/pt-pt\/sobre\/\" \/>\n<meta property=\"og:locale\" content=\"pt_PT\" \/>\n<meta property=\"og:type\" content=\"article\" \/>\n<meta property=\"og:title\" content=\"Sobre - REMO Mobility\" \/>\n<meta property=\"og:url\" content=\"https:\/\/me-remo.com\/pt-pt\/sobre\/\" \/>\n<meta property=\"og:site_name\" content=\"REMO Mobility\" \/>\n<meta property=\"article:modified_time\" content=\"2025-09-09T14:55:08+00:00\" \/>\n<meta name=\"twitter:card\" content=\"summary_large_image\" \/>\n<script type=\"application\/ld+json\" class=\"yoast-schema-graph\">{\"@context\":\"https:\/\/schema.org\",\"@graph\":[{\"@type\":\"WebPage\",\"@id\":\"https:\/\/me-remo.com\/pt-pt\/sobre\/\",\"url\":\"https:\/\/me-remo.com\/pt-pt\/sobre\/\",\"name\":\"Sobre - REMO Mobility\",\"isPartOf\":{\"@id\":\"https:\/\/me-remo.com\/pt-pt\/#website\"},\"datePublished\":\"2025-06-30T11:05:26+00:00\",\"dateModified\":\"2025-09-09T14:55:08+00:00\",\"breadcrumb\":{\"@id\":\"https:\/\/me-remo.com\/pt-pt\/sobre\/#breadcrumb\"},\"inLanguage\":\"pt-PT\",\"potentialAction\":[{\"@type\":\"ReadAction\",\"target\":[\"https:\/\/me-remo.com\/pt-pt\/sobre\/\"]}]},{\"@type\":\"BreadcrumbList\",\"@id\":\"https:\/\/me-remo.com\/pt-pt\/sobre\/#breadcrumb\",\"itemListElement\":[{\"@type\":\"ListItem\",\"position\":1,\"name\":\"Home\",\"item\":\"https:\/\/me-remo.com\/pt-pt\/\"},{\"@type\":\"ListItem\",\"position\":2,\"name\":\"Sobre\"}]},{\"@type\":\"WebSite\",\"@id\":\"https:\/\/me-remo.com\/pt-pt\/#website\",\"url\":\"https:\/\/me-remo.com\/pt-pt\/\",\"name\":\"REMO Mobility\",\"description\":\"Charging solutions for electric vehicles\",\"publisher\":{\"@id\":\"https:\/\/me-remo.com\/pt-pt\/#organization\"},\"potentialAction\":[{\"@type\":\"SearchAction\",\"target\":{\"@type\":\"EntryPoint\",\"urlTemplate\":\"https:\/\/me-remo.com\/pt-pt\/?s={search_term_string}\"},\"query-input\":{\"@type\":\"PropertyValueSpecification\",\"valueRequired\":true,\"valueName\":\"search_term_string\"}}],\"inLanguage\":\"pt-PT\"},{\"@type\":\"Organization\",\"@id\":\"https:\/\/me-remo.com\/pt-pt\/#organization\",\"name\":\"REMO Mobility\",\"url\":\"https:\/\/me-remo.com\/pt-pt\/\",\"logo\":{\"@type\":\"ImageObject\",\"inLanguage\":\"pt-PT\",\"@id\":\"https:\/\/me-remo.com\/pt-pt\/#\/schema\/logo\/image\/\",\"url\":\"http:\/\/me-remo.com\/wp-content\/uploads\/2025\/07\/REMO-Logo-Endorse-Smaller-Sizes-RGB-Yellow-scaled.png\",\"contentUrl\":\"http:\/\/me-remo.com\/wp-content\/uploads\/2025\/07\/REMO-Logo-Endorse-Smaller-Sizes-RGB-Yellow-scaled.png\",\"width\":2560,\"height\":912,\"caption\":\"REMO Mobility\"},\"image\":{\"@id\":\"https:\/\/me-remo.com\/pt-pt\/#\/schema\/logo\/image\/\"}}]}<\/script>\n<!-- \/ Yoast SEO plugin. -->","yoast_head_json":{"title":"Sobre - REMO Mobility","robots":{"index":"index","follow":"follow","max-snippet":"max-snippet:-1","max-image-preview":"max-image-preview:large","max-video-preview":"max-video-preview:-1"},"canonical":"https:\/\/me-remo.com\/pt-pt\/sobre\/","og_locale":"pt_PT","og_type":"article","og_title":"Sobre - REMO Mobility","og_url":"https:\/\/me-remo.com\/pt-pt\/sobre\/","og_site_name":"REMO Mobility","article_modified_time":"2025-09-09T14:55:08+00:00","twitter_card":"summary_large_image","schema":{"@context":"https:\/\/schema.org","@graph":[{"@type":"WebPage","@id":"https:\/\/me-remo.com\/pt-pt\/sobre\/","url":"https:\/\/me-remo.com\/pt-pt\/sobre\/","name":"Sobre - REMO Mobility","isPartOf":{"@id":"https:\/\/me-remo.com\/pt-pt\/#website"},"datePublished":"2025-06-30T11:05:26+00:00","dateModified":"2025-09-09T14:55:08+00:00","breadcrumb":{"@id":"https:\/\/me-remo.com\/pt-pt\/sobre\/#breadcrumb"},"inLanguage":"pt-PT","potentialAction":[{"@type":"ReadAction","target":["https:\/\/me-remo.com\/pt-pt\/sobre\/"]}]},{"@type":"BreadcrumbList","@id":"https:\/\/me-remo.com\/pt-pt\/sobre\/#breadcrumb","itemListElement":[{"@type":"ListItem","position":1,"name":"Home","item":"https:\/\/me-remo.com\/pt-pt\/"},{"@type":"ListItem","position":2,"name":"Sobre"}]},{"@type":"WebSite","@id":"https:\/\/me-remo.com\/pt-pt\/#website","url":"https:\/\/me-remo.com\/pt-pt\/","name":"REMO Mobility","description":"Charging solutions for electric vehicles","publisher":{"@id":"https:\/\/me-remo.com\/pt-pt\/#organization"},"potentialAction":[{"@type":"SearchAction","target":{"@type":"EntryPoint","urlTemplate":"https:\/\/me-remo.com\/pt-pt\/?s={search_term_string}"},"query-input":{"@type":"PropertyValueSpecification","valueRequired":true,"valueName":"search_term_string"}}],"inLanguage":"pt-PT"},{"@type":"Organization","@id":"https:\/\/me-remo.com\/pt-pt\/#organization","name":"REMO Mobility","url":"https:\/\/me-remo.com\/pt-pt\/","logo":{"@type":"ImageObject","inLanguage":"pt-PT","@id":"https:\/\/me-remo.com\/pt-pt\/#\/schema\/logo\/image\/","url":"http:\/\/me-remo.com\/wp-content\/uploads\/2025\/07\/REMO-Logo-Endorse-Smaller-Sizes-RGB-Yellow-scaled.png","contentUrl":"http:\/\/me-remo.com\/wp-content\/uploads\/2025\/07\/REMO-Logo-Endorse-Smaller-Sizes-RGB-Yellow-scaled.png","width":2560,"height":912,"caption":"REMO Mobility"},"image":{"@id":"https:\/\/me-remo.com\/pt-pt\/#\/schema\/logo\/image\/"}}]}},"_links":{"self":[{"href":"https:\/\/me-remo.com\/pt-pt\/wp-json\/wp\/v2\/pages\/1179","targetHints":{"allow":["GET"]}}],"collection":[{"href":"https:\/\/me-remo.com\/pt-pt\/wp-json\/wp\/v2\/pages"}],"about":[{"href":"https:\/\/me-remo.com\/pt-pt\/wp-json\/wp\/v2\/types\/page"}],"author":[{"embeddable":true,"href":"https:\/\/me-remo.com\/pt-pt\/wp-json\/wp\/v2\/users\/2"}],"replies":[{"embeddable":true,"href":"https:\/\/me-remo.com\/pt-pt\/wp-json\/wp\/v2\/comments?post=1179"}],"version-history":[{"count":37,"href":"https:\/\/me-remo.com\/pt-pt\/wp-json\/wp\/v2\/pages\/1179\/revisions"}],"predecessor-version":[{"id":1342,"href":"https:\/\/me-remo.com\/pt-pt\/wp-json\/wp\/v2\/pages\/1179\/revisions\/1342"}],"wp:attachment":[{"href":"https:\/\/me-remo.com\/pt-pt\/wp-json\/wp\/v2\/media?parent=1179"}],"curies":[{"name":"wp","href":"https:\/\/api.w.org\/{rel}","templated":true}]}}