{"id":1173,"date":"2025-07-09T10:44:30","date_gmt":"2025-07-09T08:44:30","guid":{"rendered":"https:\/\/me-remo.com\/aviso-de-privacidade-cookies\/"},"modified":"2025-09-10T11:01:23","modified_gmt":"2025-09-10T09:01:23","slug":"aviso-de-privacidade-cookies","status":"publish","type":"page","link":"https:\/\/me-remo.com\/pt-pt\/aviso-de-privacidade-cookies\/","title":{"rendered":"Aviso de privacidade &#8211; Cookies"},"content":{"rendered":"<section\n  id=\"block_198522adc0b7cdc0274a848df7e43430\"\n  class=\"c-section-header alignwide js-section-header align-default wp-block-un-blocks-section-header\">\n  <header class=\"c-section-header__header\">\n    \n          <h1 class=\"c-section-header__title c-title-1\" data-reveal>Aviso de privacidade &#8211; Cookies<\/h1>\n    \n      <\/header>\n\n  <\/section>\n\n<h2 class=\"c-title-2 wp-block-heading\"><\/h2>\n\n<h2 class=\"c-title-2 wp-block-heading\">O que \u00e9 um cookie?<\/h2>\n\n<p>Os cookies s\u00e3o pequenos ficheiros de texto armazenados no teu computador quando visitas um s\u00edtio Web. Estes ficheiros s\u00e3o amplamente utilizados para que o s\u00edtio Web funcione correta e eficientemente, bem como para fornecer informa\u00e7\u00f5es aos propriet\u00e1rios do s\u00edtio Web.<br\/>Existem duas categorias principais de cookies: <\/p>\n\n<ul class=\"wp-block-list\">\n<li>Cookies de terceiros, utilizados por terceiros atrav\u00e9s da [GME Company].<\/li>\n\n\n\n<li>Cookies pr\u00f3prios, utilizados diretamente por n\u00f3s no teu dispositivo.<\/li>\n<\/ul>\n\n<h2 class=\"c-title-2 wp-block-heading\">Como \u00e9 que os cookies s\u00e3o utilizados?<\/h2>\n\n<p>Os visitantes deste s\u00edtio Web utilizam diferentes computadores e navegadores Web. Para tornar as tuas visitas o mais simples poss\u00edvel, \u00e9 automaticamente guardado um registo do tipo de navegador (por exemplo, Microsoft Edge, Google Chrome Mozilla Firefox) e do sistema operativo (por exemplo, Windows ou Macintosh) utilizados e o nome de dom\u00ednio do teu fornecedor de servi\u00e7os Internet. <\/p>\n\n<h2 class=\"c-title-2 wp-block-heading\">Porque \u00e9 que utilizamos cookies?<\/h2>\n\n<p>Durante uma visita \u00e0s nossas p\u00e1ginas web, podem ser colocados ficheiros denominados &#8220;Cookies&#8221; no computador do utilizador. A utiliza\u00e7\u00e3o de cookies visa melhorar o desempenho dos nossos sites e maximizar a tua experi\u00eancia de navega\u00e7\u00e3o, nomeadamente permitindo uma navega\u00e7\u00e3o mais r\u00e1pida e eficiente, eliminando a necessidade de introduzir repetidamente as mesmas informa\u00e7\u00f5es. <\/p>\n\n<h2 class=\"c-title-2 wp-block-heading\">Gerir cookies<\/h2>\n\n<p>Todos os browsers permitem aos seus utilizadores aceitar, recusar ou apagar cookies, nomeadamente atrav\u00e9s da sele\u00e7\u00e3o das defini\u00e7\u00f5es apropriadas no respetivo navegador.<\/p>\n\n<p>No entanto, \u00e9 de notar que a desativa\u00e7\u00e3o dos cookies pode afetar parcial ou totalmente a tua experi\u00eancia de navega\u00e7\u00e3o nos s\u00edtios Web.<\/p>\n\n<p>Podes configurar os cookies no menu &#8220;op\u00e7\u00f5es&#8221; ou &#8220;prefer\u00eancias&#8221; do teu navegador.<\/p>\n\n<p>Para saber mais sobre cookies, visita www.allaboutcookies.org. onde podes encontrar informa\u00e7\u00f5es sobre como gerir as tuas defini\u00e7\u00f5es para os v\u00e1rios fornecedores de browsers. <\/p>\n\n<p>Servi\u00e7os Web externos: por vezes, utilizamos servi\u00e7os Web externos para apresentar conte\u00fados nas nossas p\u00e1ginas. Isto ajuda-nos a compreender e a direcionar campanhas publicit\u00e1rias mais relevantes no futuro. Por exemplo, para mostrar imagens ou v\u00eddeos ou para realizar inqu\u00e9ritos. Tal como acontece com os bot\u00f5es das redes sociais, n\u00e3o podemos impedir a recolha de informa\u00e7\u00f5es por estes s\u00edtios Web ou dom\u00ednios externos. Se precisares de mais informa\u00e7\u00f5es sobre os nossos fornecedores ou sobre a forma como estes cookies funcionam, contacta-nos atrav\u00e9s dos dados de contacto fornecidos na &#8220;Declara\u00e7\u00e3o de privacidade&#8221;.    <br\/><br\/>Para mais informa\u00e7\u00f5es sobre os cookies e a sua utiliza\u00e7\u00e3o, sugerimos que consultes as seguintes liga\u00e7\u00f5es: <a href=\"https:\/\/allaboutcookies.org\/\">https:\/\/allaboutcookies.org<\/a><\/p>\n\n<h2 class=\"c-title-2 wp-block-heading\">Tipos de cookies nos nossos s\u00edtios Web<\/h2>\n\n<p>Este s\u00edtio Web utiliza cookies que desempenham fun\u00e7\u00f5es [Inserir n\u00famero total], conforme mencionado abaixo:<\/p>\n\n<ul class=\"wp-block-list\">\n<li>Cookies estritamente necess\u00e1rios: essenciais para o funcionamento do s\u00edtio Web.<\/li>\n\n\n\n<li>Cookies anal\u00edticos: Utilizados anonimamente para efeitos de monitoriza\u00e7\u00e3o e an\u00e1lise estat\u00edstica, sem nunca recolher informa\u00e7\u00e3o de car\u00e1cter pessoal.<\/li>\n\n\n\n<li>Cookies de funcionalidade: Permitem-nos melhorar a experi\u00eancia do utilizador (por exemplo, lembrando-te de todas as configura\u00e7\u00f5es que definiste anteriormente).<\/li>\n<\/ul>\n\n<p>A tabela seguinte fornece uma explica\u00e7\u00e3o dos cookies utilizados no s\u00edtio Web da [GME Company] e da sua finalidade:<\/p>\n\n<figure class=\"wp-block-image size-full\"><img loading=\"lazy\" decoding=\"async\" width=\"735\" height=\"183\" src=\"https:\/\/me-remo.com\/wp-content\/uploads\/2025\/07\/Remo-Cookies-1-1.webp\" alt=\"\" class=\"wp-image-891\" srcset=\"https:\/\/me-remo.com\/wp-content\/uploads\/2025\/07\/Remo-Cookies-1-1.webp 735w, https:\/\/me-remo.com\/wp-content\/uploads\/2025\/07\/Remo-Cookies-1-1-300x75.webp 300w\" sizes=\"auto, (max-width: 735px) 100vw, 735px\" \/><\/figure>\n\n<h2 class=\"c-title-2 wp-block-heading\">Podes bloquear a utiliza\u00e7\u00e3o de cookies?<\/h2>\n\n<p>Sim. Se n\u00e3o quiseres que o s\u00edtio Web armazene cookies, podes recus\u00e1-los ou apag\u00e1-los a qualquer momento atrav\u00e9s do teu browser. Tem em aten\u00e7\u00e3o que a recusa de utiliza\u00e7\u00e3o dos cookies do s\u00edtio Web pode afetar parcial ou totalmente a tua experi\u00eancia de navega\u00e7\u00e3o.<br\/>Para mais informa\u00e7\u00f5es sobre cookies e sobre como impedir a sua instala\u00e7\u00e3o ou como eliminar os existentes nos teus dispositivos, podes visitar o seguinte s\u00edtio Web: <a href=\"http:\/\/www.allaboutcookies.org.\">http:\/\/www.allaboutcookies.org.<\/a>  <br\/><br\/>Podes encontrar informa\u00e7\u00f5es sobre o controlo de cookies de acordo com o teu navegador de Internet nos seguintes endere\u00e7os:<\/p>\n\n<ul class=\"wp-block-list\">\n<li>Microsoft Edge: <a href=\"https:\/\/support.microsoft.com\/en-us\/microsoft-edge\/delete-cookies-in-microsoft-edge-%2063947406-40ac-c3b8-57b9-2a946a29ae09\">https:\/\/support.microsoft.com\/en-us\/microsoft-edge\/delete-cookies-in-microsoft-edge- 63947406-40ac-c3b8-57b9-2a946a29ae09<\/a><\/li>\n\n\n\n<li>Cromado: <a href=\"https:\/\/support.google.com\/chrome\/answer\/95647?hl=en&amp;co=GENIE.Platform%3DDesktop\">https:\/\/support.google.com\/chrome\/answer\/95647?hl=en&amp;co=GENIE.Platform%3DDesktop<\/a><\/li>\n\n\n\n<li>Firefox: <a href=\"http:\/\/support.mozilla.org\/en-US\/kb\/Clear%20Recent%20History\">http:\/\/support.mozilla.org\/en-US\/kb\/Clear%20Recent%20History<\/a><\/li>\n\n\n\n<li>Safari: <a href=\"http:\/\/support.apple.com\/kb\/PH5042\">http:\/\/support.apple.com\/kb\/PH5042<\/a><\/li>\n\n\n\n<li>Opera: <a href=\"http:\/\/www.opera.com\/browser\/tutorials\/security\/privacy\/\">http:\/\/www.opera.com\/browser\/tutorials\/security\/privacy\/<\/a><\/li>\n<\/ul>\n\n<h2 class=\"c-title-2 wp-block-heading\">Cookies que foram definidos no passado<\/h2>\n\n<p>A [Empresa GME] pode continuar a utilizar as informa\u00e7\u00f5es recolhidas antes de definir a prefer\u00eancia de cookie desativado, mesmo que a [Empresa GME] j\u00e1 n\u00e3o utilize o cookie desativado para recolher mais informa\u00e7\u00f5es.<\/p>\n\n<h2 class=\"c-title-2 wp-block-heading\">Consentimento<\/h2>\n\n<p>Ao aceitar a utiliza\u00e7\u00e3o de cookies, consideramos que o utilizador aceita a utiliza\u00e7\u00e3o de cookies para os fins indicados e de acordo com as condi\u00e7\u00f5es contidas nesta p\u00e1gina.  <br\/>Se, em qualquer momento, quiseres retirar o teu consentimento ao nosso &#8220;Aviso de cookies&#8221;, deves apagar os cookies armazenados ajustando as op\u00e7\u00f5es correspondentes que se encontram no menu &#8220;Ferramentas&#8221; do teu browser.<\/p>\n\n<h2 class=\"c-title-2 wp-block-heading\">Altera\u00e7\u00f5es ao aviso de cookies<\/h2>\n\n<p>A [GME Company] reserva-se o direito de, a qualquer momento, sem aviso pr\u00e9vio e com efeito imediato, alterar, adicionar, atualizar ou eliminar, parcial ou totalmente, estas informa\u00e7\u00f5es sobre cookies.<br\/>Assim, periodicamente, este Aviso ser\u00e1 atualizado para refletir altera\u00e7\u00f5es nas nossas pr\u00e1ticas e servi\u00e7os. Quando publicarmos altera\u00e7\u00f5es a este Aviso, iremos rever a data da &#8220;\u00daltima atualiza\u00e7\u00e3o&#8221; no topo deste Aviso. Recomendamos que consultes o nosso site periodicamente para que possas ser informado de quaisquer altera\u00e7\u00f5es ao &#8220;Aviso sobre cookies&#8221; ou a qualquer outro Aviso.  <\/p>\n","protected":false},"excerpt":{"rendered":"<p>O que \u00e9 um cookie? Os cookies s\u00e3o pequenos ficheiros de texto armazenados no teu computador quando visitas um s\u00edtio Web. Estes ficheiros s\u00e3o amplamente utilizados para que o s\u00edtio Web funcione correta e eficientemente, bem como para fornecer informa\u00e7\u00f5es aos propriet\u00e1rios do s\u00edtio Web.Existem duas categorias principais de cookies: Como \u00e9 que os cookies &hellip;<\/p>\n","protected":false},"author":2,"featured_media":0,"parent":0,"menu_order":0,"comment_status":"closed","ping_status":"closed","template":"","meta":{"_acf_changed":false,"footnotes":""},"class_list":["post-1173","page","type-page","status-publish","hentry"],"acf":[],"yoast_head":"<!-- This site is optimized with the Yoast SEO plugin v25.4 - https:\/\/yoast.com\/wordpress\/plugins\/seo\/ -->\n<title>Aviso de privacidade - Cookies - REMO Mobility<\/title>\n<meta name=\"robots\" content=\"index, follow, max-snippet:-1, max-image-preview:large, max-video-preview:-1\" \/>\n<link rel=\"canonical\" href=\"https:\/\/me-remo.com\/pt-pt\/aviso-de-privacidade-cookies\/\" \/>\n<meta property=\"og:locale\" content=\"pt_PT\" \/>\n<meta property=\"og:type\" content=\"article\" \/>\n<meta property=\"og:title\" content=\"Aviso de privacidade - Cookies - REMO Mobility\" \/>\n<meta property=\"og:description\" content=\"O que \u00e9 um cookie? Os cookies s\u00e3o pequenos ficheiros de texto armazenados no teu computador quando visitas um s\u00edtio Web. Estes ficheiros s\u00e3o amplamente utilizados para que o s\u00edtio Web funcione correta e eficientemente, bem como para fornecer informa\u00e7\u00f5es aos propriet\u00e1rios do s\u00edtio Web.Existem duas categorias principais de cookies: Como \u00e9 que os cookies &hellip;\" \/>\n<meta property=\"og:url\" content=\"https:\/\/me-remo.com\/pt-pt\/aviso-de-privacidade-cookies\/\" \/>\n<meta property=\"og:site_name\" content=\"REMO Mobility\" \/>\n<meta property=\"article:modified_time\" content=\"2025-09-10T09:01:23+00:00\" \/>\n<meta property=\"og:image\" content=\"https:\/\/me-remo.com\/wp-content\/uploads\/2025\/07\/Remo-Cookies-1-1.webp\" \/>\n\t<meta property=\"og:image:width\" content=\"735\" \/>\n\t<meta property=\"og:image:height\" content=\"183\" \/>\n\t<meta property=\"og:image:type\" content=\"image\/webp\" \/>\n<meta name=\"twitter:card\" content=\"summary_large_image\" \/>\n<meta name=\"twitter:label1\" content=\"Tempo estimado de leitura\" \/>\n\t<meta name=\"twitter:data1\" content=\"5 minutos\" \/>\n<script type=\"application\/ld+json\" class=\"yoast-schema-graph\">{\"@context\":\"https:\/\/schema.org\",\"@graph\":[{\"@type\":\"WebPage\",\"@id\":\"https:\/\/me-remo.com\/pt-pt\/aviso-de-privacidade-cookies\/\",\"url\":\"https:\/\/me-remo.com\/pt-pt\/aviso-de-privacidade-cookies\/\",\"name\":\"Aviso de privacidade - Cookies - REMO Mobility\",\"isPartOf\":{\"@id\":\"https:\/\/me-remo.com\/pt-pt\/#website\"},\"primaryImageOfPage\":{\"@id\":\"https:\/\/me-remo.com\/pt-pt\/aviso-de-privacidade-cookies\/#primaryimage\"},\"image\":{\"@id\":\"https:\/\/me-remo.com\/pt-pt\/aviso-de-privacidade-cookies\/#primaryimage\"},\"thumbnailUrl\":\"https:\/\/me-remo.com\/wp-content\/uploads\/2025\/07\/Remo-Cookies-1-1.webp\",\"datePublished\":\"2025-07-09T08:44:30+00:00\",\"dateModified\":\"2025-09-10T09:01:23+00:00\",\"breadcrumb\":{\"@id\":\"https:\/\/me-remo.com\/pt-pt\/aviso-de-privacidade-cookies\/#breadcrumb\"},\"inLanguage\":\"pt-PT\",\"potentialAction\":[{\"@type\":\"ReadAction\",\"target\":[\"https:\/\/me-remo.com\/pt-pt\/aviso-de-privacidade-cookies\/\"]}]},{\"@type\":\"ImageObject\",\"inLanguage\":\"pt-PT\",\"@id\":\"https:\/\/me-remo.com\/pt-pt\/aviso-de-privacidade-cookies\/#primaryimage\",\"url\":\"https:\/\/me-remo.com\/wp-content\/uploads\/2025\/07\/Remo-Cookies-1-1.webp\",\"contentUrl\":\"https:\/\/me-remo.com\/wp-content\/uploads\/2025\/07\/Remo-Cookies-1-1.webp\"},{\"@type\":\"BreadcrumbList\",\"@id\":\"https:\/\/me-remo.com\/pt-pt\/aviso-de-privacidade-cookies\/#breadcrumb\",\"itemListElement\":[{\"@type\":\"ListItem\",\"position\":1,\"name\":\"Home\",\"item\":\"https:\/\/me-remo.com\/pt-pt\/\"},{\"@type\":\"ListItem\",\"position\":2,\"name\":\"Aviso de privacidade &#8211; Cookies\"}]},{\"@type\":\"WebSite\",\"@id\":\"https:\/\/me-remo.com\/pt-pt\/#website\",\"url\":\"https:\/\/me-remo.com\/pt-pt\/\",\"name\":\"REMO Mobility\",\"description\":\"Charging solutions for electric vehicles\",\"publisher\":{\"@id\":\"https:\/\/me-remo.com\/pt-pt\/#organization\"},\"potentialAction\":[{\"@type\":\"SearchAction\",\"target\":{\"@type\":\"EntryPoint\",\"urlTemplate\":\"https:\/\/me-remo.com\/pt-pt\/?s={search_term_string}\"},\"query-input\":{\"@type\":\"PropertyValueSpecification\",\"valueRequired\":true,\"valueName\":\"search_term_string\"}}],\"inLanguage\":\"pt-PT\"},{\"@type\":\"Organization\",\"@id\":\"https:\/\/me-remo.com\/pt-pt\/#organization\",\"name\":\"REMO Mobility\",\"url\":\"https:\/\/me-remo.com\/pt-pt\/\",\"logo\":{\"@type\":\"ImageObject\",\"inLanguage\":\"pt-PT\",\"@id\":\"https:\/\/me-remo.com\/pt-pt\/#\/schema\/logo\/image\/\",\"url\":\"http:\/\/me-remo.com\/wp-content\/uploads\/2025\/07\/REMO-Logo-Endorse-Smaller-Sizes-RGB-Yellow-scaled.png\",\"contentUrl\":\"http:\/\/me-remo.com\/wp-content\/uploads\/2025\/07\/REMO-Logo-Endorse-Smaller-Sizes-RGB-Yellow-scaled.png\",\"width\":2560,\"height\":912,\"caption\":\"REMO Mobility\"},\"image\":{\"@id\":\"https:\/\/me-remo.com\/pt-pt\/#\/schema\/logo\/image\/\"}}]}<\/script>\n<!-- \/ Yoast SEO plugin. -->","yoast_head_json":{"title":"Aviso de privacidade - Cookies - REMO Mobility","robots":{"index":"index","follow":"follow","max-snippet":"max-snippet:-1","max-image-preview":"max-image-preview:large","max-video-preview":"max-video-preview:-1"},"canonical":"https:\/\/me-remo.com\/pt-pt\/aviso-de-privacidade-cookies\/","og_locale":"pt_PT","og_type":"article","og_title":"Aviso de privacidade - Cookies - REMO Mobility","og_description":"O que \u00e9 um cookie? Os cookies s\u00e3o pequenos ficheiros de texto armazenados no teu computador quando visitas um s\u00edtio Web. Estes ficheiros s\u00e3o amplamente utilizados para que o s\u00edtio Web funcione correta e eficientemente, bem como para fornecer informa\u00e7\u00f5es aos propriet\u00e1rios do s\u00edtio Web.Existem duas categorias principais de cookies: Como \u00e9 que os cookies &hellip;","og_url":"https:\/\/me-remo.com\/pt-pt\/aviso-de-privacidade-cookies\/","og_site_name":"REMO Mobility","article_modified_time":"2025-09-10T09:01:23+00:00","og_image":[{"width":735,"height":183,"url":"https:\/\/me-remo.com\/wp-content\/uploads\/2025\/07\/Remo-Cookies-1-1.webp","type":"image\/webp"}],"twitter_card":"summary_large_image","twitter_misc":{"Tempo estimado de leitura":"5 minutos"},"schema":{"@context":"https:\/\/schema.org","@graph":[{"@type":"WebPage","@id":"https:\/\/me-remo.com\/pt-pt\/aviso-de-privacidade-cookies\/","url":"https:\/\/me-remo.com\/pt-pt\/aviso-de-privacidade-cookies\/","name":"Aviso de privacidade - Cookies - REMO Mobility","isPartOf":{"@id":"https:\/\/me-remo.com\/pt-pt\/#website"},"primaryImageOfPage":{"@id":"https:\/\/me-remo.com\/pt-pt\/aviso-de-privacidade-cookies\/#primaryimage"},"image":{"@id":"https:\/\/me-remo.com\/pt-pt\/aviso-de-privacidade-cookies\/#primaryimage"},"thumbnailUrl":"https:\/\/me-remo.com\/wp-content\/uploads\/2025\/07\/Remo-Cookies-1-1.webp","datePublished":"2025-07-09T08:44:30+00:00","dateModified":"2025-09-10T09:01:23+00:00","breadcrumb":{"@id":"https:\/\/me-remo.com\/pt-pt\/aviso-de-privacidade-cookies\/#breadcrumb"},"inLanguage":"pt-PT","potentialAction":[{"@type":"ReadAction","target":["https:\/\/me-remo.com\/pt-pt\/aviso-de-privacidade-cookies\/"]}]},{"@type":"ImageObject","inLanguage":"pt-PT","@id":"https:\/\/me-remo.com\/pt-pt\/aviso-de-privacidade-cookies\/#primaryimage","url":"https:\/\/me-remo.com\/wp-content\/uploads\/2025\/07\/Remo-Cookies-1-1.webp","contentUrl":"https:\/\/me-remo.com\/wp-content\/uploads\/2025\/07\/Remo-Cookies-1-1.webp"},{"@type":"BreadcrumbList","@id":"https:\/\/me-remo.com\/pt-pt\/aviso-de-privacidade-cookies\/#breadcrumb","itemListElement":[{"@type":"ListItem","position":1,"name":"Home","item":"https:\/\/me-remo.com\/pt-pt\/"},{"@type":"ListItem","position":2,"name":"Aviso de privacidade &#8211; Cookies"}]},{"@type":"WebSite","@id":"https:\/\/me-remo.com\/pt-pt\/#website","url":"https:\/\/me-remo.com\/pt-pt\/","name":"REMO Mobility","description":"Charging solutions for electric vehicles","publisher":{"@id":"https:\/\/me-remo.com\/pt-pt\/#organization"},"potentialAction":[{"@type":"SearchAction","target":{"@type":"EntryPoint","urlTemplate":"https:\/\/me-remo.com\/pt-pt\/?s={search_term_string}"},"query-input":{"@type":"PropertyValueSpecification","valueRequired":true,"valueName":"search_term_string"}}],"inLanguage":"pt-PT"},{"@type":"Organization","@id":"https:\/\/me-remo.com\/pt-pt\/#organization","name":"REMO Mobility","url":"https:\/\/me-remo.com\/pt-pt\/","logo":{"@type":"ImageObject","inLanguage":"pt-PT","@id":"https:\/\/me-remo.com\/pt-pt\/#\/schema\/logo\/image\/","url":"http:\/\/me-remo.com\/wp-content\/uploads\/2025\/07\/REMO-Logo-Endorse-Smaller-Sizes-RGB-Yellow-scaled.png","contentUrl":"http:\/\/me-remo.com\/wp-content\/uploads\/2025\/07\/REMO-Logo-Endorse-Smaller-Sizes-RGB-Yellow-scaled.png","width":2560,"height":912,"caption":"REMO Mobility"},"image":{"@id":"https:\/\/me-remo.com\/pt-pt\/#\/schema\/logo\/image\/"}}]}},"_links":{"self":[{"href":"https:\/\/me-remo.com\/pt-pt\/wp-json\/wp\/v2\/pages\/1173","targetHints":{"allow":["GET"]}}],"collection":[{"href":"https:\/\/me-remo.com\/pt-pt\/wp-json\/wp\/v2\/pages"}],"about":[{"href":"https:\/\/me-remo.com\/pt-pt\/wp-json\/wp\/v2\/types\/page"}],"author":[{"embeddable":true,"href":"https:\/\/me-remo.com\/pt-pt\/wp-json\/wp\/v2\/users\/2"}],"replies":[{"embeddable":true,"href":"https:\/\/me-remo.com\/pt-pt\/wp-json\/wp\/v2\/comments?post=1173"}],"version-history":[{"count":6,"href":"https:\/\/me-remo.com\/pt-pt\/wp-json\/wp\/v2\/pages\/1173\/revisions"}],"predecessor-version":[{"id":1392,"href":"https:\/\/me-remo.com\/pt-pt\/wp-json\/wp\/v2\/pages\/1173\/revisions\/1392"}],"wp:attachment":[{"href":"https:\/\/me-remo.com\/pt-pt\/wp-json\/wp\/v2\/media?parent=1173"}],"curies":[{"name":"wp","href":"https:\/\/api.w.org\/{rel}","templated":true}]}}