{"id":1132,"date":"2025-06-11T12:44:58","date_gmt":"2025-06-11T10:44:58","guid":{"rendered":"https:\/\/me-remo.com\/contacto\/"},"modified":"2025-09-18T11:36:17","modified_gmt":"2025-09-18T09:36:17","slug":"contacto","status":"publish","type":"page","link":"https:\/\/me-remo.com\/pt-pt\/contacto\/","title":{"rendered":"Contacto"},"content":{"rendered":"<section\n  id=\"block_ad506c3a6aeb12898ec1602707c519a5\"\n  class=\"c-section-header alignwide js-section-header align-center wp-block-un-blocks-section-header\">\n  <header class=\"c-section-header__header\">\n    \n          <h1 class=\"c-section-header__title c-title-1\" data-reveal>Movemos o presente, constru\u00edmos o futuro da mobilidade.<\/h1>\n    \n      <\/header>\n\n  <\/section>\n\n<div class=\"wp-block-contact-form-7-contact-form-selector\">\n<div class=\"wpcf7 no-js\" id=\"wpcf7-f1488-o1\" lang=\"pt-PT\" dir=\"ltr\" data-wpcf7-id=\"1488\">\n<div class=\"screen-reader-response\"><p role=\"status\" aria-live=\"polite\" aria-atomic=\"true\"><\/p> <ul><\/ul><\/div>\n<form action=\"\/pt-pt\/wp-json\/wp\/v2\/pages\/1132#wpcf7-f1488-o1\" method=\"post\" class=\"wpcf7-form init\" aria-label=\"Formul\u00e1rio de contacto\" novalidate=\"novalidate\" data-status=\"init\">\n<fieldset class=\"hidden-fields-container\"><input type=\"hidden\" name=\"_wpcf7\" value=\"1488\" \/><input type=\"hidden\" name=\"_wpcf7_version\" value=\"6.1\" \/><input type=\"hidden\" name=\"_wpcf7_locale\" value=\"pt_PT\" \/><input type=\"hidden\" name=\"_wpcf7_unit_tag\" value=\"wpcf7-f1488-o1\" \/><input type=\"hidden\" name=\"_wpcf7_container_post\" value=\"0\" \/><input type=\"hidden\" name=\"_wpcf7_posted_data_hash\" value=\"\" \/>\n<\/fieldset>\n<div class=\"wpcf7-turnstile cf-turnstile\" data-sitekey=\"0x4AAAAAABldlTnSkuREZk0Z\" data-response-field-name=\"_wpcf7_turnstile_response\"><\/div>\n\n<h3 class=\"c-title-3\">Contacte-nos<\/h3>\n\n<div class=\"wpcf7__row\">\n<label for=\"name\">Nome *<\/label>\n<span class=\"wpcf7-form-control-wrap\" data-name=\"yourname\"><input size=\"40\" maxlength=\"400\" class=\"wpcf7-form-control wpcf7-text wpcf7-validates-as-required\" id=\"name\" autocomplete=\"name\" aria-required=\"true\" aria-invalid=\"false\" value=\"\" type=\"text\" name=\"yourname\" \/><\/span> \n<\/div>\n\n<div class=\"wpcf7__row\">\n<label for=\"email\">Email *<\/label>\n<span class=\"wpcf7-form-control-wrap\" data-name=\"email\"><input size=\"40\" maxlength=\"400\" class=\"wpcf7-form-control wpcf7-email wpcf7-validates-as-required wpcf7-text wpcf7-validates-as-email\" id=\"email\" autocomplete=\"email\" aria-required=\"true\" aria-invalid=\"false\" value=\"\" type=\"email\" name=\"email\" \/><\/span>\n<\/div>\n\n<div class=\"wpcf7__row\">\n<label for=\"phone\">Telefone *<\/label>\n<span class=\"wpcf7-form-control-wrap\" data-name=\"phone\"><input size=\"40\" maxlength=\"400\" class=\"wpcf7-form-control wpcf7-tel wpcf7-validates-as-required wpcf7-text wpcf7-validates-as-tel\" id=\"phone\" autocomplete=\"tel\" aria-required=\"true\" aria-invalid=\"false\" value=\"\" type=\"tel\" name=\"phone\" \/><\/span> \n<\/div>\n\n<div class=\"wpcf7__columns\">\n<div class=\"wpcf7__row\">\n<label for=\"city\">Cidade *<\/label>\n<span class=\"wpcf7-form-control-wrap\" data-name=\"city\"><input size=\"40\" maxlength=\"400\" class=\"wpcf7-form-control wpcf7-text wpcf7-validates-as-required\" id=\"city\" aria-required=\"true\" aria-invalid=\"false\" value=\"\" type=\"text\" name=\"city\" \/><\/span> \n<\/div>\n<div class=\"wpcf7__row\">\n<label for=\"cp\">C\u00f3digo postal *<\/label>\n<span class=\"wpcf7-form-control-wrap\" data-name=\"cp\"><input size=\"40\" maxlength=\"400\" class=\"wpcf7-form-control wpcf7-text wpcf7-validates-as-required\" id=\"cp\" aria-required=\"true\" aria-invalid=\"false\" value=\"\" type=\"text\" name=\"cp\" \/><\/span> \n<\/div>\n<\/div>\n\n<div class=\"wpcf7__row\">\n<label for=\"service\">Servi\u00e7o solicitado<\/label>\n<span class=\"wpcf7-form-control-wrap\" data-name=\"service\"><select class=\"wpcf7-form-control wpcf7-select\" id=\"service\" aria-invalid=\"false\" name=\"service\"><option value=\"\">&#8212;Por favor escolha uma op\u00e7\u00e3o&#8212;<\/option><option value=\"Oportunidades de neg\u00f3cio (instala\u00e7\u00f5es de carregamento)\">Oportunidades de neg\u00f3cio (instala\u00e7\u00f5es de carregamento)<\/option><option value=\"Oportunidades de neg\u00f3cio (transi\u00e7\u00e3o de frota)\">Oportunidades de neg\u00f3cio (transi\u00e7\u00e3o de frota)<\/option><option value=\"Pedidos de informa\u00e7\u00e3o\">Pedidos de informa\u00e7\u00e3o<\/option><option value=\"Reclama\u00e7\u00f5es\">Reclama\u00e7\u00f5es<\/option><\/select><\/span>\n<\/div>\n\n<div class=\"wpcf7__row\">\n<label for=\"company\">Empresa<\/label>\n<span class=\"wpcf7-form-control-wrap\" data-name=\"company\"><input size=\"40\" maxlength=\"400\" class=\"wpcf7-form-control wpcf7-text\" id=\"company\" aria-invalid=\"false\" value=\"\" type=\"text\" name=\"company\" \/><\/span> \n<\/div>\n\n<div class=\"wpcf7__row\">\n<label for=\"message\">Mensagem<\/label>\n<span class=\"wpcf7-form-control-wrap\" data-name=\"message\"><textarea cols=\"40\" rows=\"10\" maxlength=\"2000\" class=\"wpcf7-form-control wpcf7-textarea\" id=\"message\" aria-invalid=\"false\" name=\"message\"><\/textarea><\/span> \n<\/div>\n\n<div class=\"wpcf7__columns\">\n <span class=\"wpcf7-form-control-wrap\" data-name=\"accept\"><span class=\"wpcf7-form-control wpcf7-acceptance\"><span class=\"wpcf7-list-item\"><label><input type=\"checkbox\" name=\"accept\" value=\"1\" aria-invalid=\"false\" \/><span class=\"wpcf7-list-item-label\">Li e aceito a <a target=\"_blank\" href=\"\/privacy-policy\">Pol\u00edtica de Privacidade<\/a><\/span><\/label><\/span><\/span><\/span>\n<button type=\"submit\" class=\"c-button c-button--medium\">Enviar <svg xmlns=\"http:\/\/www.w3.org\/2000\/svg\" width=\"19\" height=\"19\" viewBox=\"0 0 19 19\" fill=\"none\" class=\"\">\n<path d=\"M0.514719 9.50017H17.4853M17.4853 9.50017L9.53033 17.4551M17.4853 9.50017L9.53033 1.54522\" stroke=\"currentColor\" stroke-width=\"1.5975\"\/>\n<\/svg><\/button>\n<\/div><div class=\"wpcf7-response-output\" aria-hidden=\"true\"><\/div>\n<\/form>\n<\/div>\n<\/div>\n","protected":false},"excerpt":{"rendered":"","protected":false},"author":1,"featured_media":0,"parent":0,"menu_order":0,"comment_status":"closed","ping_status":"closed","template":"","meta":{"_acf_changed":false,"footnotes":""},"class_list":["post-1132","page","type-page","status-publish","hentry"],"acf":[],"yoast_head":"<!-- This site is optimized with the Yoast SEO plugin v25.4 - https:\/\/yoast.com\/wordpress\/plugins\/seo\/ -->\n<title>Contacto - REMO Mobility<\/title>\n<meta name=\"robots\" content=\"index, follow, max-snippet:-1, max-image-preview:large, max-video-preview:-1\" \/>\n<link rel=\"canonical\" href=\"https:\/\/me-remo.com\/pt-pt\/contacto\/\" \/>\n<meta property=\"og:locale\" content=\"pt_PT\" \/>\n<meta property=\"og:type\" content=\"article\" \/>\n<meta property=\"og:title\" content=\"Contacto - REMO Mobility\" \/>\n<meta property=\"og:url\" content=\"https:\/\/me-remo.com\/pt-pt\/contacto\/\" \/>\n<meta property=\"og:site_name\" content=\"REMO Mobility\" \/>\n<meta property=\"article:modified_time\" content=\"2025-09-18T09:36:17+00:00\" \/>\n<meta name=\"twitter:card\" content=\"summary_large_image\" \/>\n<script type=\"application\/ld+json\" class=\"yoast-schema-graph\">{\"@context\":\"https:\/\/schema.org\",\"@graph\":[{\"@type\":\"WebPage\",\"@id\":\"https:\/\/me-remo.com\/pt-pt\/contacto\/\",\"url\":\"https:\/\/me-remo.com\/pt-pt\/contacto\/\",\"name\":\"Contacto - REMO Mobility\",\"isPartOf\":{\"@id\":\"https:\/\/me-remo.com\/pt-pt\/#website\"},\"datePublished\":\"2025-06-11T10:44:58+00:00\",\"dateModified\":\"2025-09-18T09:36:17+00:00\",\"breadcrumb\":{\"@id\":\"https:\/\/me-remo.com\/pt-pt\/contacto\/#breadcrumb\"},\"inLanguage\":\"pt-PT\",\"potentialAction\":[{\"@type\":\"ReadAction\",\"target\":[\"https:\/\/me-remo.com\/pt-pt\/contacto\/\"]}]},{\"@type\":\"BreadcrumbList\",\"@id\":\"https:\/\/me-remo.com\/pt-pt\/contacto\/#breadcrumb\",\"itemListElement\":[{\"@type\":\"ListItem\",\"position\":1,\"name\":\"Home\",\"item\":\"https:\/\/me-remo.com\/pt-pt\/\"},{\"@type\":\"ListItem\",\"position\":2,\"name\":\"Contacto\"}]},{\"@type\":\"WebSite\",\"@id\":\"https:\/\/me-remo.com\/pt-pt\/#website\",\"url\":\"https:\/\/me-remo.com\/pt-pt\/\",\"name\":\"REMO Mobility\",\"description\":\"Charging solutions for electric vehicles\",\"publisher\":{\"@id\":\"https:\/\/me-remo.com\/pt-pt\/#organization\"},\"potentialAction\":[{\"@type\":\"SearchAction\",\"target\":{\"@type\":\"EntryPoint\",\"urlTemplate\":\"https:\/\/me-remo.com\/pt-pt\/?s={search_term_string}\"},\"query-input\":{\"@type\":\"PropertyValueSpecification\",\"valueRequired\":true,\"valueName\":\"search_term_string\"}}],\"inLanguage\":\"pt-PT\"},{\"@type\":\"Organization\",\"@id\":\"https:\/\/me-remo.com\/pt-pt\/#organization\",\"name\":\"REMO Mobility\",\"url\":\"https:\/\/me-remo.com\/pt-pt\/\",\"logo\":{\"@type\":\"ImageObject\",\"inLanguage\":\"pt-PT\",\"@id\":\"https:\/\/me-remo.com\/pt-pt\/#\/schema\/logo\/image\/\",\"url\":\"http:\/\/me-remo.com\/wp-content\/uploads\/2025\/07\/REMO-Logo-Endorse-Smaller-Sizes-RGB-Yellow-scaled.png\",\"contentUrl\":\"http:\/\/me-remo.com\/wp-content\/uploads\/2025\/07\/REMO-Logo-Endorse-Smaller-Sizes-RGB-Yellow-scaled.png\",\"width\":2560,\"height\":912,\"caption\":\"REMO Mobility\"},\"image\":{\"@id\":\"https:\/\/me-remo.com\/pt-pt\/#\/schema\/logo\/image\/\"}}]}<\/script>\n<!-- \/ Yoast SEO plugin. -->","yoast_head_json":{"title":"Contacto - REMO Mobility","robots":{"index":"index","follow":"follow","max-snippet":"max-snippet:-1","max-image-preview":"max-image-preview:large","max-video-preview":"max-video-preview:-1"},"canonical":"https:\/\/me-remo.com\/pt-pt\/contacto\/","og_locale":"pt_PT","og_type":"article","og_title":"Contacto - REMO Mobility","og_url":"https:\/\/me-remo.com\/pt-pt\/contacto\/","og_site_name":"REMO Mobility","article_modified_time":"2025-09-18T09:36:17+00:00","twitter_card":"summary_large_image","schema":{"@context":"https:\/\/schema.org","@graph":[{"@type":"WebPage","@id":"https:\/\/me-remo.com\/pt-pt\/contacto\/","url":"https:\/\/me-remo.com\/pt-pt\/contacto\/","name":"Contacto - REMO Mobility","isPartOf":{"@id":"https:\/\/me-remo.com\/pt-pt\/#website"},"datePublished":"2025-06-11T10:44:58+00:00","dateModified":"2025-09-18T09:36:17+00:00","breadcrumb":{"@id":"https:\/\/me-remo.com\/pt-pt\/contacto\/#breadcrumb"},"inLanguage":"pt-PT","potentialAction":[{"@type":"ReadAction","target":["https:\/\/me-remo.com\/pt-pt\/contacto\/"]}]},{"@type":"BreadcrumbList","@id":"https:\/\/me-remo.com\/pt-pt\/contacto\/#breadcrumb","itemListElement":[{"@type":"ListItem","position":1,"name":"Home","item":"https:\/\/me-remo.com\/pt-pt\/"},{"@type":"ListItem","position":2,"name":"Contacto"}]},{"@type":"WebSite","@id":"https:\/\/me-remo.com\/pt-pt\/#website","url":"https:\/\/me-remo.com\/pt-pt\/","name":"REMO Mobility","description":"Charging solutions for electric vehicles","publisher":{"@id":"https:\/\/me-remo.com\/pt-pt\/#organization"},"potentialAction":[{"@type":"SearchAction","target":{"@type":"EntryPoint","urlTemplate":"https:\/\/me-remo.com\/pt-pt\/?s={search_term_string}"},"query-input":{"@type":"PropertyValueSpecification","valueRequired":true,"valueName":"search_term_string"}}],"inLanguage":"pt-PT"},{"@type":"Organization","@id":"https:\/\/me-remo.com\/pt-pt\/#organization","name":"REMO Mobility","url":"https:\/\/me-remo.com\/pt-pt\/","logo":{"@type":"ImageObject","inLanguage":"pt-PT","@id":"https:\/\/me-remo.com\/pt-pt\/#\/schema\/logo\/image\/","url":"http:\/\/me-remo.com\/wp-content\/uploads\/2025\/07\/REMO-Logo-Endorse-Smaller-Sizes-RGB-Yellow-scaled.png","contentUrl":"http:\/\/me-remo.com\/wp-content\/uploads\/2025\/07\/REMO-Logo-Endorse-Smaller-Sizes-RGB-Yellow-scaled.png","width":2560,"height":912,"caption":"REMO Mobility"},"image":{"@id":"https:\/\/me-remo.com\/pt-pt\/#\/schema\/logo\/image\/"}}]}},"_links":{"self":[{"href":"https:\/\/me-remo.com\/pt-pt\/wp-json\/wp\/v2\/pages\/1132","targetHints":{"allow":["GET"]}}],"collection":[{"href":"https:\/\/me-remo.com\/pt-pt\/wp-json\/wp\/v2\/pages"}],"about":[{"href":"https:\/\/me-remo.com\/pt-pt\/wp-json\/wp\/v2\/types\/page"}],"author":[{"embeddable":true,"href":"https:\/\/me-remo.com\/pt-pt\/wp-json\/wp\/v2\/users\/1"}],"replies":[{"embeddable":true,"href":"https:\/\/me-remo.com\/pt-pt\/wp-json\/wp\/v2\/comments?post=1132"}],"version-history":[{"count":10,"href":"https:\/\/me-remo.com\/pt-pt\/wp-json\/wp\/v2\/pages\/1132\/revisions"}],"predecessor-version":[{"id":1490,"href":"https:\/\/me-remo.com\/pt-pt\/wp-json\/wp\/v2\/pages\/1132\/revisions\/1490"}],"wp:attachment":[{"href":"https:\/\/me-remo.com\/pt-pt\/wp-json\/wp\/v2\/media?parent=1132"}],"curies":[{"name":"wp","href":"https:\/\/api.w.org\/{rel}","templated":true}]}}