{"id":1761,"date":"2025-10-03T15:01:53","date_gmt":"2025-10-03T13:01:53","guid":{"rendered":"https:\/\/me-remo.com\/hubs\/"},"modified":"2025-10-27T18:04:32","modified_gmt":"2025-10-27T17:04:32","slug":"hubs","status":"publish","type":"page","link":"https:\/\/me-remo.com\/es\/hubs\/","title":{"rendered":"Hubs"},"content":{"rendered":"<section\n  id=\"block_3b99338753aa04487afde44946ac2532\"\n  class=\"alignwider c-page-header js-page-header wp-block-un-blocks-page-header\">\n  <div class=\"c-page-header__inner\">\n    <video class=\"c-page-header__video\" autoplay muted loop playsinline>\n      <source media=\"(min-width: 1024px)\" src=\"https:\/\/me-remo.com\/wp-content\/uploads\/2025\/10\/industries-hubs-hero.mp4\" type=\"video\/mp4\">\n      <source src=\"https:\/\/me-remo.com\/wp-content\/uploads\/2025\/10\/industries-hubs-hero.mp4\" type=\"video\/mp4\">\n    <\/video>\n    <div class=\"c-page-header__content\">\n              <p class=\"c-page-header__pretitle\">HUBS<\/p>\n            <h1 class=\"c-page-header__title\">Convierte el espacio vac\u00edo en ingresos adicionales.<\/h1>\n              <a target=\"\" href=\"https:\/\/me-remo.com\/contact\/\" class=\"c-button\">\n          Cont\u00e1ctanos        <\/a>\n          <\/div>\n  <\/div>\n<\/section>\n<section\n  id=\"block_09a1c0ad221fb72c2e15b6756409ced4\"\n  class=\"c-section-header alignwide js-section-header align-default wp-block-un-blocks-section-header\">\n  <header class=\"c-section-header__header\">\n    \n          <h2 class=\"c-section-header__title c-title-1\" data-reveal>El suelo disponible puede impulsar el futuro. \u00bfTu espacio est\u00e1 listo para impulsar la movilidad?<\/h2>\n    \n          <div class=\"c-section-header__text\" data-reveal><p>Las parcelas vac\u00edas y los aparcamientos infrautilizados pueden convertirse en hubs de recarga r\u00e1pida que conectan ciudades, sirven a los commuters y habilitan viajes de larga distancia. Los conductores exigen recarga ultrarr\u00e1pida y fiable, con disponibilidad garantizada; aun as\u00ed, muchas regiones todav\u00eda no cubren las necesidades de los usuarios de VE. <\/p>\n<\/div>\n      <\/header>\n\n  <\/section>\n<section\n  id=\"block_a9fb77997cf075f4fb7dc929fa3a2968\"\n  class=\"alignwide c-icons js-icons wp-block-un-blocks-icons\">\n      <div class=\"c-icons__item c-icons__item--default\" data-reveal data-reveal-delay=\"0.1s\">\n              <img loading=\"lazy\" decoding=\"async\" width=\"1024\" height=\"1024\" src=\"https:\/\/me-remo.com\/wp-content\/uploads\/2025\/09\/icon-filled-and-outlined-built-1024x1024.png\" class=\"c-icons__item-image\" alt=\"\" srcset=\"https:\/\/me-remo.com\/wp-content\/uploads\/2025\/09\/icon-filled-and-outlined-built-1024x1024.png 1024w, https:\/\/me-remo.com\/wp-content\/uploads\/2025\/09\/icon-filled-and-outlined-built-300x300.png 300w, https:\/\/me-remo.com\/wp-content\/uploads\/2025\/09\/icon-filled-and-outlined-built-150x150.png 150w, https:\/\/me-remo.com\/wp-content\/uploads\/2025\/09\/icon-filled-and-outlined-built-768x768.png 768w, https:\/\/me-remo.com\/wp-content\/uploads\/2025\/09\/icon-filled-and-outlined-built.png 1201w\" sizes=\"auto, (max-width: 1024px) 100vw, 1024px\" \/>                    <h3 class=\"c-icons__item-title\">\n                    Convierte el suelo sin uso en ingresos        <\/h3>\n                    <p class=\"c-icons__item-text\">Los hubs de recarga abren nuevas v\u00edas de ingresos y valor a largo plazo.<\/p>\n          <\/div>\n      <div class=\"c-icons__item c-icons__item--default\" data-reveal data-reveal-delay=\"0.2s\">\n              <img loading=\"lazy\" decoding=\"async\" width=\"1024\" height=\"1024\" src=\"https:\/\/me-remo.com\/wp-content\/uploads\/2025\/09\/icon-filled-and-outlined-tailored--1024x1024.png\" class=\"c-icons__item-image\" alt=\"\" srcset=\"https:\/\/me-remo.com\/wp-content\/uploads\/2025\/09\/icon-filled-and-outlined-tailored--1024x1024.png 1024w, https:\/\/me-remo.com\/wp-content\/uploads\/2025\/09\/icon-filled-and-outlined-tailored--300x300.png 300w, https:\/\/me-remo.com\/wp-content\/uploads\/2025\/09\/icon-filled-and-outlined-tailored--150x150.png 150w, https:\/\/me-remo.com\/wp-content\/uploads\/2025\/09\/icon-filled-and-outlined-tailored--768x768.png 768w, https:\/\/me-remo.com\/wp-content\/uploads\/2025\/09\/icon-filled-and-outlined-tailored-.png 1201w\" sizes=\"auto, (max-width: 1024px) 100vw, 1024px\" \/>                    <h3 class=\"c-icons__item-title\">\n                    Satisface las necesidades de los conductores de VE         <\/h3>\n                    <p class=\"c-icons__item-text\">Los usuarios de VE buscan ubicaciones accesibles con varios cargadores r\u00e1pidos o ultrarr\u00e1pidos que minimicen las esperas, faciliten la log\u00edstica diaria y ofrezcan la mejor experiencia.<\/p>\n          <\/div>\n      <div class=\"c-icons__item c-icons__item--default\" data-reveal data-reveal-delay=\"0.3s\">\n              <img loading=\"lazy\" decoding=\"async\" width=\"1024\" height=\"1024\" src=\"https:\/\/me-remo.com\/wp-content\/uploads\/2025\/09\/icon-filled-and-outlined-stress-free-1024x1024.png\" class=\"c-icons__item-image\" alt=\"\" srcset=\"https:\/\/me-remo.com\/wp-content\/uploads\/2025\/09\/icon-filled-and-outlined-stress-free-1024x1024.png 1024w, https:\/\/me-remo.com\/wp-content\/uploads\/2025\/09\/icon-filled-and-outlined-stress-free-300x300.png 300w, https:\/\/me-remo.com\/wp-content\/uploads\/2025\/09\/icon-filled-and-outlined-stress-free-150x150.png 150w, https:\/\/me-remo.com\/wp-content\/uploads\/2025\/09\/icon-filled-and-outlined-stress-free-768x768.png 768w, https:\/\/me-remo.com\/wp-content\/uploads\/2025\/09\/icon-filled-and-outlined-stress-free.png 1201w\" sizes=\"auto, (max-width: 1024px) 100vw, 1024px\" \/>                    <h3 class=\"c-icons__item-title\">\n                    Prepara tu suelo para el futuro.        <\/h3>\n                    <p class=\"c-icons__item-text\">Con la transici\u00f3n hacia la movilidad el\u00e9ctrica, instalar un hub hoy garantiza que tu activo siga siendo relevante y valioso durante a\u00f1os.<\/p>\n          <\/div>\n  <\/section>\n<section\n  id=\"block_66a01c93fc327ffbbd63b27bd16bd346\"\n  class=\"alignwide c-lines js-lines wp-block-un-blocks-lines\">\n  <div class=\"c-lines__wrapper\">\n    <section class=\"c-section-header js-section-header\">\n      <header class=\"c-section-header__header\">\n        \n                  <h2 class=\"c-section-header__title c-title-1\" data-reveal>Desarrollo de hubs end-to-end por REMO.<\/h2>\n        \n              <\/header>\n\n          <\/section>\n\n    <div class=\"c-lines__container\">\n              <div class=\"c-lines__item js-lines-item\">\n          <h3 class=\"c-lines__item-title\">\n            Cero inversi\u00f3n inicial.          <\/h3>\n          <div class=\"c-lines__item-text\">\n            Alojar un hub te asegura ingresos recurrentes: nosotros invertimos en la instalaci\u00f3n, nuevas acometidas\/conexiones a red, ampliaciones de potencia y operaci\u00f3n. T\u00fa aportas el suelo; del resto nos encargamos nosotros           <\/div>\n        <\/div>\n              <div class=\"c-lines__item js-lines-item\">\n          <h3 class=\"c-lines__item-title\">\n            Incrementa el valor del activo.          <\/h3>\n          <div class=\"c-lines__item-text\">\n            Desde peque\u00f1os aparcamientos hasta grandes parcelas junto a carretera, adaptamos el hub para maximizar el potencial de tu terreno sin interrumpir la actividad.          <\/div>\n        <\/div>\n              <div class=\"c-lines__item js-lines-item\">\n          <h3 class=\"c-lines__item-title\">\n            Alta capacidad y carga r\u00e1pida: nuevas oportunidades.          <\/h3>\n          <div class=\"c-lines__item-text\">\n            Varios cargadores ultrarr\u00e1pidos atraen a m\u00e1s conductores, garantizando uso constante y mayores retornos.          <\/div>\n        <\/div>\n          <\/div>\n  <\/div>\n<\/section>\n<section\n  id=\"block_f7c41ff563196e4265de691a492b5fd0\"\n  class=\"c-section-header alignwide js-section-header align-default wp-block-un-blocks-section-header\">\n  <header class=\"c-section-header__header\">\n    \n          <h2 class=\"c-section-header__title c-title-1\" data-reveal>Por qu\u00e9 los hubs de recarga generan valor duradero<\/h2>\n    \n      <\/header>\n\n  <\/section>\n<section\n  id=\"block_0654fd5072ac57076049d09d0f2b2eee\"\n  class=\"alignwide c-icons-grid js-icons-grid wp-block-un-blocks-icons-grid\">\n      <div class=\"c-icons-grid__item\" data-reveal data-reveal-delay=\"0.1s\">\n      <svg xmlns=\"http:\/\/www.w3.org\/2000\/svg\" width=\"32\" height=\"32\" viewBox=\"0 0 32 32\" fill=\"none\" class=\"c-icons-grid__item-icon\">\n<circle cx=\"16.6667\" cy=\"16.6667\" r=\"8.66667\" fill=\"#023139\"\/>\n<path d=\"M14.1333 22.1332L23.5333 12.7332L21.6666 10.8665L14.1333 18.3998L10.3333 14.5998L8.46663 16.4665L14.1333 22.1332ZM16 29.3332C14.1555 29.3332 12.4222 28.9832 10.8 28.2832C9.17774 27.5832 7.76663 26.6332 6.56663 25.4332C5.36663 24.2332 4.41663 22.8221 3.71663 21.1998C3.01663 19.5776 2.66663 17.8443 2.66663 15.9998C2.66663 14.1554 3.01663 12.4221 3.71663 10.7998C4.41663 9.17761 5.36663 7.7665 6.56663 6.5665C7.76663 5.3665 9.17774 4.4165 10.8 3.7165C12.4222 3.0165 14.1555 2.6665 16 2.6665C17.8444 2.6665 19.5777 3.0165 21.2 3.7165C22.8222 4.4165 24.2333 5.3665 25.4333 6.5665C26.6333 7.7665 27.5833 9.17761 28.2833 10.7998C28.9833 12.4221 29.3333 14.1554 29.3333 15.9998C29.3333 17.8443 28.9833 19.5776 28.2833 21.1998C27.5833 22.8221 26.6333 24.2332 25.4333 25.4332C24.2333 26.6332 22.8222 27.5832 21.2 28.2832C19.5777 28.9832 17.8444 29.3332 16 29.3332Z\" fill=\"#ECFD5D\"\/>\n<\/svg>              <h3 class=\"c-icons-grid__item-title\">\n          Asegura ingresos a largo plazo, con potencial de crecimiento.         <\/h3>\n                    <p class=\"c-icons-grid__item-text\">Alojar un hub convierte tu activo en una fuente de ingresos constante y segura.<\/p>\n          <\/div>\n      <div class=\"c-icons-grid__item\" data-reveal data-reveal-delay=\"0.2s\">\n      <svg xmlns=\"http:\/\/www.w3.org\/2000\/svg\" width=\"32\" height=\"32\" viewBox=\"0 0 32 32\" fill=\"none\" class=\"c-icons-grid__item-icon\">\n<circle cx=\"16.6667\" cy=\"16.6667\" r=\"8.66667\" fill=\"#023139\"\/>\n<path d=\"M14.1333 22.1332L23.5333 12.7332L21.6666 10.8665L14.1333 18.3998L10.3333 14.5998L8.46663 16.4665L14.1333 22.1332ZM16 29.3332C14.1555 29.3332 12.4222 28.9832 10.8 28.2832C9.17774 27.5832 7.76663 26.6332 6.56663 25.4332C5.36663 24.2332 4.41663 22.8221 3.71663 21.1998C3.01663 19.5776 2.66663 17.8443 2.66663 15.9998C2.66663 14.1554 3.01663 12.4221 3.71663 10.7998C4.41663 9.17761 5.36663 7.7665 6.56663 6.5665C7.76663 5.3665 9.17774 4.4165 10.8 3.7165C12.4222 3.0165 14.1555 2.6665 16 2.6665C17.8444 2.6665 19.5777 3.0165 21.2 3.7165C22.8222 4.4165 24.2333 5.3665 25.4333 6.5665C26.6333 7.7665 27.5833 9.17761 28.2833 10.7998C28.9833 12.4221 29.3333 14.1554 29.3333 15.9998C29.3333 17.8443 28.9833 19.5776 28.2833 21.1998C27.5833 22.8221 26.6333 24.2332 25.4333 25.4332C24.2333 26.6332 22.8222 27.5832 21.2 28.2832C19.5777 28.9832 17.8444 29.3332 16 29.3332Z\" fill=\"#ECFD5D\"\/>\n<\/svg>              <h3 class=\"c-icons-grid__item-title\">\n          Incrementa el valor del activo        <\/h3>\n                    <p class=\"c-icons-grid__item-text\">Un hub de recarga aumenta el atractivo de tu propiedad para futuros desarrollos o venta.<\/p>\n          <\/div>\n      <div class=\"c-icons-grid__item\" data-reveal data-reveal-delay=\"0.3s\">\n      <svg xmlns=\"http:\/\/www.w3.org\/2000\/svg\" width=\"32\" height=\"32\" viewBox=\"0 0 32 32\" fill=\"none\" class=\"c-icons-grid__item-icon\">\n<circle cx=\"16.6667\" cy=\"16.6667\" r=\"8.66667\" fill=\"#023139\"\/>\n<path d=\"M14.1333 22.1332L23.5333 12.7332L21.6666 10.8665L14.1333 18.3998L10.3333 14.5998L8.46663 16.4665L14.1333 22.1332ZM16 29.3332C14.1555 29.3332 12.4222 28.9832 10.8 28.2832C9.17774 27.5832 7.76663 26.6332 6.56663 25.4332C5.36663 24.2332 4.41663 22.8221 3.71663 21.1998C3.01663 19.5776 2.66663 17.8443 2.66663 15.9998C2.66663 14.1554 3.01663 12.4221 3.71663 10.7998C4.41663 9.17761 5.36663 7.7665 6.56663 6.5665C7.76663 5.3665 9.17774 4.4165 10.8 3.7165C12.4222 3.0165 14.1555 2.6665 16 2.6665C17.8444 2.6665 19.5777 3.0165 21.2 3.7165C22.8222 4.4165 24.2333 5.3665 25.4333 6.5665C26.6333 7.7665 27.5833 9.17761 28.2833 10.7998C28.9833 12.4221 29.3333 14.1554 29.3333 15.9998C29.3333 17.8443 28.9833 19.5776 28.2833 21.1998C27.5833 22.8221 26.6333 24.2332 25.4333 25.4332C24.2333 26.6332 22.8222 27.5832 21.2 28.2832C19.5777 28.9832 17.8444 29.3332 16 29.3332Z\" fill=\"#ECFD5D\"\/>\n<\/svg>              <h3 class=\"c-icons-grid__item-title\">\n          S\u00famate a la transici\u00f3n de la movilidad        <\/h3>\n                    <p class=\"c-icons-grid__item-text\">Al habilitar infraestructura sostenible, te posicionas como propietario visionario que contribuye a la movilidad limpia y a un mundo mejor.<\/p>\n          <\/div>\n      <div class=\"c-icons-grid__item\" data-reveal data-reveal-delay=\"0.4s\">\n      <svg xmlns=\"http:\/\/www.w3.org\/2000\/svg\" width=\"32\" height=\"32\" viewBox=\"0 0 32 32\" fill=\"none\" class=\"c-icons-grid__item-icon\">\n<circle cx=\"16.6667\" cy=\"16.6667\" r=\"8.66667\" fill=\"#023139\"\/>\n<path d=\"M14.1333 22.1332L23.5333 12.7332L21.6666 10.8665L14.1333 18.3998L10.3333 14.5998L8.46663 16.4665L14.1333 22.1332ZM16 29.3332C14.1555 29.3332 12.4222 28.9832 10.8 28.2832C9.17774 27.5832 7.76663 26.6332 6.56663 25.4332C5.36663 24.2332 4.41663 22.8221 3.71663 21.1998C3.01663 19.5776 2.66663 17.8443 2.66663 15.9998C2.66663 14.1554 3.01663 12.4221 3.71663 10.7998C4.41663 9.17761 5.36663 7.7665 6.56663 6.5665C7.76663 5.3665 9.17774 4.4165 10.8 3.7165C12.4222 3.0165 14.1555 2.6665 16 2.6665C17.8444 2.6665 19.5777 3.0165 21.2 3.7165C22.8222 4.4165 24.2333 5.3665 25.4333 6.5665C26.6333 7.7665 27.5833 9.17761 28.2833 10.7998C28.9833 12.4221 29.3333 14.1554 29.3333 15.9998C29.3333 17.8443 28.9833 19.5776 28.2833 21.1998C27.5833 22.8221 26.6333 24.2332 25.4333 25.4332C24.2333 26.6332 22.8222 27.5832 21.2 28.2832C19.5777 28.9832 17.8444 29.3332 16 29.3332Z\" fill=\"#ECFD5D\"\/>\n<\/svg>              <h3 class=\"c-icons-grid__item-title\">\n          Oportunidades de cross-selling        <\/h3>\n                    <p class=\"c-icons-grid__item-text\">M\u00e1s afluencia genera demanda de nuevos servicios \u2014desde retail y restauraci\u00f3n hasta log\u00edstica\u2014 amplificando el potencial de tu propiedad.<\/p>\n          <\/div>\n  <\/section>\n<section\n  id=\"block_28bda1a505ac4bab15b95884d513dd0e\"\n  class=\"c-section-header alignwide js-section-header align-default wp-block-un-blocks-section-header\">\n  <header class=\"c-section-header__header\">\n    \n          <h2 class=\"c-section-header__title c-title-1\" data-reveal>Real cases<\/h2>\n    \n      <\/header>\n\n  <\/section>\n<section\n  id=\"block_decfcf1aacb449d3816cf6ab19cd209d\"\n  class=\"alignfull c-carousel js-carousel wp-block-un-blocks-carousel\">\n  <div class=\"swiper-wrapper\">\n          <div class=\"swiper-slide c-carousel__slide\">\n        <img loading=\"lazy\" decoding=\"async\" width=\"768\" height=\"482\" src=\"https:\/\/me-remo.com\/wp-content\/uploads\/2025\/10\/industries-hubs-we-are-building-2-768x482.webp\" class=\"c-carousel__slide-image\" alt=\"\" srcset=\"https:\/\/me-remo.com\/wp-content\/uploads\/2025\/10\/industries-hubs-we-are-building-2-768x482.webp 768w, https:\/\/me-remo.com\/wp-content\/uploads\/2025\/10\/industries-hubs-we-are-building-2-300x188.webp 300w, https:\/\/me-remo.com\/wp-content\/uploads\/2025\/10\/industries-hubs-we-are-building-2-1024x642.webp 1024w, https:\/\/me-remo.com\/wp-content\/uploads\/2025\/10\/industries-hubs-we-are-building-2-1536x963.webp 1536w, https:\/\/me-remo.com\/wp-content\/uploads\/2025\/10\/industries-hubs-we-are-building-2.webp 1660w\" sizes=\"auto, (max-width: 768px) 100vw, 768px\" \/>                  <h2 class=\"c-carousel__slide-title\">Estamos construyendo nuestro primer HUB<\/h2>\n                      <\/div>\n      <\/div>\n  <button class=\"swiper-button-prev c-carousel__button c-carousel__button--prev\"><svg xmlns=\"http:\/\/www.w3.org\/2000\/svg\" width=\"31\" height=\"54\" viewBox=\"0 0 31 54\" fill=\"none\" class=\"\">\n  <path d=\"M27.8463 2.89638L4.23931 26.5027L28.8406 51.104\" stroke=\"#023139\" stroke-width=\"6\"\/>\n<\/svg><\/button>\n  <button class=\"swiper-button-next c-carousel__button c-carousel__button--next\"><svg xmlns=\"http:\/\/www.w3.org\/2000\/svg\" width=\"31\" height=\"54\" viewBox=\"0 0 31 54\" fill=\"none\" class=\"\">\n  <path d=\"M3.15324 51.1036L26.7602 27.4973L2.15887 2.896\" stroke=\"#023139\" stroke-width=\"6\"\/>\n<\/svg><\/button>\n<\/section>\n\n<p><\/p>\n","protected":false},"excerpt":{"rendered":"","protected":false},"author":2,"featured_media":0,"parent":0,"menu_order":0,"comment_status":"closed","ping_status":"closed","template":"","meta":{"_acf_changed":false,"footnotes":""},"class_list":["post-1761","page","type-page","status-publish","hentry"],"acf":[],"yoast_head":"<!-- This site is optimized with the Yoast SEO plugin v25.4 - https:\/\/yoast.com\/wordpress\/plugins\/seo\/ -->\n<title>Hubs - REMO Mobility<\/title>\n<meta name=\"robots\" content=\"index, follow, max-snippet:-1, max-image-preview:large, max-video-preview:-1\" \/>\n<link rel=\"canonical\" href=\"https:\/\/me-remo.com\/es\/hubs\/\" \/>\n<meta property=\"og:locale\" content=\"es_ES\" \/>\n<meta property=\"og:type\" content=\"article\" \/>\n<meta property=\"og:title\" content=\"Hubs - REMO Mobility\" \/>\n<meta property=\"og:url\" content=\"https:\/\/me-remo.com\/es\/hubs\/\" \/>\n<meta property=\"og:site_name\" content=\"REMO Mobility\" \/>\n<meta property=\"article:modified_time\" content=\"2025-10-27T17:04:32+00:00\" \/>\n<meta name=\"twitter:card\" content=\"summary_large_image\" \/>\n<script type=\"application\/ld+json\" class=\"yoast-schema-graph\">{\"@context\":\"https:\/\/schema.org\",\"@graph\":[{\"@type\":\"WebPage\",\"@id\":\"https:\/\/me-remo.com\/es\/hubs\/\",\"url\":\"https:\/\/me-remo.com\/es\/hubs\/\",\"name\":\"Hubs - REMO Mobility\",\"isPartOf\":{\"@id\":\"https:\/\/me-remo.com\/es\/#website\"},\"datePublished\":\"2025-10-03T13:01:53+00:00\",\"dateModified\":\"2025-10-27T17:04:32+00:00\",\"breadcrumb\":{\"@id\":\"https:\/\/me-remo.com\/es\/hubs\/#breadcrumb\"},\"inLanguage\":\"es\",\"potentialAction\":[{\"@type\":\"ReadAction\",\"target\":[\"https:\/\/me-remo.com\/es\/hubs\/\"]}]},{\"@type\":\"BreadcrumbList\",\"@id\":\"https:\/\/me-remo.com\/es\/hubs\/#breadcrumb\",\"itemListElement\":[{\"@type\":\"ListItem\",\"position\":1,\"name\":\"Home\",\"item\":\"https:\/\/me-remo.com\/es\/\"},{\"@type\":\"ListItem\",\"position\":2,\"name\":\"Hubs\"}]},{\"@type\":\"WebSite\",\"@id\":\"https:\/\/me-remo.com\/es\/#website\",\"url\":\"https:\/\/me-remo.com\/es\/\",\"name\":\"REMO Mobility\",\"description\":\"Charging solutions for electric vehicles\",\"publisher\":{\"@id\":\"https:\/\/me-remo.com\/es\/#organization\"},\"potentialAction\":[{\"@type\":\"SearchAction\",\"target\":{\"@type\":\"EntryPoint\",\"urlTemplate\":\"https:\/\/me-remo.com\/es\/?s={search_term_string}\"},\"query-input\":{\"@type\":\"PropertyValueSpecification\",\"valueRequired\":true,\"valueName\":\"search_term_string\"}}],\"inLanguage\":\"es\"},{\"@type\":\"Organization\",\"@id\":\"https:\/\/me-remo.com\/es\/#organization\",\"name\":\"REMO Mobility\",\"url\":\"https:\/\/me-remo.com\/es\/\",\"logo\":{\"@type\":\"ImageObject\",\"inLanguage\":\"es\",\"@id\":\"https:\/\/me-remo.com\/es\/#\/schema\/logo\/image\/\",\"url\":\"http:\/\/me-remo.com\/wp-content\/uploads\/2025\/07\/REMO-Logo-Endorse-Smaller-Sizes-RGB-Yellow-scaled.png\",\"contentUrl\":\"http:\/\/me-remo.com\/wp-content\/uploads\/2025\/07\/REMO-Logo-Endorse-Smaller-Sizes-RGB-Yellow-scaled.png\",\"width\":2560,\"height\":912,\"caption\":\"REMO Mobility\"},\"image\":{\"@id\":\"https:\/\/me-remo.com\/es\/#\/schema\/logo\/image\/\"}}]}<\/script>\n<!-- \/ Yoast SEO plugin. -->","yoast_head_json":{"title":"Hubs - REMO Mobility","robots":{"index":"index","follow":"follow","max-snippet":"max-snippet:-1","max-image-preview":"max-image-preview:large","max-video-preview":"max-video-preview:-1"},"canonical":"https:\/\/me-remo.com\/es\/hubs\/","og_locale":"es_ES","og_type":"article","og_title":"Hubs - REMO Mobility","og_url":"https:\/\/me-remo.com\/es\/hubs\/","og_site_name":"REMO Mobility","article_modified_time":"2025-10-27T17:04:32+00:00","twitter_card":"summary_large_image","schema":{"@context":"https:\/\/schema.org","@graph":[{"@type":"WebPage","@id":"https:\/\/me-remo.com\/es\/hubs\/","url":"https:\/\/me-remo.com\/es\/hubs\/","name":"Hubs - REMO Mobility","isPartOf":{"@id":"https:\/\/me-remo.com\/es\/#website"},"datePublished":"2025-10-03T13:01:53+00:00","dateModified":"2025-10-27T17:04:32+00:00","breadcrumb":{"@id":"https:\/\/me-remo.com\/es\/hubs\/#breadcrumb"},"inLanguage":"es","potentialAction":[{"@type":"ReadAction","target":["https:\/\/me-remo.com\/es\/hubs\/"]}]},{"@type":"BreadcrumbList","@id":"https:\/\/me-remo.com\/es\/hubs\/#breadcrumb","itemListElement":[{"@type":"ListItem","position":1,"name":"Home","item":"https:\/\/me-remo.com\/es\/"},{"@type":"ListItem","position":2,"name":"Hubs"}]},{"@type":"WebSite","@id":"https:\/\/me-remo.com\/es\/#website","url":"https:\/\/me-remo.com\/es\/","name":"REMO Mobility","description":"Charging solutions for electric vehicles","publisher":{"@id":"https:\/\/me-remo.com\/es\/#organization"},"potentialAction":[{"@type":"SearchAction","target":{"@type":"EntryPoint","urlTemplate":"https:\/\/me-remo.com\/es\/?s={search_term_string}"},"query-input":{"@type":"PropertyValueSpecification","valueRequired":true,"valueName":"search_term_string"}}],"inLanguage":"es"},{"@type":"Organization","@id":"https:\/\/me-remo.com\/es\/#organization","name":"REMO Mobility","url":"https:\/\/me-remo.com\/es\/","logo":{"@type":"ImageObject","inLanguage":"es","@id":"https:\/\/me-remo.com\/es\/#\/schema\/logo\/image\/","url":"http:\/\/me-remo.com\/wp-content\/uploads\/2025\/07\/REMO-Logo-Endorse-Smaller-Sizes-RGB-Yellow-scaled.png","contentUrl":"http:\/\/me-remo.com\/wp-content\/uploads\/2025\/07\/REMO-Logo-Endorse-Smaller-Sizes-RGB-Yellow-scaled.png","width":2560,"height":912,"caption":"REMO Mobility"},"image":{"@id":"https:\/\/me-remo.com\/es\/#\/schema\/logo\/image\/"}}]}},"_links":{"self":[{"href":"https:\/\/me-remo.com\/es\/wp-json\/wp\/v2\/pages\/1761","targetHints":{"allow":["GET"]}}],"collection":[{"href":"https:\/\/me-remo.com\/es\/wp-json\/wp\/v2\/pages"}],"about":[{"href":"https:\/\/me-remo.com\/es\/wp-json\/wp\/v2\/types\/page"}],"author":[{"embeddable":true,"href":"https:\/\/me-remo.com\/es\/wp-json\/wp\/v2\/users\/2"}],"replies":[{"embeddable":true,"href":"https:\/\/me-remo.com\/es\/wp-json\/wp\/v2\/comments?post=1761"}],"version-history":[{"count":1,"href":"https:\/\/me-remo.com\/es\/wp-json\/wp\/v2\/pages\/1761\/revisions"}],"predecessor-version":[{"id":1762,"href":"https:\/\/me-remo.com\/es\/wp-json\/wp\/v2\/pages\/1761\/revisions\/1762"}],"wp:attachment":[{"href":"https:\/\/me-remo.com\/es\/wp-json\/wp\/v2\/media?parent=1761"}],"curies":[{"name":"wp","href":"https:\/\/api.w.org\/{rel}","templated":true}]}}