{"id":1175,"date":"2025-06-30T13:05:26","date_gmt":"2025-06-30T11:05:26","guid":{"rendered":"https:\/\/me-remo.com\/acerca-de\/"},"modified":"2025-09-10T17:52:45","modified_gmt":"2025-09-10T15:52:45","slug":"acerca-de","status":"publish","type":"page","link":"https:\/\/me-remo.com\/es\/acerca-de\/","title":{"rendered":"Acerca de"},"content":{"rendered":"<section\n  id=\"block_f82739a2ba1e91d413403ef8a8917a4a\"\n  class=\"alignwider c-page-header js-page-header wp-block-un-blocks-page-header\">\n  <div class=\"c-page-header__inner\">\n    <video class=\"c-page-header__video\" autoplay muted loop playsinline>\n      <source media=\"(min-width: 1024px)\" src=\"https:\/\/me-remo.com\/wp-content\/uploads\/2025\/06\/remo-about-hero.mp4\" type=\"video\/mp4\">\n      <source src=\"https:\/\/me-remo.com\/wp-content\/uploads\/2025\/06\/remo-about-hero.mp4\" type=\"video\/mp4\">\n    <\/video>\n    <div class=\"c-page-header__content\">\n              <p class=\"c-page-header__pretitle\">ACERCA DE<\/p>\n            <h1 class=\"c-page-header__title\">Electrificando el futuro Preparados para el ma\u00f1ana<\/h1>\n          <\/div>\n  <\/div>\n<\/section>\n<section\n  id=\"block_ace071380c50e68bee1418cb703892a3\"\n  class=\"c-section-header alignwide js-section-header align-default wp-block-un-blocks-section-header\">\n  <header class=\"c-section-header__header\">\n    \n          <h2 class=\"c-section-header__title c-title-1\" data-reveal>Socios, no s\u00f3lo proveedores.<\/h2>\n    \n          <div class=\"c-section-header__text\" data-reveal><p>La movilidad est\u00e1 evolucionando, y en REMO lideramos esa transici\u00f3n. No se trata solo de instalar cargadores, sino de crear infraestructura, alianzas y la confianza necesaria para transformar ecosistemas completos hacia un futuro m\u00e1s limpia. <\/p>\n<\/div>\n      <\/header>\n\n  <\/section>\n<section\n  id=\"block_e14d799add87ed6b318d7835e72d54a9\"\n  class=\"alignwide c-icons js-icons wp-block-un-blocks-icons\">\n      <div class=\"c-icons__item c-icons__item--default\" data-reveal data-reveal-delay=\"0.1s\">\n              <img loading=\"lazy\" decoding=\"async\" width=\"601\" height=\"601\" src=\"https:\/\/me-remo.com\/wp-content\/uploads\/2025\/07\/remo-about-Tailored.webp\" class=\"c-icons__item-image\" alt=\"\" srcset=\"https:\/\/me-remo.com\/wp-content\/uploads\/2025\/07\/remo-about-Tailored.webp 601w, https:\/\/me-remo.com\/wp-content\/uploads\/2025\/07\/remo-about-Tailored-300x300.webp 300w, https:\/\/me-remo.com\/wp-content\/uploads\/2025\/07\/remo-about-Tailored-150x150.webp 150w\" sizes=\"auto, (max-width: 601px) 100vw, 601px\" \/>                    <h3 class=\"c-icons__item-title\">\n                    Adaptado a tu realidad        <\/h3>\n                    <p class=\"c-icons__item-text\">Dise\u00f1amos en torno a tus operaciones, no al rev\u00e9s.<\/p>\n          <\/div>\n      <div class=\"c-icons__item c-icons__item--default\" data-reveal data-reveal-delay=\"0.2s\">\n              <img loading=\"lazy\" decoding=\"async\" width=\"601\" height=\"601\" src=\"https:\/\/me-remo.com\/wp-content\/uploads\/2025\/07\/remo-about-Built.webp\" class=\"c-icons__item-image\" alt=\"\" srcset=\"https:\/\/me-remo.com\/wp-content\/uploads\/2025\/07\/remo-about-Built.webp 601w, https:\/\/me-remo.com\/wp-content\/uploads\/2025\/07\/remo-about-Built-300x300.webp 300w, https:\/\/me-remo.com\/wp-content\/uploads\/2025\/07\/remo-about-Built-150x150.webp 150w\" sizes=\"auto, (max-width: 601px) 100vw, 601px\" \/>                    <h3 class=\"c-icons__item-title\">\n                    Escalamos contigo        <\/h3>\n                    <p class=\"c-icons__item-text\">Nuestros servicios crecen con tu negocio.<\/p>\n          <\/div>\n      <div class=\"c-icons__item c-icons__item--default\" data-reveal data-reveal-delay=\"0.3s\">\n              <img loading=\"lazy\" decoding=\"async\" width=\"601\" height=\"601\" src=\"https:\/\/me-remo.com\/wp-content\/uploads\/2025\/07\/remo-about-Reliable.webp\" class=\"c-icons__item-image\" alt=\"\" srcset=\"https:\/\/me-remo.com\/wp-content\/uploads\/2025\/07\/remo-about-Reliable.webp 601w, https:\/\/me-remo.com\/wp-content\/uploads\/2025\/07\/remo-about-Reliable-300x300.webp 300w, https:\/\/me-remo.com\/wp-content\/uploads\/2025\/07\/remo-about-Reliable-150x150.webp 150w\" sizes=\"auto, (max-width: 601px) 100vw, 601px\" \/>                    <h3 class=\"c-icons__item-title\">\n                    Fiable desde el primer d\u00eda        <\/h3>\n                    <p class=\"c-icons__item-text\">  Para que puedas centrarte en dirigir tus operaciones.<\/p>\n          <\/div>\n  <\/section>\n<section\n  id=\"block_dfd2af5ddf3a649d62f0dc8b0759ddd8\"\n  class=\"alignwide c-lines js-lines wp-block-un-blocks-lines\">\n  <div class=\"c-lines__wrapper\">\n    <section class=\"c-section-header js-section-header\">\n      <header class=\"c-section-header__header\">\n        \n                  <h2 class=\"c-section-header__title c-title-1\" data-reveal>Existimos para capacitar a los dem\u00e1s para avanzar<\/h2>\n        \n              <\/header>\n\n          <\/section>\n\n    <div class=\"c-lines__container\">\n              <div class=\"c-lines__item js-lines-item\">\n          <h3 class=\"c-lines__item-title\">\n            Propietarios de flotas          <\/h3>\n          <div class=\"c-lines__item-text\">\n            Que necesitan una electrificaci\u00f3n eficiente y rentable          <\/div>\n        <\/div>\n              <div class=\"c-lines__item js-lines-item\">\n          <h3 class=\"c-lines__item-title\">\n            Propietarios            <\/h3>\n          <div class=\"c-lines__item-text\">\n            Que quieren convertir el espacio en valor          <\/div>\n        <\/div>\n              <div class=\"c-lines__item js-lines-item\">\n          <h3 class=\"c-lines__item-title\">\n            Conductores de VE          <\/h3>\n          <div class=\"c-lines__item-text\">\n            Que merecen una carga r\u00e1pida, accesible y fiable          <\/div>\n        <\/div>\n              <div class=\"c-lines__item js-lines-item\">\n          <h3 class=\"c-lines__item-title\">\n            Ciudades          <\/h3>\n          <div class=\"c-lines__item-text\">\n            Que necesitan sistemas de movilidad limpios e integrados que funcionen          <\/div>\n        <\/div>\n          <\/div>\n  <\/div>\n<\/section>\n<section\n  id=\"about-motaengil\"\n  class=\"alignwide c-image-text js-image-text wp-block-un-blocks-image-text\">\n  <header class=\"c-image-text__header\">\n          <p class=\"c-image-text__pretitle\" data-reveal>accionado por mota-engil<\/p>\n    \n          <h2 class=\"c-image-text__title\" data-reveal>Respaldado por la solidez. Construido para la agilidad. <\/h2>\n    \n          <div class=\"c-image-text__text\" data-reveal><p>REMO forma parte de Mota-Engil, uno de los principales grupos europeos de infraestructuras, con m\u00e1s de 75 a\u00f1os de excelencia en ingenier\u00eda. Esto nos da la escala, la credibilidad y el poder de ejecuci\u00f3n para operar a escala nacional e internacional, sin sacrificar la velocidad ni la innovaci\u00f3n. <\/p>\n<p>Como empresa de tecnolog\u00edas limpias integrada en un l\u00edder mundial, combinamos la fiabilidad de las infraestructuras, la adaptabilidad de la tecnolog\u00eda y la visi\u00f3n de la sostenibilidad.<\/p>\n<p>Somos lo bastante grandes para cumplir, lo bastante \u00e1giles para adaptarnos y lo bastante audaces para liderar.<\/p>\n<\/div>\n    \n      <\/header>\n  <img loading=\"lazy\" decoding=\"async\" width=\"768\" height=\"768\" src=\"https:\/\/me-remo.com\/wp-content\/uploads\/2025\/06\/remo-about-motaengil-768x768.webp\" class=\"c-image-text__image\" alt=\"\" data-reveal=\"fade\" srcset=\"https:\/\/me-remo.com\/wp-content\/uploads\/2025\/06\/remo-about-motaengil-768x768.webp 768w, https:\/\/me-remo.com\/wp-content\/uploads\/2025\/06\/remo-about-motaengil-300x300.webp 300w, https:\/\/me-remo.com\/wp-content\/uploads\/2025\/06\/remo-about-motaengil-1024x1024.webp 1024w, https:\/\/me-remo.com\/wp-content\/uploads\/2025\/06\/remo-about-motaengil-150x150.webp 150w, https:\/\/me-remo.com\/wp-content\/uploads\/2025\/06\/remo-about-motaengil.webp 1200w\" sizes=\"auto, (max-width: 768px) 100vw, 768px\" \/><\/section>\n<section\n  id=\"block_e4eac7f6c5dc3b168b61dde2407e174a\"\n  class=\"alignwider c-banner js-banner wp-block-un-blocks-banner\">\n  <div class=\"c-banner__inner layout-limpia\">\n    <picture class=\"c-banner__image-wrapper\">\n      <source media=\"(min-width: 1024px)\" srcset=\"https:\/\/me-remo.com\/wp-content\/uploads\/2025\/07\/remo-about-banner.webp\">\n      <img loading=\"lazy\" decoding=\"async\" width=\"2000\" height=\"924\" src=\"https:\/\/me-remo.com\/wp-content\/uploads\/2025\/07\/remo-about-banner.webp\" class=\"c-banner__image\" alt=\"\" srcset=\"https:\/\/me-remo.com\/wp-content\/uploads\/2025\/07\/remo-about-banner.webp 2000w, https:\/\/me-remo.com\/wp-content\/uploads\/2025\/07\/remo-about-banner-300x139.webp 300w, https:\/\/me-remo.com\/wp-content\/uploads\/2025\/07\/remo-about-banner-1024x473.webp 1024w, https:\/\/me-remo.com\/wp-content\/uploads\/2025\/07\/remo-about-banner-768x355.webp 768w, https:\/\/me-remo.com\/wp-content\/uploads\/2025\/07\/remo-about-banner-1536x710.webp 1536w\" sizes=\"auto, (max-width: 2000px) 100vw, 2000px\" \/>    <\/picture>\n    <div class=\"c-banner__content js-banner-content\">\n              <h2 class=\"c-banner__title\">Somos una empresa de movilidad cuya misi\u00f3n es hacer que la transici\u00f3n al transporte el\u00e9ctrico limpio sea fluida, fiable y duradera.<\/h2>\n                            <\/div>\n  <\/div>\n<\/section>\n<section\n  id=\"block_8f8e19dc560b297f224f4503feb5957e\"\n  class=\"c-section-header alignwide js-section-header align-default wp-block-un-blocks-section-header\">\n  <header class=\"c-section-header__header\">\n          <p class=\"c-section-header__pretitle\" data-reveal>Sostenibilidad e impacto<\/p>\n    \n          <h1 class=\"c-section-header__title c-title-1\" data-reveal>Creado para durar, por las razones adecuadas<\/h1>\n    \n      <\/header>\n\n  <\/section>\n<section\n  id=\"about-sustainability\"\n  class=\"alignwide c-icons-grid js-icons-grid wp-block-un-blocks-icons-grid\">\n      <div class=\"c-icons-grid__item\" data-reveal data-reveal-delay=\"0.1s\">\n      <svg xmlns=\"http:\/\/www.w3.org\/2000\/svg\" width=\"32\" height=\"32\" viewBox=\"0 0 32 32\" fill=\"none\" class=\"c-icons-grid__item-icon\">\n<circle cx=\"16.6667\" cy=\"16.6667\" r=\"8.66667\" fill=\"#023139\"\/>\n<path d=\"M14.1333 22.1332L23.5333 12.7332L21.6666 10.8665L14.1333 18.3998L10.3333 14.5998L8.46663 16.4665L14.1333 22.1332ZM16 29.3332C14.1555 29.3332 12.4222 28.9832 10.8 28.2832C9.17774 27.5832 7.76663 26.6332 6.56663 25.4332C5.36663 24.2332 4.41663 22.8221 3.71663 21.1998C3.01663 19.5776 2.66663 17.8443 2.66663 15.9998C2.66663 14.1554 3.01663 12.4221 3.71663 10.7998C4.41663 9.17761 5.36663 7.7665 6.56663 6.5665C7.76663 5.3665 9.17774 4.4165 10.8 3.7165C12.4222 3.0165 14.1555 2.6665 16 2.6665C17.8444 2.6665 19.5777 3.0165 21.2 3.7165C22.8222 4.4165 24.2333 5.3665 25.4333 6.5665C26.6333 7.7665 27.5833 9.17761 28.2833 10.7998C28.9833 12.4221 29.3333 14.1554 29.3333 15.9998C29.3333 17.8443 28.9833 19.5776 28.2833 21.1998C27.5833 22.8221 26.6333 24.2332 25.4333 25.4332C24.2333 26.6332 22.8222 27.5832 21.2 28.2832C19.5777 28.9832 17.8444 29.3332 16 29.3332Z\" fill=\"#ECFD5D\"\/>\n<\/svg>              <h3 class=\"c-icons-grid__item-title\">\n          Reducir las emisiones a escala electrificando el transporte        <\/h3>\n                <\/div>\n      <div class=\"c-icons-grid__item\" data-reveal data-reveal-delay=\"0.2s\">\n      <svg xmlns=\"http:\/\/www.w3.org\/2000\/svg\" width=\"32\" height=\"32\" viewBox=\"0 0 32 32\" fill=\"none\" class=\"c-icons-grid__item-icon\">\n<circle cx=\"16.6667\" cy=\"16.6667\" r=\"8.66667\" fill=\"#023139\"\/>\n<path d=\"M14.1333 22.1332L23.5333 12.7332L21.6666 10.8665L14.1333 18.3998L10.3333 14.5998L8.46663 16.4665L14.1333 22.1332ZM16 29.3332C14.1555 29.3332 12.4222 28.9832 10.8 28.2832C9.17774 27.5832 7.76663 26.6332 6.56663 25.4332C5.36663 24.2332 4.41663 22.8221 3.71663 21.1998C3.01663 19.5776 2.66663 17.8443 2.66663 15.9998C2.66663 14.1554 3.01663 12.4221 3.71663 10.7998C4.41663 9.17761 5.36663 7.7665 6.56663 6.5665C7.76663 5.3665 9.17774 4.4165 10.8 3.7165C12.4222 3.0165 14.1555 2.6665 16 2.6665C17.8444 2.6665 19.5777 3.0165 21.2 3.7165C22.8222 4.4165 24.2333 5.3665 25.4333 6.5665C26.6333 7.7665 27.5833 9.17761 28.2833 10.7998C28.9833 12.4221 29.3333 14.1554 29.3333 15.9998C29.3333 17.8443 28.9833 19.5776 28.2833 21.1998C27.5833 22.8221 26.6333 24.2332 25.4333 25.4332C24.2333 26.6332 22.8222 27.5832 21.2 28.2832C19.5777 28.9832 17.8444 29.3332 16 29.3332Z\" fill=\"#ECFD5D\"\/>\n<\/svg>              <h3 class=\"c-icons-grid__item-title\">\n          Desbloquear nuevas fuentes de valor para las empresas y las ciudades        <\/h3>\n                <\/div>\n      <div class=\"c-icons-grid__item\" data-reveal data-reveal-delay=\"0.3s\">\n      <svg xmlns=\"http:\/\/www.w3.org\/2000\/svg\" width=\"32\" height=\"32\" viewBox=\"0 0 32 32\" fill=\"none\" class=\"c-icons-grid__item-icon\">\n<circle cx=\"16.6667\" cy=\"16.6667\" r=\"8.66667\" fill=\"#023139\"\/>\n<path d=\"M14.1333 22.1332L23.5333 12.7332L21.6666 10.8665L14.1333 18.3998L10.3333 14.5998L8.46663 16.4665L14.1333 22.1332ZM16 29.3332C14.1555 29.3332 12.4222 28.9832 10.8 28.2832C9.17774 27.5832 7.76663 26.6332 6.56663 25.4332C5.36663 24.2332 4.41663 22.8221 3.71663 21.1998C3.01663 19.5776 2.66663 17.8443 2.66663 15.9998C2.66663 14.1554 3.01663 12.4221 3.71663 10.7998C4.41663 9.17761 5.36663 7.7665 6.56663 6.5665C7.76663 5.3665 9.17774 4.4165 10.8 3.7165C12.4222 3.0165 14.1555 2.6665 16 2.6665C17.8444 2.6665 19.5777 3.0165 21.2 3.7165C22.8222 4.4165 24.2333 5.3665 25.4333 6.5665C26.6333 7.7665 27.5833 9.17761 28.2833 10.7998C28.9833 12.4221 29.3333 14.1554 29.3333 15.9998C29.3333 17.8443 28.9833 19.5776 28.2833 21.1998C27.5833 22.8221 26.6333 24.2332 25.4333 25.4332C24.2333 26.6332 22.8222 27.5832 21.2 28.2832C19.5777 28.9832 17.8444 29.3332 16 29.3332Z\" fill=\"#ECFD5D\"\/>\n<\/svg>              <h3 class=\"c-icons-grid__item-title\">\n          Hacer que la movilidad limpia sea accesible, inclusiva y fiable        <\/h3>\n                <\/div>\n      <div class=\"c-icons-grid__item\" data-reveal data-reveal-delay=\"0.4s\">\n      <svg xmlns=\"http:\/\/www.w3.org\/2000\/svg\" width=\"32\" height=\"32\" viewBox=\"0 0 32 32\" fill=\"none\" class=\"c-icons-grid__item-icon\">\n<circle cx=\"16.6667\" cy=\"16.6667\" r=\"8.66667\" fill=\"#023139\"\/>\n<path d=\"M14.1333 22.1332L23.5333 12.7332L21.6666 10.8665L14.1333 18.3998L10.3333 14.5998L8.46663 16.4665L14.1333 22.1332ZM16 29.3332C14.1555 29.3332 12.4222 28.9832 10.8 28.2832C9.17774 27.5832 7.76663 26.6332 6.56663 25.4332C5.36663 24.2332 4.41663 22.8221 3.71663 21.1998C3.01663 19.5776 2.66663 17.8443 2.66663 15.9998C2.66663 14.1554 3.01663 12.4221 3.71663 10.7998C4.41663 9.17761 5.36663 7.7665 6.56663 6.5665C7.76663 5.3665 9.17774 4.4165 10.8 3.7165C12.4222 3.0165 14.1555 2.6665 16 2.6665C17.8444 2.6665 19.5777 3.0165 21.2 3.7165C22.8222 4.4165 24.2333 5.3665 25.4333 6.5665C26.6333 7.7665 27.5833 9.17761 28.2833 10.7998C28.9833 12.4221 29.3333 14.1554 29.3333 15.9998C29.3333 17.8443 28.9833 19.5776 28.2833 21.1998C27.5833 22.8221 26.6333 24.2332 25.4333 25.4332C24.2333 26.6332 22.8222 27.5832 21.2 28.2832C19.5777 28.9832 17.8444 29.3332 16 29.3332Z\" fill=\"#ECFD5D\"\/>\n<\/svg>              <h3 class=\"c-icons-grid__item-title\">\n          Contribuir a los objetivos de descarbonizaci\u00f3n a largo plazo en toda Europa        <\/h3>\n                <\/div>\n  <\/section>\n<section\n  id=\"about-team\"\n  class=\"alignwider c-banner js-banner wp-block-un-blocks-banner\">\n  <div class=\"c-banner__inner layout-default\">\n    <picture class=\"c-banner__image-wrapper\">\n      <source media=\"(min-width: 1024px)\" srcset=\"https:\/\/me-remo.com\/wp-content\/uploads\/2025\/07\/remo-about-JoinTeam_2516887789-2700x1255.jpg\">\n      <img loading=\"lazy\" decoding=\"async\" width=\"393\" height=\"852\" src=\"https:\/\/me-remo.com\/wp-content\/uploads\/2025\/07\/remo-about-JoinTeam-Mobile-2.webp\" class=\"c-banner__image\" alt=\"\" srcset=\"https:\/\/me-remo.com\/wp-content\/uploads\/2025\/07\/remo-about-JoinTeam-Mobile-2.webp 393w, https:\/\/me-remo.com\/wp-content\/uploads\/2025\/07\/remo-about-JoinTeam-Mobile-2-138x300.webp 138w\" sizes=\"auto, (max-width: 393px) 100vw, 393px\" \/>    <\/picture>\n    <div class=\"c-banner__content js-banner-content\">\n              <h2 class=\"c-banner__title\">\u00danete a un equipo que hace avanzar las cosas<\/h2>\n                    <div class=\"c-banner__text size-default\"><p>Siempre estamos buscando personas que quieran construir algo que importe: ingenieros, estrategas y mentes curiosas que crean en el poder de la movilidad limpia para transformar industrias y ciudades. \u00danete a nosotros y construye proyectos en un entorno acelerado e impulsado por objetivos. <\/p>\n<\/div>\n                    <a target=\"\" href=\"https:\/\/me-remo.com\/contact\/\" class=\"c-button\">\n          Ponte en contacto con <svg xmlns=\"http:\/\/www.w3.org\/2000\/svg\" width=\"19\" height=\"19\" viewBox=\"0 0 19 19\" fill=\"none\" class=\"\">\n<path d=\"M0.514719 9.50017H17.4853M17.4853 9.50017L9.53033 17.4551M17.4853 9.50017L9.53033 1.54522\" stroke=\"currentColor\" stroke-width=\"1.5975\"\/>\n<\/svg>        <\/a>\n                <\/div>\n  <\/div>\n<\/section>\n\n<p><\/p>\n","protected":false},"excerpt":{"rendered":"","protected":false},"author":2,"featured_media":0,"parent":0,"menu_order":0,"comment_status":"closed","ping_status":"closed","template":"","meta":{"_acf_changed":false,"footnotes":""},"class_list":["post-1175","page","type-page","status-publish","hentry"],"acf":[],"yoast_head":"<!-- This site is optimized with the Yoast SEO plugin v25.4 - https:\/\/yoast.com\/wordpress\/plugins\/seo\/ -->\n<title>Acerca de - REMO Mobility<\/title>\n<meta name=\"robots\" content=\"index, follow, max-snippet:-1, max-image-preview:large, max-video-preview:-1\" \/>\n<link rel=\"canonical\" href=\"https:\/\/me-remo.com\/es\/acerca-de\/\" \/>\n<meta property=\"og:locale\" content=\"es_ES\" \/>\n<meta property=\"og:type\" content=\"article\" \/>\n<meta property=\"og:title\" content=\"Acerca de - REMO Mobility\" \/>\n<meta property=\"og:url\" content=\"https:\/\/me-remo.com\/es\/acerca-de\/\" \/>\n<meta property=\"og:site_name\" content=\"REMO Mobility\" \/>\n<meta property=\"article:modified_time\" content=\"2025-09-10T15:52:45+00:00\" \/>\n<meta name=\"twitter:card\" content=\"summary_large_image\" \/>\n<script type=\"application\/ld+json\" class=\"yoast-schema-graph\">{\"@context\":\"https:\/\/schema.org\",\"@graph\":[{\"@type\":\"WebPage\",\"@id\":\"https:\/\/me-remo.com\/es\/acerca-de\/\",\"url\":\"https:\/\/me-remo.com\/es\/acerca-de\/\",\"name\":\"Acerca de - REMO Mobility\",\"isPartOf\":{\"@id\":\"https:\/\/me-remo.com\/es\/#website\"},\"datePublished\":\"2025-06-30T11:05:26+00:00\",\"dateModified\":\"2025-09-10T15:52:45+00:00\",\"breadcrumb\":{\"@id\":\"https:\/\/me-remo.com\/es\/acerca-de\/#breadcrumb\"},\"inLanguage\":\"es\",\"potentialAction\":[{\"@type\":\"ReadAction\",\"target\":[\"https:\/\/me-remo.com\/es\/acerca-de\/\"]}]},{\"@type\":\"BreadcrumbList\",\"@id\":\"https:\/\/me-remo.com\/es\/acerca-de\/#breadcrumb\",\"itemListElement\":[{\"@type\":\"ListItem\",\"position\":1,\"name\":\"Home\",\"item\":\"https:\/\/me-remo.com\/es\/\"},{\"@type\":\"ListItem\",\"position\":2,\"name\":\"Acerca de\"}]},{\"@type\":\"WebSite\",\"@id\":\"https:\/\/me-remo.com\/es\/#website\",\"url\":\"https:\/\/me-remo.com\/es\/\",\"name\":\"REMO Mobility\",\"description\":\"Charging solutions for electric vehicles\",\"publisher\":{\"@id\":\"https:\/\/me-remo.com\/es\/#organization\"},\"potentialAction\":[{\"@type\":\"SearchAction\",\"target\":{\"@type\":\"EntryPoint\",\"urlTemplate\":\"https:\/\/me-remo.com\/es\/?s={search_term_string}\"},\"query-input\":{\"@type\":\"PropertyValueSpecification\",\"valueRequired\":true,\"valueName\":\"search_term_string\"}}],\"inLanguage\":\"es\"},{\"@type\":\"Organization\",\"@id\":\"https:\/\/me-remo.com\/es\/#organization\",\"name\":\"REMO Mobility\",\"url\":\"https:\/\/me-remo.com\/es\/\",\"logo\":{\"@type\":\"ImageObject\",\"inLanguage\":\"es\",\"@id\":\"https:\/\/me-remo.com\/es\/#\/schema\/logo\/image\/\",\"url\":\"http:\/\/me-remo.com\/wp-content\/uploads\/2025\/07\/REMO-Logo-Endorse-Smaller-Sizes-RGB-Yellow-scaled.png\",\"contentUrl\":\"http:\/\/me-remo.com\/wp-content\/uploads\/2025\/07\/REMO-Logo-Endorse-Smaller-Sizes-RGB-Yellow-scaled.png\",\"width\":2560,\"height\":912,\"caption\":\"REMO Mobility\"},\"image\":{\"@id\":\"https:\/\/me-remo.com\/es\/#\/schema\/logo\/image\/\"}}]}<\/script>\n<!-- \/ Yoast SEO plugin. -->","yoast_head_json":{"title":"Acerca de - REMO Mobility","robots":{"index":"index","follow":"follow","max-snippet":"max-snippet:-1","max-image-preview":"max-image-preview:large","max-video-preview":"max-video-preview:-1"},"canonical":"https:\/\/me-remo.com\/es\/acerca-de\/","og_locale":"es_ES","og_type":"article","og_title":"Acerca de - REMO Mobility","og_url":"https:\/\/me-remo.com\/es\/acerca-de\/","og_site_name":"REMO Mobility","article_modified_time":"2025-09-10T15:52:45+00:00","twitter_card":"summary_large_image","schema":{"@context":"https:\/\/schema.org","@graph":[{"@type":"WebPage","@id":"https:\/\/me-remo.com\/es\/acerca-de\/","url":"https:\/\/me-remo.com\/es\/acerca-de\/","name":"Acerca de - REMO Mobility","isPartOf":{"@id":"https:\/\/me-remo.com\/es\/#website"},"datePublished":"2025-06-30T11:05:26+00:00","dateModified":"2025-09-10T15:52:45+00:00","breadcrumb":{"@id":"https:\/\/me-remo.com\/es\/acerca-de\/#breadcrumb"},"inLanguage":"es","potentialAction":[{"@type":"ReadAction","target":["https:\/\/me-remo.com\/es\/acerca-de\/"]}]},{"@type":"BreadcrumbList","@id":"https:\/\/me-remo.com\/es\/acerca-de\/#breadcrumb","itemListElement":[{"@type":"ListItem","position":1,"name":"Home","item":"https:\/\/me-remo.com\/es\/"},{"@type":"ListItem","position":2,"name":"Acerca de"}]},{"@type":"WebSite","@id":"https:\/\/me-remo.com\/es\/#website","url":"https:\/\/me-remo.com\/es\/","name":"REMO Mobility","description":"Charging solutions for electric vehicles","publisher":{"@id":"https:\/\/me-remo.com\/es\/#organization"},"potentialAction":[{"@type":"SearchAction","target":{"@type":"EntryPoint","urlTemplate":"https:\/\/me-remo.com\/es\/?s={search_term_string}"},"query-input":{"@type":"PropertyValueSpecification","valueRequired":true,"valueName":"search_term_string"}}],"inLanguage":"es"},{"@type":"Organization","@id":"https:\/\/me-remo.com\/es\/#organization","name":"REMO Mobility","url":"https:\/\/me-remo.com\/es\/","logo":{"@type":"ImageObject","inLanguage":"es","@id":"https:\/\/me-remo.com\/es\/#\/schema\/logo\/image\/","url":"http:\/\/me-remo.com\/wp-content\/uploads\/2025\/07\/REMO-Logo-Endorse-Smaller-Sizes-RGB-Yellow-scaled.png","contentUrl":"http:\/\/me-remo.com\/wp-content\/uploads\/2025\/07\/REMO-Logo-Endorse-Smaller-Sizes-RGB-Yellow-scaled.png","width":2560,"height":912,"caption":"REMO Mobility"},"image":{"@id":"https:\/\/me-remo.com\/es\/#\/schema\/logo\/image\/"}}]}},"_links":{"self":[{"href":"https:\/\/me-remo.com\/es\/wp-json\/wp\/v2\/pages\/1175","targetHints":{"allow":["GET"]}}],"collection":[{"href":"https:\/\/me-remo.com\/es\/wp-json\/wp\/v2\/pages"}],"about":[{"href":"https:\/\/me-remo.com\/es\/wp-json\/wp\/v2\/types\/page"}],"author":[{"embeddable":true,"href":"https:\/\/me-remo.com\/es\/wp-json\/wp\/v2\/users\/2"}],"replies":[{"embeddable":true,"href":"https:\/\/me-remo.com\/es\/wp-json\/wp\/v2\/comments?post=1175"}],"version-history":[{"count":16,"href":"https:\/\/me-remo.com\/es\/wp-json\/wp\/v2\/pages\/1175\/revisions"}],"predecessor-version":[{"id":1468,"href":"https:\/\/me-remo.com\/es\/wp-json\/wp\/v2\/pages\/1175\/revisions\/1468"}],"wp:attachment":[{"href":"https:\/\/me-remo.com\/es\/wp-json\/wp\/v2\/media?parent=1175"}],"curies":[{"name":"wp","href":"https:\/\/api.w.org\/{rel}","templated":true}]}}