{"id":1168,"date":"2025-07-09T10:44:30","date_gmt":"2025-07-09T08:44:30","guid":{"rendered":"https:\/\/me-remo.com\/aviso-de-privacidad-cookies\/"},"modified":"2025-09-10T17:04:50","modified_gmt":"2025-09-10T15:04:50","slug":"aviso-de-privacidad-cookies","status":"publish","type":"page","link":"https:\/\/me-remo.com\/es\/aviso-de-privacidad-cookies\/","title":{"rendered":"Aviso de privacidad &#8211; Cookies"},"content":{"rendered":"<section\n  id=\"block_17a08d87bc3d1f87c9e45803d87e7876\"\n  class=\"c-section-header alignwide js-section-header align-default wp-block-un-blocks-section-header\">\n  <header class=\"c-section-header__header\">\n    \n          <h1 class=\"c-section-header__title c-title-1\" data-reveal>Aviso de privacidad &#8211; Cookies<\/h1>\n    \n      <\/header>\n\n  <\/section>\n\n<h2 class=\"c-title-2 wp-block-heading\"><\/h2>\n\n<h2 class=\"c-title-2 wp-block-heading\">\u00bfQu\u00e9 es un cookie?<\/h2>\n\n<p>Los cookies son peque\u00f1os archivos de texto que se almacenan en tu ordenador cuando visitas un sitio web. Estos archivos se utilizan ampliamente para que el sitio web funcione correcta y eficazmente, as\u00ed como para proporcionar informaci\u00f3n a los propietarios del sitio web.<br\/>Existen dos categor\u00edas principales de cookies: <\/p>\n\n<ul class=\"wp-block-list\">\n<li>Cookies de terceros, utilizadas por terceros a trav\u00e9s de [Empresa GME].<\/li>\n\n\n\n<li>Cookies propias, utilizadas directamente por nosotros en tu dispositivo.<\/li>\n<\/ul>\n\n<h2 class=\"c-title-2 wp-block-heading\">\u00bfC\u00f3mo se utilizan las cookies?<\/h2>\n\n<p>Los visitantes de este sitio web utilizan distintos ordenadores y navegadores web. Para simplificar al m\u00e1ximo tus visitas, se guarda autom\u00e1ticamente un registro del tipo de navegador (por ejemplo, Microsoft Edge, Google Chrome Mozilla Firefox) y sistema operativo (por ejemplo, Windows o Macintosh) utilizados, as\u00ed como el nombre de dominio de tu proveedor de servicios de Internet. <\/p>\n\n<h2 class=\"c-title-2 wp-block-heading\">\u00bfPor qu\u00e9 utilizamos cookies?<\/h2>\n\n<p>Durante una visita a nuestras p\u00e1ginas web, se pueden colocar archivos llamados \u00abCookies\u00bb en el ordenador del usuario. El uso de cookies tiene como objetivo mejorar el rendimiento de nuestras p\u00e1ginas web y maximizar tu experiencia al navegar por ellas, concretamente permitiendo una navegaci\u00f3n m\u00e1s r\u00e1pida y eficaz, eliminando la necesidad de introducir repetidamente la misma informaci\u00f3n. <\/p>\n\n<h2 class=\"c-title-2 wp-block-heading\">Gesti\u00f3n de cookies<\/h2>\n\n<p>Todos los navegadores permiten a sus usuarios aceptar, rechazar o eliminar cookies, concretamente seleccionando la configuraci\u00f3n adecuada en su navegador.<\/p>\n\n<p>Sin embargo, ten en cuenta que desactivar las cookies puede afectar parcial o totalmente a tu experiencia de navegaci\u00f3n en los Sitios Web.<\/p>\n\n<p>Puedes configurar las cookies en el men\u00fa \u00abopciones\u00bb o \u00abpreferencias\u00bb de tu navegador.<\/p>\n\n<p>Para saber m\u00e1s sobre las cookies, visita www.allaboutcookies.org. donde encontrar\u00e1s informaci\u00f3n sobre c\u00f3mo gestionar tu configuraci\u00f3n para los distintos proveedores de navegadores. <\/p>\n\n<p>Servicios web externos: a veces utilizamos servicios web externos para mostrar contenido en nuestras p\u00e1ginas. Esto nos ayuda a comprender y dirigir campa\u00f1as publicitarias m\u00e1s relevantes en el futuro. Por ejemplo, para mostrar im\u00e1genes o v\u00eddeos o para realizar encuestas. Al igual que los botones de las redes sociales, no podemos impedir la recogida de informaci\u00f3n por parte de estos sitios web o dominios externos. Si necesitas m\u00e1s informaci\u00f3n sobre nuestros proveedores o sobre c\u00f3mo funcionan estas cookies, ponte en contacto con nosotros utilizando los datos de contacto que figuran en el \u00abAviso de privacidad\u00bb.    <br\/><br\/>Para m\u00e1s informaci\u00f3n sobre las cookies y su uso, te sugerimos que consultes los siguientes enlaces: <a href=\"https:\/\/allaboutcookies.org\/\">https:\/\/allaboutcookies.org<\/a><\/p>\n\n<h2 class=\"c-title-2 wp-block-heading\">Tipos de cookies en nuestros sitios web<\/h2>\n\n<p>Este sitio web utiliza cookies que realizan funciones de [Insertar el n\u00famero total], como se menciona a continuaci\u00f3n:<\/p>\n\n<ul class=\"wp-block-list\">\n<li>Cookies estrictamente necesarias: esenciales para el funcionamiento del sitio web.<\/li>\n\n\n\n<li>Cookies anal\u00edticas: Utilizadas de forma an\u00f3nima con fines de seguimiento y an\u00e1lisis estad\u00edstico, sin recoger nunca informaci\u00f3n personal.<\/li>\n\n\n\n<li>Cookies de Funcionalidad: Nos permiten mejorar la experiencia del usuario (por ejemplo, record\u00e1ndote todos los ajustes que hayas definido previamente).<\/li>\n<\/ul>\n\n<p>La siguiente tabla proporciona una explicaci\u00f3n de las Cookies utilizadas en el sitio web de la [Empresa GME] y su finalidad:<\/p>\n\n<figure class=\"wp-block-image size-full\"><img loading=\"lazy\" decoding=\"async\" width=\"735\" height=\"183\" src=\"https:\/\/me-remo.com\/wp-content\/uploads\/2025\/07\/Remo-Cookies-1-1.webp\" alt=\"\" class=\"wp-image-891\" srcset=\"https:\/\/me-remo.com\/wp-content\/uploads\/2025\/07\/Remo-Cookies-1-1.webp 735w, https:\/\/me-remo.com\/wp-content\/uploads\/2025\/07\/Remo-Cookies-1-1-300x75.webp 300w\" sizes=\"auto, (max-width: 735px) 100vw, 735px\" \/><\/figure>\n\n<h2 class=\"c-title-2 wp-block-heading\">\u00bfSe puede bloquear el uso de cookies?<\/h2>\n\n<p>S\u00ed. Si no quieres que el sitio web almacene cookies, puedes rechazarlas o eliminarlas en cualquier momento utilizando tu navegador. Ten en cuenta que rechazar las cookies del sitio web puede afectar parcial o totalmente a tu experiencia de navegaci\u00f3n.<br\/>Para obtener m\u00e1s informaci\u00f3n sobre las cookies y sobre c\u00f3mo evitar que se instalen o c\u00f3mo eliminar las existentes en tus dispositivos, puedes visitar el siguiente sitio web: <a href=\"http:\/\/www.allaboutcookies.org.\">http:\/\/www.allaboutcookies.org<\/a>.  <br\/><br\/>Puedes encontrar informaci\u00f3n sobre el control de cookies seg\u00fan tu navegador de Internet en las siguientes direcciones:<\/p>\n\n<ul class=\"wp-block-list\">\n<li>Microsoft Edge: <a href=\"https:\/\/support.microsoft.com\/en-us\/microsoft-edge\/delete-cookies-in-microsoft-edge-%2063947406-40ac-c3b8-57b9-2a946a29ae09\">https:\/\/support.microsoft.com\/en-us\/microsoft-edge\/delete-cookies-in-microsoft-edge- 63947406-40ac-c3b8-57b9-2a946a29ae09<\/a><\/li>\n\n\n\n<li>Cromo: <a href=\"https:\/\/support.google.com\/chrome\/answer\/95647?hl=en&amp;co=GENIE.Platform%3DDesktop\">https:\/\/support.google.com\/chrome\/answer\/95647?hl=en&amp;co=GENIE.Platform%3DDesktop<\/a><\/li>\n\n\n\n<li>Firefox: <a href=\"http:\/\/support.mozilla.org\/en-US\/kb\/Clear%20Recent%20History\">http:\/\/support.mozilla.org\/en-US\/kb\/Clear%20Recent%20History<\/a><\/li>\n\n\n\n<li>Safari: <a href=\"http:\/\/support.apple.com\/kb\/PH5042\">http:\/\/support.apple.com\/kb\/PH5042<\/a><\/li>\n\n\n\n<li>\u00d3pera: <a href=\"http:\/\/www.opera.com\/browser\/tutorials\/security\/privacy\/\">http:\/\/www.opera.com\/browser\/tutorials\/security\/privacy\/<\/a><\/li>\n<\/ul>\n\n<h2 class=\"c-title-2 wp-block-heading\">Cookies que se han establecido en el pasado<\/h2>\n\n<p>La [Empresa GME] puede seguir utilizando la informaci\u00f3n recopilada antes de establecer la preferencia de cookie desactivada, aunque la [Empresa GME] ya no utilice la cookie desactivada para recopilar m\u00e1s informaci\u00f3n.<\/p>\n\n<h2 class=\"c-title-2 wp-block-heading\">Consentimiento<\/h2>\n\n<p>Al aceptar el uso de cookies, consideramos que el usuario acepta el uso de cookies para los fines indicados y de acuerdo con las condiciones contenidas en esta p\u00e1gina.  <br\/>Si, en cualquier momento, deseas retirar tu consentimiento a nuestro \u00abAviso sobre cookies\u00bb, debes eliminar las cookies almacenadas ajustando las opciones correspondientes que se encuentran en el men\u00fa \u00abHerramientas\u00bb de tu navegador.<\/p>\n\n<h2 class=\"c-title-2 wp-block-heading\">Cambios en el Aviso sobre Cookies<\/h2>\n\n<p>La [Empresa GME] se reserva el derecho, en cualquier momento, sin previo aviso y con efecto inmediato, de cambiar, a\u00f1adir, actualizar o eliminar, parcial o totalmente, esta informaci\u00f3n sobre cookies.<br\/>En consecuencia, de vez en cuando, este Aviso se actualizar\u00e1 para reflejar los cambios en nuestras pr\u00e1cticas y servicios. Cuando publiquemos cambios en este Aviso, revisaremos la fecha de \u00ab\u00daltima actualizaci\u00f3n\u00bb en la parte superior del mismo. Te recomendamos que consultes nuestro sitio web peri\u00f3dicamente para estar informado de cualquier cambio en el \u00abAviso sobre cookies\u00bb o en cualquier otro Aviso.  <\/p>\n","protected":false},"excerpt":{"rendered":"<p>\u00bfQu\u00e9 es un cookie? Los cookies son peque\u00f1os archivos de texto que se almacenan en tu ordenador cuando visitas un sitio web. Estos archivos se utilizan ampliamente para que el sitio web funcione correcta y eficazmente, as\u00ed como para proporcionar informaci\u00f3n a los propietarios del sitio web.Existen dos categor\u00edas principales de cookies: \u00bfC\u00f3mo se utilizan &hellip;<\/p>\n","protected":false},"author":2,"featured_media":0,"parent":0,"menu_order":0,"comment_status":"closed","ping_status":"closed","template":"","meta":{"_acf_changed":false,"footnotes":""},"class_list":["post-1168","page","type-page","status-publish","hentry"],"acf":[],"yoast_head":"<!-- This site is optimized with the Yoast SEO plugin v25.4 - https:\/\/yoast.com\/wordpress\/plugins\/seo\/ -->\n<title>Aviso de privacidad - Cookies - REMO Mobility<\/title>\n<meta name=\"robots\" content=\"index, follow, max-snippet:-1, max-image-preview:large, max-video-preview:-1\" \/>\n<link rel=\"canonical\" href=\"https:\/\/me-remo.com\/es\/aviso-de-privacidad-cookies\/\" \/>\n<meta property=\"og:locale\" content=\"es_ES\" \/>\n<meta property=\"og:type\" content=\"article\" \/>\n<meta property=\"og:title\" content=\"Aviso de privacidad - Cookies - REMO Mobility\" \/>\n<meta property=\"og:description\" content=\"\u00bfQu\u00e9 es un cookie? Los cookies son peque\u00f1os archivos de texto que se almacenan en tu ordenador cuando visitas un sitio web. Estos archivos se utilizan ampliamente para que el sitio web funcione correcta y eficazmente, as\u00ed como para proporcionar informaci\u00f3n a los propietarios del sitio web.Existen dos categor\u00edas principales de cookies: \u00bfC\u00f3mo se utilizan &hellip;\" \/>\n<meta property=\"og:url\" content=\"https:\/\/me-remo.com\/es\/aviso-de-privacidad-cookies\/\" \/>\n<meta property=\"og:site_name\" content=\"REMO Mobility\" \/>\n<meta property=\"article:modified_time\" content=\"2025-09-10T15:04:50+00:00\" \/>\n<meta property=\"og:image\" content=\"https:\/\/me-remo.com\/wp-content\/uploads\/2025\/07\/Remo-Cookies-1-1.webp\" \/>\n\t<meta property=\"og:image:width\" content=\"735\" \/>\n\t<meta property=\"og:image:height\" content=\"183\" \/>\n\t<meta property=\"og:image:type\" content=\"image\/webp\" \/>\n<meta name=\"twitter:card\" content=\"summary_large_image\" \/>\n<meta name=\"twitter:label1\" content=\"Tiempo de lectura\" \/>\n\t<meta name=\"twitter:data1\" content=\"4 minutos\" \/>\n<script type=\"application\/ld+json\" class=\"yoast-schema-graph\">{\"@context\":\"https:\/\/schema.org\",\"@graph\":[{\"@type\":\"WebPage\",\"@id\":\"https:\/\/me-remo.com\/es\/aviso-de-privacidad-cookies\/\",\"url\":\"https:\/\/me-remo.com\/es\/aviso-de-privacidad-cookies\/\",\"name\":\"Aviso de privacidad - Cookies - REMO Mobility\",\"isPartOf\":{\"@id\":\"https:\/\/me-remo.com\/es\/#website\"},\"primaryImageOfPage\":{\"@id\":\"https:\/\/me-remo.com\/es\/aviso-de-privacidad-cookies\/#primaryimage\"},\"image\":{\"@id\":\"https:\/\/me-remo.com\/es\/aviso-de-privacidad-cookies\/#primaryimage\"},\"thumbnailUrl\":\"https:\/\/me-remo.com\/wp-content\/uploads\/2025\/07\/Remo-Cookies-1-1.webp\",\"datePublished\":\"2025-07-09T08:44:30+00:00\",\"dateModified\":\"2025-09-10T15:04:50+00:00\",\"breadcrumb\":{\"@id\":\"https:\/\/me-remo.com\/es\/aviso-de-privacidad-cookies\/#breadcrumb\"},\"inLanguage\":\"es\",\"potentialAction\":[{\"@type\":\"ReadAction\",\"target\":[\"https:\/\/me-remo.com\/es\/aviso-de-privacidad-cookies\/\"]}]},{\"@type\":\"ImageObject\",\"inLanguage\":\"es\",\"@id\":\"https:\/\/me-remo.com\/es\/aviso-de-privacidad-cookies\/#primaryimage\",\"url\":\"https:\/\/me-remo.com\/wp-content\/uploads\/2025\/07\/Remo-Cookies-1-1.webp\",\"contentUrl\":\"https:\/\/me-remo.com\/wp-content\/uploads\/2025\/07\/Remo-Cookies-1-1.webp\"},{\"@type\":\"BreadcrumbList\",\"@id\":\"https:\/\/me-remo.com\/es\/aviso-de-privacidad-cookies\/#breadcrumb\",\"itemListElement\":[{\"@type\":\"ListItem\",\"position\":1,\"name\":\"Home\",\"item\":\"https:\/\/me-remo.com\/es\/\"},{\"@type\":\"ListItem\",\"position\":2,\"name\":\"Aviso de privacidad &#8211; Cookies\"}]},{\"@type\":\"WebSite\",\"@id\":\"https:\/\/me-remo.com\/es\/#website\",\"url\":\"https:\/\/me-remo.com\/es\/\",\"name\":\"REMO Mobility\",\"description\":\"Charging solutions for electric vehicles\",\"publisher\":{\"@id\":\"https:\/\/me-remo.com\/es\/#organization\"},\"potentialAction\":[{\"@type\":\"SearchAction\",\"target\":{\"@type\":\"EntryPoint\",\"urlTemplate\":\"https:\/\/me-remo.com\/es\/?s={search_term_string}\"},\"query-input\":{\"@type\":\"PropertyValueSpecification\",\"valueRequired\":true,\"valueName\":\"search_term_string\"}}],\"inLanguage\":\"es\"},{\"@type\":\"Organization\",\"@id\":\"https:\/\/me-remo.com\/es\/#organization\",\"name\":\"REMO Mobility\",\"url\":\"https:\/\/me-remo.com\/es\/\",\"logo\":{\"@type\":\"ImageObject\",\"inLanguage\":\"es\",\"@id\":\"https:\/\/me-remo.com\/es\/#\/schema\/logo\/image\/\",\"url\":\"http:\/\/me-remo.com\/wp-content\/uploads\/2025\/07\/REMO-Logo-Endorse-Smaller-Sizes-RGB-Yellow-scaled.png\",\"contentUrl\":\"http:\/\/me-remo.com\/wp-content\/uploads\/2025\/07\/REMO-Logo-Endorse-Smaller-Sizes-RGB-Yellow-scaled.png\",\"width\":2560,\"height\":912,\"caption\":\"REMO Mobility\"},\"image\":{\"@id\":\"https:\/\/me-remo.com\/es\/#\/schema\/logo\/image\/\"}}]}<\/script>\n<!-- \/ Yoast SEO plugin. -->","yoast_head_json":{"title":"Aviso de privacidad - Cookies - REMO Mobility","robots":{"index":"index","follow":"follow","max-snippet":"max-snippet:-1","max-image-preview":"max-image-preview:large","max-video-preview":"max-video-preview:-1"},"canonical":"https:\/\/me-remo.com\/es\/aviso-de-privacidad-cookies\/","og_locale":"es_ES","og_type":"article","og_title":"Aviso de privacidad - Cookies - REMO Mobility","og_description":"\u00bfQu\u00e9 es un cookie? Los cookies son peque\u00f1os archivos de texto que se almacenan en tu ordenador cuando visitas un sitio web. Estos archivos se utilizan ampliamente para que el sitio web funcione correcta y eficazmente, as\u00ed como para proporcionar informaci\u00f3n a los propietarios del sitio web.Existen dos categor\u00edas principales de cookies: \u00bfC\u00f3mo se utilizan &hellip;","og_url":"https:\/\/me-remo.com\/es\/aviso-de-privacidad-cookies\/","og_site_name":"REMO Mobility","article_modified_time":"2025-09-10T15:04:50+00:00","og_image":[{"width":735,"height":183,"url":"https:\/\/me-remo.com\/wp-content\/uploads\/2025\/07\/Remo-Cookies-1-1.webp","type":"image\/webp"}],"twitter_card":"summary_large_image","twitter_misc":{"Tiempo de lectura":"4 minutos"},"schema":{"@context":"https:\/\/schema.org","@graph":[{"@type":"WebPage","@id":"https:\/\/me-remo.com\/es\/aviso-de-privacidad-cookies\/","url":"https:\/\/me-remo.com\/es\/aviso-de-privacidad-cookies\/","name":"Aviso de privacidad - Cookies - REMO Mobility","isPartOf":{"@id":"https:\/\/me-remo.com\/es\/#website"},"primaryImageOfPage":{"@id":"https:\/\/me-remo.com\/es\/aviso-de-privacidad-cookies\/#primaryimage"},"image":{"@id":"https:\/\/me-remo.com\/es\/aviso-de-privacidad-cookies\/#primaryimage"},"thumbnailUrl":"https:\/\/me-remo.com\/wp-content\/uploads\/2025\/07\/Remo-Cookies-1-1.webp","datePublished":"2025-07-09T08:44:30+00:00","dateModified":"2025-09-10T15:04:50+00:00","breadcrumb":{"@id":"https:\/\/me-remo.com\/es\/aviso-de-privacidad-cookies\/#breadcrumb"},"inLanguage":"es","potentialAction":[{"@type":"ReadAction","target":["https:\/\/me-remo.com\/es\/aviso-de-privacidad-cookies\/"]}]},{"@type":"ImageObject","inLanguage":"es","@id":"https:\/\/me-remo.com\/es\/aviso-de-privacidad-cookies\/#primaryimage","url":"https:\/\/me-remo.com\/wp-content\/uploads\/2025\/07\/Remo-Cookies-1-1.webp","contentUrl":"https:\/\/me-remo.com\/wp-content\/uploads\/2025\/07\/Remo-Cookies-1-1.webp"},{"@type":"BreadcrumbList","@id":"https:\/\/me-remo.com\/es\/aviso-de-privacidad-cookies\/#breadcrumb","itemListElement":[{"@type":"ListItem","position":1,"name":"Home","item":"https:\/\/me-remo.com\/es\/"},{"@type":"ListItem","position":2,"name":"Aviso de privacidad &#8211; Cookies"}]},{"@type":"WebSite","@id":"https:\/\/me-remo.com\/es\/#website","url":"https:\/\/me-remo.com\/es\/","name":"REMO Mobility","description":"Charging solutions for electric vehicles","publisher":{"@id":"https:\/\/me-remo.com\/es\/#organization"},"potentialAction":[{"@type":"SearchAction","target":{"@type":"EntryPoint","urlTemplate":"https:\/\/me-remo.com\/es\/?s={search_term_string}"},"query-input":{"@type":"PropertyValueSpecification","valueRequired":true,"valueName":"search_term_string"}}],"inLanguage":"es"},{"@type":"Organization","@id":"https:\/\/me-remo.com\/es\/#organization","name":"REMO Mobility","url":"https:\/\/me-remo.com\/es\/","logo":{"@type":"ImageObject","inLanguage":"es","@id":"https:\/\/me-remo.com\/es\/#\/schema\/logo\/image\/","url":"http:\/\/me-remo.com\/wp-content\/uploads\/2025\/07\/REMO-Logo-Endorse-Smaller-Sizes-RGB-Yellow-scaled.png","contentUrl":"http:\/\/me-remo.com\/wp-content\/uploads\/2025\/07\/REMO-Logo-Endorse-Smaller-Sizes-RGB-Yellow-scaled.png","width":2560,"height":912,"caption":"REMO Mobility"},"image":{"@id":"https:\/\/me-remo.com\/es\/#\/schema\/logo\/image\/"}}]}},"_links":{"self":[{"href":"https:\/\/me-remo.com\/es\/wp-json\/wp\/v2\/pages\/1168","targetHints":{"allow":["GET"]}}],"collection":[{"href":"https:\/\/me-remo.com\/es\/wp-json\/wp\/v2\/pages"}],"about":[{"href":"https:\/\/me-remo.com\/es\/wp-json\/wp\/v2\/types\/page"}],"author":[{"embeddable":true,"href":"https:\/\/me-remo.com\/es\/wp-json\/wp\/v2\/users\/2"}],"replies":[{"embeddable":true,"href":"https:\/\/me-remo.com\/es\/wp-json\/wp\/v2\/comments?post=1168"}],"version-history":[{"count":8,"href":"https:\/\/me-remo.com\/es\/wp-json\/wp\/v2\/pages\/1168\/revisions"}],"predecessor-version":[{"id":1426,"href":"https:\/\/me-remo.com\/es\/wp-json\/wp\/v2\/pages\/1168\/revisions\/1426"}],"wp:attachment":[{"href":"https:\/\/me-remo.com\/es\/wp-json\/wp\/v2\/media?parent=1168"}],"curies":[{"name":"wp","href":"https:\/\/api.w.org\/{rel}","templated":true}]}}